{"id":10939,"date":"2015-04-30T20:18:16","date_gmt":"2015-04-30T18:18:16","guid":{"rendered":"http:\/\/klubmamgdynia.pl\/index.php\/produkt\/dziurkacz-ozdobny-1-6cm-kokarda-d16-69\/"},"modified":"2026-04-30T07:58:42","modified_gmt":"2026-04-30T05:58:42","slug":"dziurkacz-ozdobny-1-6cm-kokarda-d16-69","status":"publish","type":"product","link":"http:\/\/klubmamgdynia.pl\/index.php\/produkt\/dziurkacz-ozdobny-1-6cm-kokarda-d16-69\/","title":{"rendered":"Dziurkacz ozdobny 1.6cm Kokarda D16-69"},"content":{"rendered":"<p>Dziurkacz ozdobny Brewis, wykrawaj\u0105cy otw\u00f3r w kszta\u0142cie kokardy. Prosty w obs\u0142udze dziurkacz, kt\u00f3ry doskonale sprawdzi si\u0119 w dziurkowaniu papieru lub pianki. Nieoceniona pomoc przy tworzeniu kartek okoliczno\u015bciowych, ozdobnych kopert oraz r\u00f3\u017cnego rodzaju dekoracji.Model: D16-69Kszta\u0142t otworu: kokardaWielko\u015b\u0107 otworu: 1.6cm<\/p>\n<h2>Dziurkacz ozdobny 1.6cm Kokarda D16-69 Amos<\/h2>\n<p>dynie pozna\u0144, wzory zaprosze\u0144 zaproszenie na urodziny szablon do druku, p\u0142atki \u015bniegu szablon, co kupi\u0107 na roczek, maska kota, atrakcje dla dzieci wroc\u0142aw, zagadki dla starszych dzieci, opisy o rodzinie, film animowany o \u015bwi\u0119tach, natalia, buziak gify na dobranoc smieszne, prezenty na urodziny dla nastolatk\u00f3w, cytaty z ma\u0142ego ksi\u0119cia, tupu tup po \u015bniegu tekst, atrakcje dla dzieci wielkopolska, co dla rocznego dziecka, impreza halloween 2021 dla dzieci<\/p>\n<p>yyyyy<\/p>\n<p>&nbsp;<\/p>\n","protected":false},"excerpt":{"rendered":"<p>Dziurkacz ozdobny Brewis, wykrawaj\u0105cy otw\u00f3r w kszta\u0142cie kokardy. Prosty w obs\u0142udze dziurkacz, kt\u00f3ry doskonale sprawdzi si\u0119 w dziurkowaniu papieru lub pianki. Nieoceniona pomoc przy tworzeniu kartek okoliczno\u015bciowych, ozdobnych kopert oraz r\u00f3\u017cnego rodzaju dekoracji.Model: D16-69Kszta\u0142t otworu: kokardaWielko\u015b\u0107 otworu: 1.6cm Dziurkacz ozdobny 1.6cm Kokarda D16-69 Amos dynie pozna\u0144, wzory zaprosze\u0144 zaproszenie na urodziny szablon do druku, p\u0142atki [&hellip;]<\/p>\n","protected":false},"featured_media":10940,"comment_status":"closed","ping_status":"open","template":"","meta":[],"product_cat":[1898,1926],"product_tag":[863,763,642,759,788,635],"class_list":["post-10939","product","type-product","status-publish","has-post-thumbnail","hentry","product_cat-amos","product_cat-dziurkacze-i-zszywacze","product_tag-bajki-dla-dziewczynek","product_tag-fabian","product_tag-mia-imie","product_tag-pomysly-na-prezent-dla-nastolatkow","product_tag-zagadki-krotkie","product_tag-znaki-drogowe-do-druku"],"_links":{"self":[{"href":"http:\/\/klubmamgdynia.pl\/index.php\/wp-json\/wp\/v2\/product\/10939","targetHints":{"allow":["GET"]}}],"collection":[{"href":"http:\/\/klubmamgdynia.pl\/index.php\/wp-json\/wp\/v2\/product"}],"about":[{"href":"http:\/\/klubmamgdynia.pl\/index.php\/wp-json\/wp\/v2\/types\/product"}],"replies":[{"embeddable":true,"href":"http:\/\/klubmamgdynia.pl\/index.php\/wp-json\/wp\/v2\/comments?post=10939"}],"wp:featuredmedia":[{"embeddable":true,"href":"http:\/\/klubmamgdynia.pl\/index.php\/wp-json\/wp\/v2\/media\/10940"}],"wp:attachment":[{"href":"http:\/\/klubmamgdynia.pl\/index.php\/wp-json\/wp\/v2\/media?parent=10939"}],"wp:term":[{"taxonomy":"product_cat","embeddable":true,"href":"http:\/\/klubmamgdynia.pl\/index.php\/wp-json\/wp\/v2\/product_cat?post=10939"},{"taxonomy":"product_tag","embeddable":true,"href":"http:\/\/klubmamgdynia.pl\/index.php\/wp-json\/wp\/v2\/product_tag?post=10939"}],"curies":[{"name":"wp","href":"https:\/\/api.w.org\/{rel}","templated":true}]}}