{"id":1094,"date":"2014-12-17T13:13:56","date_gmt":"2014-12-17T12:13:56","guid":{"rendered":"http:\/\/klubmamgdynia.pl\/index.php\/produkt\/tactic-puzzle-1000el-impuzzlible-sequins\/"},"modified":"2026-05-01T13:12:08","modified_gmt":"2026-05-01T11:12:08","slug":"tactic-puzzle-1000el-impuzzlible-sequins","status":"publish","type":"product","link":"http:\/\/klubmamgdynia.pl\/index.php\/produkt\/tactic-puzzle-1000el-impuzzlible-sequins\/","title":{"rendered":"Tactic Puzzle 1000El. Impuzzlible Sequins"},"content":{"rendered":"<p>Wysokiej jako\u015bci puzzle (1000 element\u00f3w) dla m\u0142odzie\u017cy i doros\u0142ych.Rozmiary z\u0142o\u017conego obrazka 67&#215;48 cm NAZWA PUZZLE 1000 IMPUZZLIBLE SEQUINS PRODUCENT TACTIC WIEK 9+ ILO\u015a\u0106 ELEMENT\u00d3W 1000 EAN 6416739582832 Znajd\u017a podobne wed\u0142ug klucza: TACTIC PUZZLE PUZZLE_1000 (422217)<\/p>\n<h2>Tactic Puzzle 1000El. Impuzzlible Sequins Tactic<\/h2>\n<p>prezent na roczek dla chlopca, ma\u0142o nas do pieczenia chleba, wzory dyplom\u00f3w do pobrania, mapa europy do druku, quizy \u015bwi\u0105teczne bo\u017ce narodzenie, cytat rodzina, znaczenie imiona kinga, psi patrol zadania do druku, \u0142amig\u0142\u00f3wki dla 4 latka do druku, kolorowanki minecraft, testy katarynka, serce kolorowanka, przyjazn, everest psi patrol kolorowanka, pytania o \u015bwi\u0119ta dla dzieci, pomys\u0142 na prezent dla nastolatk\u00f3w, choinko pi\u0119kna jak las tekst, kawaly na prima aprilis, karty pracy do druku za darmo<\/p>\n<p>yyyyy<\/p>\n<p>&nbsp;<\/p>\n","protected":false},"excerpt":{"rendered":"<p>Wysokiej jako\u015bci puzzle (1000 element\u00f3w) dla m\u0142odzie\u017cy i doros\u0142ych.Rozmiary z\u0142o\u017conego obrazka 67&#215;48 cm NAZWA PUZZLE 1000 IMPUZZLIBLE SEQUINS PRODUCENT TACTIC WIEK 9+ ILO\u015a\u0106 ELEMENT\u00d3W 1000 EAN 6416739582832 Znajd\u017a podobne wed\u0142ug klucza: TACTIC PUZZLE PUZZLE_1000 (422217) Tactic Puzzle 1000El. Impuzzlible Sequins Tactic prezent na roczek dla chlopca, ma\u0142o nas do pieczenia chleba, wzory dyplom\u00f3w do pobrania, [&hellip;]<\/p>\n","protected":false},"featured_media":1095,"comment_status":"closed","ping_status":"open","template":"","meta":[],"product_cat":[90,243],"product_tag":[605,653,601,849,712],"class_list":["post-1094","product","type-product","status-publish","has-post-thumbnail","hentry","product_cat-puzzle","product_cat-tactic","product_tag-milena","product_tag-warszawa-dla-dzieci","product_tag-zagadki-co-to-jest","product_tag-zagadki-matematyczne-dla-dzieci","product_tag-zagadki-o-zwierzetach"],"_links":{"self":[{"href":"http:\/\/klubmamgdynia.pl\/index.php\/wp-json\/wp\/v2\/product\/1094","targetHints":{"allow":["GET"]}}],"collection":[{"href":"http:\/\/klubmamgdynia.pl\/index.php\/wp-json\/wp\/v2\/product"}],"about":[{"href":"http:\/\/klubmamgdynia.pl\/index.php\/wp-json\/wp\/v2\/types\/product"}],"replies":[{"embeddable":true,"href":"http:\/\/klubmamgdynia.pl\/index.php\/wp-json\/wp\/v2\/comments?post=1094"}],"wp:featuredmedia":[{"embeddable":true,"href":"http:\/\/klubmamgdynia.pl\/index.php\/wp-json\/wp\/v2\/media\/1095"}],"wp:attachment":[{"href":"http:\/\/klubmamgdynia.pl\/index.php\/wp-json\/wp\/v2\/media?parent=1094"}],"wp:term":[{"taxonomy":"product_cat","embeddable":true,"href":"http:\/\/klubmamgdynia.pl\/index.php\/wp-json\/wp\/v2\/product_cat?post=1094"},{"taxonomy":"product_tag","embeddable":true,"href":"http:\/\/klubmamgdynia.pl\/index.php\/wp-json\/wp\/v2\/product_tag?post=1094"}],"curies":[{"name":"wp","href":"https:\/\/api.w.org\/{rel}","templated":true}]}}