{"id":10945,"date":"2021-05-24T06:30:02","date_gmt":"2021-05-24T04:30:02","guid":{"rendered":"http:\/\/klubmamgdynia.pl\/index.php\/produkt\/lampka-wiszaca-frozen-kraina-lodu\/"},"modified":"2026-04-05T21:55:36","modified_gmt":"2026-04-05T19:55:36","slug":"lampka-wiszaca-frozen-kraina-lodu","status":"publish","type":"product","link":"http:\/\/klubmamgdynia.pl\/index.php\/produkt\/lampka-wiszaca-frozen-kraina-lodu\/","title":{"rendered":"Lampka Wisz\u0105ca Frozen &#8211; Kraina Lodu"},"content":{"rendered":"<p>Wisz\u0105ca lampka Frozen &#8211; Kraina Lodu. Zosta\u0142a zaprojektowana z du\u017c\u0105 dba\u0142o\u015bci\u0105 o detale z trwa\u0142ego tworzywa, w rewelacyjnym wzorze kultowej bajki. Zasilana na pr\u0105d 220V &#8211; E27 z kablem i \u017car\u00f3wk\u0105 40W max. B\u0119dzie doskona\u0142ym rozwi\u0105zaniem do dzieci\u0119cego pokoju, spodoba si\u0119 ka\u017cdemu maluchowi.Parametry:Rozmiary: 34 x 21,5 cm<\/p>\n<h2>Lampka Wisz\u0105ca Frozen &#8211; Kraina Lodu Euroswan<\/h2>\n<p>kolorowanki pokemon, maski superbohater\u00f3w do wydrukowania, quiz samochodowy, maska iron man<\/p>\n<p>yyyyy<\/p>\n<p>&nbsp;<\/p>\n","protected":false},"excerpt":{"rendered":"<p>Wisz\u0105ca lampka Frozen &#8211; Kraina Lodu. Zosta\u0142a zaprojektowana z du\u017c\u0105 dba\u0142o\u015bci\u0105 o detale z trwa\u0142ego tworzywa, w rewelacyjnym wzorze kultowej bajki. Zasilana na pr\u0105d 220V &#8211; E27 z kablem i \u017car\u00f3wk\u0105 40W max. B\u0119dzie doskona\u0142ym rozwi\u0105zaniem do dzieci\u0119cego pokoju, spodoba si\u0119 ka\u017cdemu maluchowi.Parametry:Rozmiary: 34 x 21,5 cm Lampka Wisz\u0105ca Frozen &#8211; Kraina Lodu Euroswan kolorowanki [&hellip;]<\/p>\n","protected":false},"featured_media":10946,"comment_status":"closed","ping_status":"open","template":"","meta":[],"product_cat":[1931,138],"product_tag":[817,839,854,785],"class_list":["post-10945","product","type-product","status-publish","has-post-thumbnail","hentry","product_cat-euroswan","product_cat-lampki-dzieciece","product_tag-bajka-terapeutyczna-o-emocjach","product_tag-bajki-na-dobranoc-do-czytania","product_tag-cytaty-rodzina","product_tag-prezent-dla-nastolatkow"],"_links":{"self":[{"href":"http:\/\/klubmamgdynia.pl\/index.php\/wp-json\/wp\/v2\/product\/10945","targetHints":{"allow":["GET"]}}],"collection":[{"href":"http:\/\/klubmamgdynia.pl\/index.php\/wp-json\/wp\/v2\/product"}],"about":[{"href":"http:\/\/klubmamgdynia.pl\/index.php\/wp-json\/wp\/v2\/types\/product"}],"replies":[{"embeddable":true,"href":"http:\/\/klubmamgdynia.pl\/index.php\/wp-json\/wp\/v2\/comments?post=10945"}],"wp:featuredmedia":[{"embeddable":true,"href":"http:\/\/klubmamgdynia.pl\/index.php\/wp-json\/wp\/v2\/media\/10946"}],"wp:attachment":[{"href":"http:\/\/klubmamgdynia.pl\/index.php\/wp-json\/wp\/v2\/media?parent=10945"}],"wp:term":[{"taxonomy":"product_cat","embeddable":true,"href":"http:\/\/klubmamgdynia.pl\/index.php\/wp-json\/wp\/v2\/product_cat?post=10945"},{"taxonomy":"product_tag","embeddable":true,"href":"http:\/\/klubmamgdynia.pl\/index.php\/wp-json\/wp\/v2\/product_tag?post=10945"}],"curies":[{"name":"wp","href":"https:\/\/api.w.org\/{rel}","templated":true}]}}