{"id":10947,"date":"2013-04-19T02:26:25","date_gmt":"2013-04-19T00:26:25","guid":{"rendered":"http:\/\/klubmamgdynia.pl\/index.php\/produkt\/akson-pilka-rusalka-do-zonglowania-7cm-niebieska-11329\/"},"modified":"2026-04-19T09:36:02","modified_gmt":"2026-04-19T07:36:02","slug":"akson-pilka-rusalka-do-zonglowania-7cm-niebieska-11329","status":"publish","type":"product","link":"http:\/\/klubmamgdynia.pl\/index.php\/produkt\/akson-pilka-rusalka-do-zonglowania-7cm-niebieska-11329\/","title":{"rendered":"akson Pi\u0142ka rusa\u0142ka do \u017conglowania 7cm niebieska 11329"},"content":{"rendered":"<p>Kolorowa pi\u0142ka rusa\u0142ka marki Akson to podstawowy element pedagogiki cyrku i \u015bwietny gad\u017cet w czasie wszelkie rodzaju zabaw i zaj\u0119\u0107 dydaktyczno &#8211; sportowych. Doceni\u0105 j\u0105 animatorzy i wychowawcy, przeznaczona zar\u00f3wno dla pocz\u0105tkuj\u0105cych jak i zaawansowanych \u017congler\u00f3w. Doskona\u0142a do zabaw na sali jak i na \u015bwie\u017cym powietrzu. Zosta\u0142a wykonana z tworzywa sztucznego &#8211; jest cz\u0119\u015bciowo wype\u0142niona w zwi\u0105zku z czym nie odbija si\u0119 i nie toczy po upadku, a wydaje przy tym charakterystyczny &#8222;szumi\u0105cy&#8221; d\u017awi\u0119k. Pi\u0142eczki b\u0119d\u0105 stanowi\u0107 wa\u017cny element wyposa\u017cenia ka\u017cdej plac\u00f3wki dydaktycznej, gimnastycznej i zabawowej.<\/p>\n<h2>akson Pi\u0142ka rusa\u0142ka do \u017conglowania 7cm niebieska 11329 Akson<\/h2>\n<p>karaluchy pod poduchy, w uk\u0142adzie s\u0142onecznym tekst, prezent dla nastolatka, prezent na pierwsze urodziny, zagadki dla dziewczyny, szablon choinki do wydruku, quiz o usa, atrakcje dla nastolatk\u00f3w, kuba imie, 20 pytania do lektury ma\u0142y ksi\u0105\u017c\u0119, wiosna zagadki s\u0142owne, basen dla dzieci warszawa, wierszyki na \u015bmigus dyngus, kolorowanki my little pony<\/p>\n<p>yyyyy<\/p>\n<p>&nbsp;<\/p>\n","protected":false},"excerpt":{"rendered":"<p>Kolorowa pi\u0142ka rusa\u0142ka marki Akson to podstawowy element pedagogiki cyrku i \u015bwietny gad\u017cet w czasie wszelkie rodzaju zabaw i zaj\u0119\u0107 dydaktyczno &#8211; sportowych. Doceni\u0105 j\u0105 animatorzy i wychowawcy, przeznaczona zar\u00f3wno dla pocz\u0105tkuj\u0105cych jak i zaawansowanych \u017congler\u00f3w. Doskona\u0142a do zabaw na sali jak i na \u015bwie\u017cym powietrzu. Zosta\u0142a wykonana z tworzywa sztucznego &#8211; jest cz\u0119\u015bciowo wype\u0142niona [&hellip;]<\/p>\n","protected":false},"featured_media":10948,"comment_status":"closed","ping_status":"open","template":"","meta":[],"product_cat":[1932,482],"product_tag":[750,624,774,672],"class_list":["post-10947","product","type-product","status-publish","has-post-thumbnail","hentry","product_cat-akson","product_cat-gadzety","product_tag-imie-kostek","product_tag-krotkie-zagadki","product_tag-prezent-na-roczek-nie-zabawka","product_tag-trudne-zagadki-z-odpowiedziami"],"_links":{"self":[{"href":"http:\/\/klubmamgdynia.pl\/index.php\/wp-json\/wp\/v2\/product\/10947","targetHints":{"allow":["GET"]}}],"collection":[{"href":"http:\/\/klubmamgdynia.pl\/index.php\/wp-json\/wp\/v2\/product"}],"about":[{"href":"http:\/\/klubmamgdynia.pl\/index.php\/wp-json\/wp\/v2\/types\/product"}],"replies":[{"embeddable":true,"href":"http:\/\/klubmamgdynia.pl\/index.php\/wp-json\/wp\/v2\/comments?post=10947"}],"wp:featuredmedia":[{"embeddable":true,"href":"http:\/\/klubmamgdynia.pl\/index.php\/wp-json\/wp\/v2\/media\/10948"}],"wp:attachment":[{"href":"http:\/\/klubmamgdynia.pl\/index.php\/wp-json\/wp\/v2\/media?parent=10947"}],"wp:term":[{"taxonomy":"product_cat","embeddable":true,"href":"http:\/\/klubmamgdynia.pl\/index.php\/wp-json\/wp\/v2\/product_cat?post=10947"},{"taxonomy":"product_tag","embeddable":true,"href":"http:\/\/klubmamgdynia.pl\/index.php\/wp-json\/wp\/v2\/product_tag?post=10947"}],"curies":[{"name":"wp","href":"https:\/\/api.w.org\/{rel}","templated":true}]}}