{"id":10949,"date":"2018-08-30T17:02:46","date_gmt":"2018-08-30T15:02:46","guid":{"rendered":"http:\/\/klubmamgdynia.pl\/index.php\/produkt\/javoli-fartuszek-ochronny-kuchenny-psi-patrol-sky-everest-zabawka\/"},"modified":"2026-04-30T17:49:00","modified_gmt":"2026-04-30T15:49:00","slug":"javoli-fartuszek-ochronny-kuchenny-psi-patrol-sky-everest-zabawka","status":"publish","type":"product","link":"http:\/\/klubmamgdynia.pl\/index.php\/produkt\/javoli-fartuszek-ochronny-kuchenny-psi-patrol-sky-everest-zabawka\/","title":{"rendered":"Javoli Fartuszek Ochronny Kuchenny Psi Patrol Sky Everest &#8211; Zabawka"},"content":{"rendered":"<p>Fartuszek ochronny dla dzieci z grafik\u0105 Psi Patrol &#8211; Skye &amp; EverestWykonany z trwa\u0142ego i odpornego materia\u0142u poliestru fartuszek dla Twojego dziecka z grafik\u0105 znanej i uwielbianej przez dzieci bajki Psi Patrol o dzielnych super pieskach. Grafika pisk\u00f3w Skye i Everest. Produkt w 100% licencjonowany tzn oryginalny.Gad\u017cet w skr\u00f3cie:zestaw fartuszek + czapkaodjazdowy pomys\u0142 na odjechany prezentfartuszek z regulowanym paskiem wykonany z poliestruczapeczka zapinana na rzep z poliestruprodukt licencjonowanyzestawy s\u0105 zapakowane w eleganckie opakowanierozmiar uniwersalnydla dzieci w wieku od 3 do 8 lat<\/p>\n<h2>Javoli Fartuszek Ochronny Kuchenny Psi Patrol Sky Everest &#8211; Zabawka Euroswan<\/h2>\n<p>kolorowanki konie, minionki kolorowanka, na roczek dla dziewczynki, el\u017cbieta imi\u0119<\/p>\n<p>yyyyy<\/p>\n<p>&nbsp;<\/p>\n","protected":false},"excerpt":{"rendered":"<p>Fartuszek ochronny dla dzieci z grafik\u0105 Psi Patrol &#8211; Skye &amp; EverestWykonany z trwa\u0142ego i odpornego materia\u0142u poliestru fartuszek dla Twojego dziecka z grafik\u0105 znanej i uwielbianej przez dzieci bajki Psi Patrol o dzielnych super pieskach. Grafika pisk\u00f3w Skye i Everest. Produkt w 100% licencjonowany tzn oryginalny.Gad\u017cet w skr\u00f3cie:zestaw fartuszek + czapkaodjazdowy pomys\u0142 na odjechany [&hellip;]<\/p>\n","protected":false},"featured_media":10950,"comment_status":"closed","ping_status":"open","template":"","meta":[],"product_cat":[1931,53],"product_tag":[686,688,652,698],"class_list":["post-10949","product","type-product","status-publish","has-post-thumbnail","hentry","product_cat-euroswan","product_cat-kaciki-zabaw","product_tag-co-na-roczek-dla-chlopca","product_tag-kolysanki-tekst","product_tag-otto","product_tag-zagadki-dla-przedszkolakow"],"_links":{"self":[{"href":"http:\/\/klubmamgdynia.pl\/index.php\/wp-json\/wp\/v2\/product\/10949","targetHints":{"allow":["GET"]}}],"collection":[{"href":"http:\/\/klubmamgdynia.pl\/index.php\/wp-json\/wp\/v2\/product"}],"about":[{"href":"http:\/\/klubmamgdynia.pl\/index.php\/wp-json\/wp\/v2\/types\/product"}],"replies":[{"embeddable":true,"href":"http:\/\/klubmamgdynia.pl\/index.php\/wp-json\/wp\/v2\/comments?post=10949"}],"wp:featuredmedia":[{"embeddable":true,"href":"http:\/\/klubmamgdynia.pl\/index.php\/wp-json\/wp\/v2\/media\/10950"}],"wp:attachment":[{"href":"http:\/\/klubmamgdynia.pl\/index.php\/wp-json\/wp\/v2\/media?parent=10949"}],"wp:term":[{"taxonomy":"product_cat","embeddable":true,"href":"http:\/\/klubmamgdynia.pl\/index.php\/wp-json\/wp\/v2\/product_cat?post=10949"},{"taxonomy":"product_tag","embeddable":true,"href":"http:\/\/klubmamgdynia.pl\/index.php\/wp-json\/wp\/v2\/product_tag?post=10949"}],"curies":[{"name":"wp","href":"https:\/\/api.w.org\/{rel}","templated":true}]}}