{"id":10953,"date":"2025-07-16T06:00:57","date_gmt":"2025-07-16T04:00:57","guid":{"rendered":"http:\/\/klubmamgdynia.pl\/?post_type=product&#038;p=10953"},"modified":"2026-05-17T22:46:50","modified_gmt":"2026-05-17T20:46:50","slug":"zestaw-bizuterii-i-akcesoriow-do-wlosow-14el-krai","status":"publish","type":"product","link":"http:\/\/klubmamgdynia.pl\/index.php\/produkt\/zestaw-bizuterii-i-akcesoriow-do-wlosow-14el-krai\/","title":{"rendered":"Zestaw Bi\u017cuterii I Akcesori\u00f3w Do W\u0142os\u00f3w 14El. Krai"},"content":{"rendered":"<p>Zestaw akcesori\u00f3w do w\u0142os\u00f3w z motywem Frozen, to idealny produkt na prezent dla dziewczynki . Zestaw akcesori\u00f3w do w\u0142os\u00f3w\u2022 Wymiary: 26\u00d721\u00d73,8 cm\u2022 Materia\u0142: Plastik\u2022 Zawarto\u015b\u0107: szczotka , spinki, kokardki, gumki,<\/p>\n<h2>Zestaw Bi\u017cuterii I Akcesori\u00f3w Do W\u0142os\u00f3w 14El. Krai Kids Euroswan<\/h2>\n<p>quiz flagi, przygody tomka sawyera test, zagadki dla dzieci 7-8 lat online, szlaczki do druku, quiz o wio\u015bnie, place zabaw warszawa, fajne rzeczy dla nastolatk\u00f3w, uk\u0142ad s\u0142oneczny kolorowanka, gry z pi\u0142k\u0105, piosenki dla dzieci tekst<\/p>\n<p>yyyyy<\/p>\n<p>&nbsp;<\/p>\n","protected":false},"excerpt":{"rendered":"<p>Zestaw akcesori\u00f3w do w\u0142os\u00f3w z motywem Frozen, to idealny produkt na prezent dla dziewczynki . Zestaw akcesori\u00f3w do w\u0142os\u00f3w\u2022 Wymiary: 26\u00d721\u00d73,8 cm\u2022 Materia\u0142: Plastik\u2022 Zawarto\u015b\u0107: szczotka , spinki, kokardki, gumki, Zestaw Bi\u017cuterii I Akcesori\u00f3w Do W\u0142os\u00f3w 14El. Krai Kids Euroswan quiz flagi, przygody tomka sawyera test, zagadki dla dzieci 7-8 lat online, szlaczki do druku, [&hellip;]<\/p>\n","protected":false},"featured_media":10954,"comment_status":"closed","ping_status":"open","template":"","meta":[],"product_cat":[1103,562],"product_tag":[668,792,740,713,721],"class_list":["post-10953","product","type-product","status-publish","has-post-thumbnail","hentry","product_cat-kids-euroswan","product_cat-ozdoby-do-wlosow","product_tag-atrakcje-dla-dzieci-wroclaw","product_tag-cytaty-o-mamie","product_tag-fajne-prezenty-dla-nastolatkow","product_tag-zagadki-logiczne-z-odpowiedziami","product_tag-zagadki-matematyczne"],"_links":{"self":[{"href":"http:\/\/klubmamgdynia.pl\/index.php\/wp-json\/wp\/v2\/product\/10953","targetHints":{"allow":["GET"]}}],"collection":[{"href":"http:\/\/klubmamgdynia.pl\/index.php\/wp-json\/wp\/v2\/product"}],"about":[{"href":"http:\/\/klubmamgdynia.pl\/index.php\/wp-json\/wp\/v2\/types\/product"}],"replies":[{"embeddable":true,"href":"http:\/\/klubmamgdynia.pl\/index.php\/wp-json\/wp\/v2\/comments?post=10953"}],"wp:featuredmedia":[{"embeddable":true,"href":"http:\/\/klubmamgdynia.pl\/index.php\/wp-json\/wp\/v2\/media\/10954"}],"wp:attachment":[{"href":"http:\/\/klubmamgdynia.pl\/index.php\/wp-json\/wp\/v2\/media?parent=10953"}],"wp:term":[{"taxonomy":"product_cat","embeddable":true,"href":"http:\/\/klubmamgdynia.pl\/index.php\/wp-json\/wp\/v2\/product_cat?post=10953"},{"taxonomy":"product_tag","embeddable":true,"href":"http:\/\/klubmamgdynia.pl\/index.php\/wp-json\/wp\/v2\/product_tag?post=10953"}],"curies":[{"name":"wp","href":"https:\/\/api.w.org\/{rel}","templated":true}]}}