{"id":10957,"date":"2016-01-04T13:15:00","date_gmt":"2016-01-04T12:15:00","guid":{"rendered":"http:\/\/klubmamgdynia.pl\/index.php\/produkt\/amos-uchwyt-narciarski-skilock-3-podwyzszany-srebrny\/"},"modified":"2026-05-17T22:10:44","modified_gmt":"2026-05-17T20:10:44","slug":"amos-uchwyt-narciarski-skilock-3-podwyzszany-srebrny","status":"publish","type":"product","link":"http:\/\/klubmamgdynia.pl\/index.php\/produkt\/amos-uchwyt-narciarski-skilock-3-podwyzszany-srebrny\/","title":{"rendered":"AMOS Uchwyt narciarski SKILOCK 3 podwy\u017cszany srebrny"},"content":{"rendered":"<p>Amos SKILOCK 3 wersja srebrna. Sprawdzony uchwyt narciarski pasuj\u0105cy idealnie do baga\u017cnik\u00f3w Amosa.Cecha: Opis:Producent Amos &#8211; PolskaModel SkiLock 3 SrebrnyMateria\u0142 StalMax ilo\u015b\u0107 przewo\u017conych nart 3Max ilo\u015b\u0107 przewo\u017conych snowbord\u00f3w 2D\u0142ugo\u015b\u0107 robocza na narty 35cmD\u0142ugo\u015b\u0107 ca\u0142kowita cmMocowanie do belek prostok\u0105tnych takObejmy w komplecie rozmiar 33mmMocowanie do belek owalnych z rowkiem T takGrzybki T w komplecie takZabezpieczenie na kluczyk takMo\u017cliwo\u015b\u0107 podwy\u017cszenia uchwytu tak, w komplecie podwy\u017cszenie o 25mmGrubo\u015b\u0107 gumy du\u017ca, dobrej jako\u015bciPotrzebne narz\u0119dzia do monta\u017cu takGwarancja 2 lataCertyfikaty PimotJako\u015b\u0107 wykonania bardzo dobraNasza ocena 7\/10Inne Metalowe obejmy belek stalowych, podnoszenie uchwytu naspr\u0119\u017cynie<\/p>\n<h2>AMOS Uchwyt narciarski SKILOCK 3 podwy\u017cszany srebrny Amos<\/h2>\n<p>imi\u0119 mira, molo w brze\u017anie, kuba imie, cytaty o przyja\u017ani kr\u00f3tkie, jad\u0105 jad\u0105 misie tekst, kolorowanka piesek, bajki na dobranoc dla dzieci, cyferki do druku, kiekrz, litera r do druku, szlaczki do druku, milena<\/p>\n<p>yyyyy<\/p>\n<p>&nbsp;<\/p>\n","protected":false},"excerpt":{"rendered":"<p>Amos SKILOCK 3 wersja srebrna. Sprawdzony uchwyt narciarski pasuj\u0105cy idealnie do baga\u017cnik\u00f3w Amosa.Cecha: Opis:Producent Amos &#8211; PolskaModel SkiLock 3 SrebrnyMateria\u0142 StalMax ilo\u015b\u0107 przewo\u017conych nart 3Max ilo\u015b\u0107 przewo\u017conych snowbord\u00f3w 2D\u0142ugo\u015b\u0107 robocza na narty 35cmD\u0142ugo\u015b\u0107 ca\u0142kowita cmMocowanie do belek prostok\u0105tnych takObejmy w komplecie rozmiar 33mmMocowanie do belek owalnych z rowkiem T takGrzybki T w komplecie takZabezpieczenie na [&hellip;]<\/p>\n","protected":false},"featured_media":10958,"comment_status":"closed","ping_status":"open","template":"","meta":[],"product_cat":[1898,1929],"product_tag":[668,758,720,826,601],"class_list":["post-10957","product","type-product","status-publish","has-post-thumbnail","hentry","product_cat-amos","product_cat-uchwyty-narciarskie","product_tag-atrakcje-dla-dzieci-wroclaw","product_tag-julian","product_tag-malowanki","product_tag-prezent-dla-15-latka","product_tag-zagadki-co-to-jest"],"_links":{"self":[{"href":"http:\/\/klubmamgdynia.pl\/index.php\/wp-json\/wp\/v2\/product\/10957","targetHints":{"allow":["GET"]}}],"collection":[{"href":"http:\/\/klubmamgdynia.pl\/index.php\/wp-json\/wp\/v2\/product"}],"about":[{"href":"http:\/\/klubmamgdynia.pl\/index.php\/wp-json\/wp\/v2\/types\/product"}],"replies":[{"embeddable":true,"href":"http:\/\/klubmamgdynia.pl\/index.php\/wp-json\/wp\/v2\/comments?post=10957"}],"wp:featuredmedia":[{"embeddable":true,"href":"http:\/\/klubmamgdynia.pl\/index.php\/wp-json\/wp\/v2\/media\/10958"}],"wp:attachment":[{"href":"http:\/\/klubmamgdynia.pl\/index.php\/wp-json\/wp\/v2\/media?parent=10957"}],"wp:term":[{"taxonomy":"product_cat","embeddable":true,"href":"http:\/\/klubmamgdynia.pl\/index.php\/wp-json\/wp\/v2\/product_cat?post=10957"},{"taxonomy":"product_tag","embeddable":true,"href":"http:\/\/klubmamgdynia.pl\/index.php\/wp-json\/wp\/v2\/product_tag?post=10957"}],"curies":[{"name":"wp","href":"https:\/\/api.w.org\/{rel}","templated":true}]}}