{"id":10959,"date":"2025-09-30T07:37:07","date_gmt":"2025-09-30T05:37:07","guid":{"rendered":"http:\/\/klubmamgdynia.pl\/?post_type=product&#038;p=10959"},"modified":"2026-05-02T12:47:13","modified_gmt":"2026-05-02T10:47:13","slug":"moses-zakladki-magnetyczne-koty-cass-film","status":"publish","type":"product","link":"http:\/\/klubmamgdynia.pl\/index.php\/produkt\/moses-zakladki-magnetyczne-koty-cass-film\/","title":{"rendered":"Moses Zak\u0142adki Magnetyczne Koty Cass Film"},"content":{"rendered":"<p>Pi\u0119knie ilustrowane zak\u0142adki z wystaj\u0105cymi, ozdobnymi elementami. Idealne do zaznaczania ostatnio czytanych lub ulubionych fragment\u00f3w ksi\u0105\u017cek. Doskonale sprawdzaj\u0105 si\u0119 w indeksowaniu notatek, dokument\u00f3w w biurze, w szkole i w domu. Ka\u017cdy zestaw zawiera trzy zak\u0142adki o r\u00f3\u017cnych wzorach. Rozmiar: ok 2 x 5,5 cm<\/p>\n<h2>Moses Zak\u0142adki Magnetyczne Koty Cass Film Moses<\/h2>\n<p>krok jak narysowa\u0107 konia, liwia, prezent dla dziewczynki na roczek, s\u0142owa do przyjaciela, test z tajemniczego ogrodu, psi patrol do czytania, z\u0142ote my\u015bli pedagogiczne, wroclaw atrakcje dla dzieci, trudne zagadki i odpowiedzi, cytaty dla mamy, pisanki woskiem wzory, wzruszajace cytaty o rodzinie<\/p>\n<p>yyyyy<\/p>\n<p>&nbsp;<\/p>\n","protected":false},"excerpt":{"rendered":"<p>Pi\u0119knie ilustrowane zak\u0142adki z wystaj\u0105cymi, ozdobnymi elementami. Idealne do zaznaczania ostatnio czytanych lub ulubionych fragment\u00f3w ksi\u0105\u017cek. Doskonale sprawdzaj\u0105 si\u0119 w indeksowaniu notatek, dokument\u00f3w w biurze, w szkole i w domu. Ka\u017cdy zestaw zawiera trzy zak\u0142adki o r\u00f3\u017cnych wzorach. Rozmiar: ok 2 x 5,5 cm Moses Zak\u0142adki Magnetyczne Koty Cass Film Moses krok jak narysowa\u0107 konia, [&hellip;]<\/p>\n","protected":false},"featured_media":10960,"comment_status":"closed","ping_status":"open","template":"","meta":[],"product_cat":[573,325],"product_tag":[680,677,621],"class_list":["post-10959","product","type-product","status-publish","has-post-thumbnail","hentry","product_cat-moses","product_cat-szkolne-artykuly-papiernicze","product_tag-cytaty-z-malego-ksiecia","product_tag-milosz-imie","product_tag-prezenty-roczek"],"_links":{"self":[{"href":"http:\/\/klubmamgdynia.pl\/index.php\/wp-json\/wp\/v2\/product\/10959","targetHints":{"allow":["GET"]}}],"collection":[{"href":"http:\/\/klubmamgdynia.pl\/index.php\/wp-json\/wp\/v2\/product"}],"about":[{"href":"http:\/\/klubmamgdynia.pl\/index.php\/wp-json\/wp\/v2\/types\/product"}],"replies":[{"embeddable":true,"href":"http:\/\/klubmamgdynia.pl\/index.php\/wp-json\/wp\/v2\/comments?post=10959"}],"wp:featuredmedia":[{"embeddable":true,"href":"http:\/\/klubmamgdynia.pl\/index.php\/wp-json\/wp\/v2\/media\/10960"}],"wp:attachment":[{"href":"http:\/\/klubmamgdynia.pl\/index.php\/wp-json\/wp\/v2\/media?parent=10959"}],"wp:term":[{"taxonomy":"product_cat","embeddable":true,"href":"http:\/\/klubmamgdynia.pl\/index.php\/wp-json\/wp\/v2\/product_cat?post=10959"},{"taxonomy":"product_tag","embeddable":true,"href":"http:\/\/klubmamgdynia.pl\/index.php\/wp-json\/wp\/v2\/product_tag?post=10959"}],"curies":[{"name":"wp","href":"https:\/\/api.w.org\/{rel}","templated":true}]}}