{"id":1096,"date":"2020-03-12T02:20:35","date_gmt":"2020-03-12T01:20:35","guid":{"rendered":"http:\/\/klubmamgdynia.pl\/index.php\/produkt\/sowkadesign-namiot-tipi-krolik-mleczna-kraina\/"},"modified":"2026-04-06T01:31:45","modified_gmt":"2026-04-05T23:31:45","slug":"sowkadesign-namiot-tipi-krolik-mleczna-kraina","status":"publish","type":"product","link":"http:\/\/klubmamgdynia.pl\/index.php\/produkt\/sowkadesign-namiot-tipi-krolik-mleczna-kraina\/","title":{"rendered":"Sowkadesign Namiot Tipi Kr\u00f3lik Mleczna Kraina"},"content":{"rendered":"<p>Namiot Tipi dla ma\u0142ego wodza mata poduszkiEstetycznie wykonany i bezpieczny w u\u017cyciu namiot Tipi dla ma\u0142ego wodza mata poduszki, to produkt polski, dost\u0119pny w kilku wersjach kolorystycznych \u2013 \u00e9cru, niebieskiej, szarej, r\u00f3\u017cowej lub fioletowej. To doskona\u0142e miejsce do zabawy. Wyr\u00f3b mo\u017ce znajdowa\u0107 si\u0119 w pokoju zajmowanym przez pociech\u0119. Podstawa oferowanego przez nas namiotu Tipi, posiada nast\u0119puj\u0105ce wymiary: 110 cm x 110 cm, wysoko\u015b\u0107 ca\u0142kowita to 160 cm. Drewniane kijki, tworz\u0105ce konstrukcj\u0119, maj\u0105 d\u0142ugo\u015b\u0107 175 cm.6 zalet, kt\u00f3rymi wyr\u00f3\u017cnia si\u0119 namiot tipi dla ma\u0142ego wodza mata poduszkiZastosowanie bawe\u0142ny z certyfikatem jako\u015bci.Okienko z imitacj\u0105 szyby.Drewniany stela\u017c namiotu.Mato ko\u0142derka, zapewniaj\u0105ca doskona\u0142e w\u0142a\u015bciwo\u015bci izolacyjne.Dwie poduszki w zestawie.Namiot tipi posiada stabilizator, kt\u00f3ry usztywnia ca\u0142\u0105 jego konstrukcj\u0119.Dlaczego warto kupi\u0107 namiot tipi dla ma\u0142ego wodza mata poduszki?Nowoczesny namiot Tipi, to produkt, kt\u00f3rego poszycie i mata zosta\u0142y wykonane ze starannie dobranych materia\u0142\u00f3w, przyjemnych dla sk\u00f3ry. Wyr\u00f3b dost\u0119pny w wersji g\u0142adkiej i z nadrukiem. Wszystkie bawe\u0142niane elementy mo\u017cna pra\u0107 w pralce z dodatkiem \u0142agodnych detergent\u00f3w. Oferowany namiot Tipi jest \u0142atwy do monta\u017cu i demonta\u017cu. Okienko zosta\u0142o ozdobione urocz\u0105 kokard\u0105, co podwy\u017csza walory estetyczne wyrobu.Cudowny namiot Tipi z mat\u0105 i poduszk\u0105 &#8211; wyr\u00f3b stworzony z my\u015bl\u0105 o najm\u0142odszych!<\/p>\n<h2>Sowkadesign Namiot Tipi Kr\u00f3lik Mleczna Kraina S\u00f3wka Design<\/h2>\n<p>test z dzieci z bullerbyn, zagadki typu co to jest, gry i zabawy dla dzieci, zosia samosia, trudne zagadki, kolorowanki lego ninjago, prima aprilis pomys\u0142y, god\u0142o polski do druku, kolorowe kredki tekst, bajka do czytania na dobranoc, sybilla, kolorowanki \u015bwi\u0105teczne do wydruku, karty pracy do druku za darmo, mama cytaty, kolorowanka traktor, kolorowanka kotek, mega trudne zagadki logiczne, miriam imi\u0119, anio\u0142ki w niebie pisz\u0105, atrakcje dla dzieci wielkopolska<\/p>\n<p>yyyyy<\/p>\n<p>&nbsp;<\/p>\n","protected":false},"excerpt":{"rendered":"<p>Namiot Tipi dla ma\u0142ego wodza mata poduszkiEstetycznie wykonany i bezpieczny w u\u017cyciu namiot Tipi dla ma\u0142ego wodza mata poduszki, to produkt polski, dost\u0119pny w kilku wersjach kolorystycznych \u2013 \u00e9cru, niebieskiej, szarej, r\u00f3\u017cowej lub fioletowej. To doskona\u0142e miejsce do zabawy. Wyr\u00f3b mo\u017ce znajdowa\u0107 si\u0119 w pokoju zajmowanym przez pociech\u0119. Podstawa oferowanego przez nas namiotu Tipi, posiada [&hellip;]<\/p>\n","protected":false},"featured_media":1097,"comment_status":"closed","ping_status":"open","template":"","meta":[],"product_cat":[282,288],"product_tag":[871,865,828,729,735,714],"class_list":["post-1096","product","type-product","status-publish","has-post-thumbnail","hentry","product_cat-domki-i-namioty-dla-dzieci","product_cat-sowka-design","product_tag-bajka-o-smoku-wawelskim","product_tag-cytaty-o-dzieciach","product_tag-filmy-wigilijne-dla-dzieci","product_tag-madre-bajki-dla-dzieci-do-czytania","product_tag-prezent-na-roczek-dziewczynka","product_tag-zagadki-logiczne"],"_links":{"self":[{"href":"http:\/\/klubmamgdynia.pl\/index.php\/wp-json\/wp\/v2\/product\/1096","targetHints":{"allow":["GET"]}}],"collection":[{"href":"http:\/\/klubmamgdynia.pl\/index.php\/wp-json\/wp\/v2\/product"}],"about":[{"href":"http:\/\/klubmamgdynia.pl\/index.php\/wp-json\/wp\/v2\/types\/product"}],"replies":[{"embeddable":true,"href":"http:\/\/klubmamgdynia.pl\/index.php\/wp-json\/wp\/v2\/comments?post=1096"}],"wp:featuredmedia":[{"embeddable":true,"href":"http:\/\/klubmamgdynia.pl\/index.php\/wp-json\/wp\/v2\/media\/1097"}],"wp:attachment":[{"href":"http:\/\/klubmamgdynia.pl\/index.php\/wp-json\/wp\/v2\/media?parent=1096"}],"wp:term":[{"taxonomy":"product_cat","embeddable":true,"href":"http:\/\/klubmamgdynia.pl\/index.php\/wp-json\/wp\/v2\/product_cat?post=1096"},{"taxonomy":"product_tag","embeddable":true,"href":"http:\/\/klubmamgdynia.pl\/index.php\/wp-json\/wp\/v2\/product_tag?post=1096"}],"curies":[{"name":"wp","href":"https:\/\/api.w.org\/{rel}","templated":true}]}}