{"id":10965,"date":"2010-11-16T09:06:01","date_gmt":"2010-11-16T08:06:01","guid":{"rendered":"http:\/\/klubmamgdynia.pl\/index.php\/produkt\/amos-bagaznik-dachowy-do-mercedes-w168-c169-w202-w203\/"},"modified":"2026-04-28T06:27:23","modified_gmt":"2026-04-28T04:27:23","slug":"amos-bagaznik-dachowy-do-mercedes-w168-c169-w202-w203","status":"publish","type":"product","link":"http:\/\/klubmamgdynia.pl\/index.php\/produkt\/amos-bagaznik-dachowy-do-mercedes-w168-c169-w202-w203\/","title":{"rendered":"Amos Baga\u017cnik Dachowy Do Mercedes W168 C169 W202 W203"},"content":{"rendered":"<p>BAGA\u017bNIK BAZOWY D-1 NA BELKACH STALOWYCHBaga\u017cnik bazowy Amos Dromader D-1 posiada szerokie zastosowanie. Jak sama nazwa wskazuje, stanowi on tzw. \u201ebaz\u0119\u201d, na kt\u00f3r\u0105 montowane s\u0105 mi\u0119dzy innymi uchwyty rowerowe, boxy dachowe, uchwyty na narty oraz wiele innych. Dzi\u0119ki niemu w prosty spos\u00f3b pozb\u0119dziesz si\u0119 problemu braku miejsca w standardowym baga\u017cniku samochodowym.Baga\u017cnik dachowy bazowy sk\u0142ada si\u0119 z 2 solidnych stalowych belek oraz 4 uchwyt\u00f3w (tzw. \u0142ap) Dromader D-1, kt\u00f3re dopasowane s\u0105 do typu dachu auta oraz do jego modelu i generacji.Produkowane przez polsk\u0105 firm\u0119 Amos baga\u017cniki s\u0105 wyj\u0105tkowo trwa\u0142e i charakteryzuj\u0105 si\u0119 atrakcyjnym wzornictwem.Uchwyty Dromader D-1 produkowane s\u0105 zgodnie z najwy\u017cszymi standardami bezpiecze\u0144stwa i uzyska\u0142y atest T\u00dcV.MONTA\u017b I KONSERWACJAInstalacja produktu uzale\u017cniona jest od rodzaju dachu auta oraz od wybranego modelu baga\u017cnika- do ka\u017cdego zestawu do\u0142\u0105czona jest instrukcja monta\u017cu. Po zdj\u0119ciu baga\u017cnika z dachu auta nale\u017cy wyczy\u015bci\u0107 go na mokro, osuszy\u0107 oraz przesmarowa\u0107 elementy z\u0142\u0105czne.Uwaga: je\u015bli samoch\u00f3d posiada szklany dach (np. szyberdach lub panoramiczny), uchwyty monta\u017cowe musz\u0105 znajdowa\u0107 si\u0119 poza przeszklon\u0105 powierzchni\u0105 dachu.ZESTAW ZAWIERA:2 belki stalowe otwarte (pokryte czarnym tworzywem PCV). Szeroko\u015b\u0107: 32 mm, d\u0142ugo\u015b\u0107: 1,3 m4 \u0142apy (uchwyty) DROMADER STANDARD D-1 \u2013 do dach\u00f3w standardowych bez fabrycznych element\u00f3w monta\u017cowych \u2013 mocowanie za rant dachu, no\u015bno\u015b\u0107 70 kg (lub wg zalece\u0144 producenta samochodu).Na innej naszej aukcji mo\u017cna zakupi\u0107 os\u0142onki zabezpieczaj\u0105ce z zamkami. Nale\u017cy wpisa\u0107 &#8222;Zestaw Plus&#8221;Baga\u017cnik pasuje wed\u0142ug katalogu do:MARKA, MODEL:NADWOZIE, SPOS\u00d3B MONTA\u017bU, DRZWI, ROKMERCEDES BENZ, 190:(W201) Sedan, normalny dach, 4, 83-92MERCEDES BENZ, 200-500:(W124) Sedan, normalny dach, 4, 85-89(W124) Kombi, normalny dach, 5, 85-95(W124) Sedan, normalny dach, 4, 90-95MERCEDES BENZ, A-klasa:(W168) Hatchback, normalny dach, 5, 98-00(W168) Hatchback, normalny dach, 5, 01-04(C169) Hatchback, normalny dach, 3, 05-12(W169) Hatchback, normalny dach, 5, 05-12MERCEDES BENZ, C-klasa:(W202) Sedan, normalny dach, 4, 93-99(S202) Kombi, normalny dach, 5, 93-99(W203) Sedan, normalny dach, 4, 00-03(C203) Coupe, normalny dach, 3, 01-06(W203) Sedan, normalny dach, 4, 04-06MERCEDES BENZ, CLC:(CL203) Coupe, normalny dach, 2, 08-11MERCEDES BENZ, CLK:(W208) Coupe, normalny dach, 2, 97-02MERCEDES BENZ, E-klasa:(W210) Sedan, normalny dach, 4, 95-01(W211) Sedan, normalny dach, 4, 02-09<\/p>\n<h2>Amos Baga\u017cnik Dachowy Do Mercedes W168 C169 W202 W203 Amos<\/h2>\n<p>krzy\u017c\u00f3wki dla dzieci, piosenka przyjed\u017a do nas miko\u0142aju, zagadki na inteligencje, bo\u017ce narodzenie (film), zrobi\u0107 laurk\u0119 laurka dla babci, flagi \u015bwiata quiz, zadania logiczne dla dzieci, wiersze o wio\u015bnie jana brzechwy, dary jesieni kolorowanki jesie\u0144, obrazki do druku<\/p>\n<p>yyyyy<\/p>\n<p>&nbsp;<\/p>\n","protected":false},"excerpt":{"rendered":"<p>BAGA\u017bNIK BAZOWY D-1 NA BELKACH STALOWYCHBaga\u017cnik bazowy Amos Dromader D-1 posiada szerokie zastosowanie. Jak sama nazwa wskazuje, stanowi on tzw. \u201ebaz\u0119\u201d, na kt\u00f3r\u0105 montowane s\u0105 mi\u0119dzy innymi uchwyty rowerowe, boxy dachowe, uchwyty na narty oraz wiele innych. Dzi\u0119ki niemu w prosty spos\u00f3b pozb\u0119dziesz si\u0119 problemu braku miejsca w standardowym baga\u017cniku samochodowym.Baga\u017cnik dachowy bazowy sk\u0142ada si\u0119 [&hellip;]<\/p>\n","protected":false},"featured_media":10966,"comment_status":"closed","ping_status":"open","template":"","meta":[],"product_cat":[1898,1925],"product_tag":[863,867,858,769],"class_list":["post-10965","product","type-product","status-publish","has-post-thumbnail","hentry","product_cat-amos","product_cat-bagazniki-bazowe","product_tag-bajki-dla-dziewczynek","product_tag-kolorowanki-dla-dziewczynek","product_tag-podchwytliwe-zagadki","product_tag-psi-patrol-do-czytania"],"_links":{"self":[{"href":"http:\/\/klubmamgdynia.pl\/index.php\/wp-json\/wp\/v2\/product\/10965","targetHints":{"allow":["GET"]}}],"collection":[{"href":"http:\/\/klubmamgdynia.pl\/index.php\/wp-json\/wp\/v2\/product"}],"about":[{"href":"http:\/\/klubmamgdynia.pl\/index.php\/wp-json\/wp\/v2\/types\/product"}],"replies":[{"embeddable":true,"href":"http:\/\/klubmamgdynia.pl\/index.php\/wp-json\/wp\/v2\/comments?post=10965"}],"wp:featuredmedia":[{"embeddable":true,"href":"http:\/\/klubmamgdynia.pl\/index.php\/wp-json\/wp\/v2\/media\/10966"}],"wp:attachment":[{"href":"http:\/\/klubmamgdynia.pl\/index.php\/wp-json\/wp\/v2\/media?parent=10965"}],"wp:term":[{"taxonomy":"product_cat","embeddable":true,"href":"http:\/\/klubmamgdynia.pl\/index.php\/wp-json\/wp\/v2\/product_cat?post=10965"},{"taxonomy":"product_tag","embeddable":true,"href":"http:\/\/klubmamgdynia.pl\/index.php\/wp-json\/wp\/v2\/product_tag?post=10965"}],"curies":[{"name":"wp","href":"https:\/\/api.w.org\/{rel}","templated":true}]}}