{"id":10967,"date":"2015-11-15T15:19:36","date_gmt":"2015-11-15T14:19:36","guid":{"rendered":"http:\/\/klubmamgdynia.pl\/index.php\/produkt\/trefl-magic-pen-disney-auta-01604\/"},"modified":"2026-04-26T02:27:54","modified_gmt":"2026-04-26T00:27:54","slug":"trefl-magic-pen-disney-auta-01604","status":"publish","type":"product","link":"http:\/\/klubmamgdynia.pl\/index.php\/produkt\/trefl-magic-pen-disney-auta-01604\/","title":{"rendered":"Trefl Magic Pen Disney Auta 01604"},"content":{"rendered":"<p>Trefl Magic Pen Disney Auta 01604Ekscytuj\u0105ca gra, kt\u00f3ra rozwija spostrzegawczo\u015b\u0107 i wyobra\u017ani\u0119. Gra sk\u0142ada si\u0119 z 32 zagadek i magicznego pisaka. W zestawie znajduje si\u0119 r\u00f3wnie\u017c gra planszowa. Gracze b\u0119d\u0105 musieli sprawdzi\u0107, ile razy na obrazku ukry\u0142 si\u0119 Zygzak McQueen, czy na kracie wi\u0119cej razy pojawia si\u0119 Cruz czy Z\u0142omek albo kt\u00f3ry z bohater\u00f3w wygra wy\u015bcig.                            <\/p>\n<p>                     Sprawd\u017a inne gry Trefl:<\/p>\n<p>            Trefl 5 Sekund Junior 01781<\/p>\n<p>                        od<br \/>\n                            58,84<br \/>\n                            z\u0142<\/p>\n<p>            Opinia od U\u017cytkownik Ceneo2019-12-02<\/p>\n<p>                Bardzo sympatyczna , energetyczna gra dla dzieci ,<br \/>\nDo wykorzystania podczas spotka\u0144 rodzinnych , ale r\u00f3wnie\u017c na zaj\u0119ciach lekcyjnych.<\/p>\n<p>            Trefl Tajemnicze Podziemia 02305<\/p>\n<p>                        od<br \/>\n                            50,82<br \/>\n                            z\u0142<\/p>\n<p>            Opinia od Khalim2016-08-12<\/p>\n<p>                Bardzo szybka i przyjemna gra. Banalne zasady. Jedyne co martwi, to odrobin\u0119 zbyt cienki papier na kt\u00f3rym wydrukowane s\u0105 kolejne plansze. <\/p>\n<p>            Trefl 5 Sekund Bez Cenzury 01559<\/p>\n<p>                        od<br \/>\n                            39,49<br \/>\n                            z\u0142<\/p>\n<p>            Opinia od Jacek2018-12-20<\/p>\n<p>                Mia\u0142em ju\u017c zwyk\u0142e 5 sekund &#8211; bardzo podoba\u0142a mi si\u0119 forma rozgrywki &#8211; przede wszystkim ze wzgl\u0119du na dynamiczno\u015b\u0107. Dla znajomych na kolejne 18te urodziny sprawi\u0142em w\u0142a\u015bnie edycj\u0119 bez cenzury. Pomys\u0142 trafi\u0142 si\u0119 strza\u0142em w 10tk\u0119. Gra wci\u0105\u017c ma dynamiczn\u0105 form\u0119 znan\u0105 z podstawowej wersji, a tematycznie &#8211; idealnie nadaje si\u0119 na zakrapiane&#8230;<\/p>\n<p>            Trefl Kolejka 01228<\/p>\n<p>                        od<br \/>\n                            69,90<br \/>\n                            z\u0142<\/p>\n<p>            Opinia od U\u017cytkownik Ceneo2014-01-06<\/p>\n<p>                Gra dla ka\u017cdego, dla m\u0142odych &#8211; mog\u0105 dowiedzie\u0107 si\u0119 czego\u015b o tym jak si\u0119 \u017cy\u0142o za czas\u00f3w siermi\u0119\u017cnego PRLu, o ile graj\u0105 z kim\u015b kto to jeszcze pami\u0119ta, i dla starszych &#8211;  gra o\u017cywia wspomnienia &#8211; kolejki, braki w zaopatrzeniu, przepychanki w kolejkach, listy spo\u0142eczne, kupowanie czasem &#8222;co jest&#8221; z nadziej\u0105, \u017ce potem wymieni si\u0119 na &#8222;co jest bardziej&#8230;<\/p>\n<p>            Trefl 5 sekund Harry Potter 02242<\/p>\n<p>                        od<br \/>\n                            65,99<br \/>\n                            z\u0142<\/p>\n<p>            Opinia od t&#8230;72022-09-05<\/p>\n<p>                Bardzo fajna gra dla fan\u00f3w Harrego Pottera. Dobrze wydane pieni\u0105dze na ciekaw\u0105 gr\u0119.<\/p>\n<p>            Trefl Anty-Monopoly 01511<\/p>\n<p>                        od<br \/>\n                            59,30<br \/>\n                            z\u0142<\/p>\n<p>            Opinia od Maajka932018-03-22<\/p>\n<p>                Ciekawe podej\u015bcie do standardowego Monopoly. Dzieje si\u0119, przez co rozgrywka nie nudzi tak szybko.<\/p>\n<p>            Trefl 5 Sekund 01778<\/p>\n<p>                        od<br \/>\n                            59,82<br \/>\n                            z\u0142<\/p>\n<p>            Opinia od Kasia2018-12-13<\/p>\n<p>                Bardzo fajna gra. Dzieciaki graj\u0105 bardo ch\u0119tnie. Ciekawe pytania. Wbrew pozorom, nawet na \u0142atwe pytania, poprawnej odpowiedzi mo\u017cna nie udzieli\u0107 (5 sekund to ma\u0142o czasu na zebranie my\u015bli i podanie poprawnych odpowiedzi). Gra dla du\u017cych i ma\u0142ych. \u015awietny prezent na \u015bwi\u0119ta czy urodziny. <\/p>\n<p>            Trefl Disney Kraina Lodu 2 Boom Boom 01754<\/p>\n<p>                        od<br \/>\n                            75,89<br \/>\n                            z\u0142<\/p>\n<p>            Opinia od a&#8230;52020-12-08<\/p>\n<p>                Super zabawa dla ka\u017cdego i ma\u0142ego i duzego<\/p>\n<p>            Trefl Ego Love 01481<\/p>\n<p>                        od<br \/>\n                            63,77<br \/>\n                            z\u0142<\/p>\n<p>            Opinia od Chodor1012019-10-02<\/p>\n<p>                Kupione jako prezent dla znajomej, bardzo si\u0119 jej spodoba\u0142o cho\u0107 gra jak wszystkie inne wersje ego jest do\u015bc prosta<\/p>\n<p>            Trefl 5 Sekund Junior 01779<\/p>\n<p>                        od<br \/>\n                            54,99<br \/>\n                            z\u0142<\/p>\n<p>            Opinia od An&#8230;2015-12-21<\/p>\n<p>                Gra \u015bwietna. Mia\u0142am okazj\u0119 gra\u0107 w wersj\u0119 podstawow\u0105 i by\u0142a to wspania\u0142a zabawa. Du\u017co \u015bmiechu, ale przede wszystkim pobudzenie my\u015blenia i utrzymywanie koncentracji. Zdecydowa\u0142am si\u0119 na zakup wersji junior, ze wzgl\u0119du na \u0142atwiejsze has\u0142a, poniewa\u017c gra ma by\u0107 z przeznaczeniem dla dzieci w podstaw\u00f3wce. Na pewno b\u0119dzie s\u0142u\u017cy\u0142a jako dobra rozrywka.<\/p>\n<p>            Trefl Chi\u0144czyk Rodzina Treflik\u00f3w 01679<\/p>\n<p>                        od<br \/>\n                            13,66<br \/>\n                            z\u0142<\/p>\n<p>            Opinia od m&#8230;a2022-01-10<\/p>\n<p>                Moim dzieciakom bardzo si\u0119 podoba, jednak my\u015bla\u0142am \u017ce plansza b\u0119dzie troszk\u0119 wi\u0119ksz\u0105 <\/p>\n<p>            Trefl Boom Boom \u015amierdziaki 01910<\/p>\n<p>                        od<br \/>\n                            36,17<br \/>\n                            z\u0142<\/p>\n<p>            Opinia od Magdalena2022-01-01<\/p>\n<p>                Ocen\u0119 wystawiam na podstawie tego co przekaza\u0142a mi mama dziecka, kt\u00f3re dosta\u0142o gr\u0119: &#8222;gra od Ciebie to hit, budzi mnie z samego rana, \u017ceby z nim gra\u0107&#8221;. Ch\u0142opiec ma 7 lat. <\/p>\n<p>            Trefl Kopalnie Skarb\u00f3w 1829<\/p>\n<p>                        od<br \/>\n                            52,00<br \/>\n                            z\u0142<\/p>\n<p>            Opinia od U\u017cytkownik Ceneo2020-08-30<\/p>\n<p>                Spoks<\/p>\n<p>            Trefl Planeta Nomino 01370<\/p>\n<p>                        od<br \/>\n                            69,93<br \/>\n                            z\u0142<\/p>\n<p>            Opinia od U\u017cytkownik Ceneo2016-12-02<\/p>\n<p>                Gra przypominaj\u0105ca nam Dixit, dla wi\u0119kszej ilo\u015bci graczy, nadaj\u0105ca si\u0119 na imprezy, z interesuj\u0105c\u0105 opraw\u0105 graficzn\u0105, tw\u00f3rcy znakomitej Kolejki. Moja recenzja na mlodygiercownik.blog.pl gdzie ka\u017cdego dnia opisuj\u0119 inn\u0105 gr\u0119, klocki lub zabawk\u0119 kreatywn\u0105 &#8211; zapraszam i polecam ten produkt!<\/p>\n<p>            Trefl Serio? 02234<\/p>\n<p>                        od<br \/>\n                            41,99<br \/>\n                            z\u0142<\/p>\n<p>            Opinia od k&#8230;22022-09-28<\/p>\n<p>                \u015awietna gra do poznawania lepiej swoich znajomych \ud83d\ude42<\/p>\n<p>            Trefl Psi Patrol Skoczki 01904<\/p>\n<p>                        od<br \/>\n                            32,98<br \/>\n                            z\u0142<\/p>\n<p>            Opinia od danula252021-04-10<\/p>\n<p>                kolorowe, wykonanie estetyczne, dzieci ch\u0119tnie graj\u0105<\/p>\n<p>            Trefl Mistakos 01367<\/p>\n<p>                        od<br \/>\n                            37,99<br \/>\n                            z\u0142<\/p>\n<p>            Opinia od Anna2018-09-28<\/p>\n<p>                Szybka i zabawna rozgrywka, dzieci ze swoimi ma\u0142ymi d\u0142o\u0144mi maj\u0105 nawet pewn\u0105 przewag\u0119 nad doros\u0142ymi, a poza tym krzese\u0142ka s\u0105 w wolnych chwilach&#8230; wyposa\u017ceniem kina dla lalek. \u0141adne wykonanie i opakowanie. Krzese\u0142ka maj\u0105, czego wcze\u015bniej na zdj\u0119ciach nie zauwa\u017cy\u0142am, r\u00f3\u017cnego kszta\u0142tu perforacje w siedzonkach i oparciach, mo\u017cna dobra\u0107 odpowiednie&#8230;<\/p>\n<p>            Trefl 20 sekund Challenge 01934<\/p>\n<p>                        od<br \/>\n                            68,99<br \/>\n                            z\u0142<\/p>\n<p>            Opinia od a&#8230;k2022-01-04<\/p>\n<p>                Super zabawa polecam<\/p>\n<p>            Trefl Colour Brain. My\u015bl Kolorem! 01668<\/p>\n<p>                        od<br \/>\n                            32,99<br \/>\n                            z\u0142<\/p>\n<p>            Opinia od Ewa2019-12-13<\/p>\n<p>                Czekam na zam\u00f3wienie<\/p>\n<p>            Trefl Przeprowadzka z Rodzin\u0105 Treflik\u00f3w 02071<\/p>\n<p>                        od<br \/>\n                            34,99<br \/>\n                            z\u0142<\/p>\n<p>            Opinia od i&#8230;y2021-11-27<\/p>\n<p>                Polecam <\/p>\n<p>            Trefl Chi\u0144czyk Deluxe 01666<\/p>\n<p>                        od<br \/>\n                            40,87<br \/>\n                            z\u0142<\/p>\n<p>            Opinia od U\u017cytkownik Ceneo2020-05-14<\/p>\n<p>                Szybko i bardzo sprawnie. Fajna gra:)<\/p>\n<p>            Trefl Bananagrams 01525<\/p>\n<p>                        od<br \/>\n                            54,99<br \/>\n                            z\u0142<\/p>\n<p>            Opinia od M&#8230;a2018-01-19<\/p>\n<p>                Gra zawiera 144 p\u0142ytki z literami (w tym 15 polskich),zasuwane opakowanie w kszta\u0142cie banana-w kt\u00f3rym s\u0105 schowane p\u0142ytki oraz instrukcja.Bardzo fajna gra s\u0142owna dla os\u00f3b,kt\u00f3re nie lubi\u0105 mie\u0107 ogranicze\u0144 planszowych.Mo\u017cna uk\u0142ada\u0107 samemu,mo\u017cna gra\u0107 w towarzystwie.Dobry pomys\u0142 na prezent dla dzieci w wieku szkolnym.Polecam<\/p>\n<p>            Trefl Logo 01712<\/p>\n<p>                        od<br \/>\n                            27,90<br \/>\n                            z\u0142<\/p>\n<p>            Opinia od Malycrx2019-12-12<\/p>\n<p>                Dobra gra<\/p>\n<p>            Trefl 5 Sekund 01780<\/p>\n<p>                        od<br \/>\n                            58,84<br \/>\n                            z\u0142<\/p>\n<p>            Opinia od zofiix2017-09-17<\/p>\n<p>                Bardzo dobra gra, jednak pytania z dw\u00f3ch stron s\u0105 bardzo zr\u00f3\u017cnicowane poziomem trudno\u015bci (z jednej strony pytania o 3 zwierz\u0119ta a z drugiej o 3 znanych kolarzy itp), wi\u0119c graj\u0105c z dzie\u0107mi trzeba da\u0107 troch\u0119 tzw, for\u00f3w, \u017ceby nie rozegra\u0107 ca\u0142ej partii na \u0142atwych pytaniach w ci\u0105gu dw\u00f3ch okr\u0105\u017ce\u0144, a pociechy mia\u0142y wi\u0119cej zabawy. W ka\u017cdym razie&#8230;<\/p>\n<p>            Trefl Chi\u0144czyk Ludo 2w1 Psi Patrol Paw Patrol<\/p>\n<p>                        od<br \/>\n                            27,44<br \/>\n                            z\u0142<\/p>\n<p>            Opinia od U\u017cytkownik Ceneo2020-03-21<\/p>\n<p>                Na tej planszy mo\u017cna w sumie gra\u0107 w dwie gry, jedna z nich to oczywi\u015bcie chi\u0144czyk. Dodatkowo oprawa graficzna powoduje \u017ce synkowi tym bardziej si\u0119 podoba ! Gra \u0142adnie wykonana, wszystko zgodnie z zam\u00f3wieniem.<\/p>\n<p>            Trefl Gigamon<\/p>\n<p>                        od<br \/>\n                            33,90<br \/>\n                            z\u0142<\/p>\n<p>            Opinia od Zibu2017-09-17<\/p>\n<p>                Gra bazuje na mechanice memo. Jest prost\u0105 i szybk\u0105 gr\u0105, a zarazem do\u015b\u0107 grywaln\u0105. Dzieci j\u0105 bardzo lubi\u0105 i podoba im si\u0119 zbieranie Gigamon\u00f3w.<\/p>\n<p>            Trefl Po prostu P 02287<\/p>\n<p>                        od<br \/>\n                            59,99<br \/>\n                            z\u0142<\/p>\n<p>            Opinia od bk kur2022-04-21<\/p>\n<p>                Bardzo interesuj\u0105ca i pouczaj\u0105ca gra.<\/p>\n<p>            Trefl Santiago 02304<\/p>\n<p>                        od<br \/>\n                            82,99<br \/>\n                            z\u0142<\/p>\n<p>            Opinia od Jaros\u0142aw2016-06-14<\/p>\n<p>                Sympatyczna, szybka gra planszowa. Minusem jest \u017ce wymaga minimum trzech graczy. Zasady do wyt\u0142umaczenia w 2-3 minuty.<\/p>\n<p>            Trefl Dikti 02078<\/p>\n<p>                        od<br \/>\n                            63,02<br \/>\n                            z\u0142<\/p>\n<p>            Opinia od U\u017cytkownik Ceneo2021-11-16<\/p>\n<p>                Mietek. Dikti to nowo\u015b\u0107 w\u015br\u00f3d gier Trefla. Polega na stworzeniu s\u0142\u00f3w zaczynaj\u0105cych si\u0119 od liter przedstawionych na kartach, kt\u00f3re dodatkowo pasuj\u0105 do konkretnych kategorii. Tu trzeba dzia\u0142a\u0107 b\u0142yskawicznie. III.<\/p>\n<h2>Trefl Magic Pen Disney Auta 01604 Trefl<\/h2>\n<p>quiz o minecraft, myszka minnie kolorowanka, zagadki rymowanki dla dzieci, ksi\u0105\u017cka dla dzieci online, co kupi\u0107 na roczek dla dziewczynki, warszawa dla dzieci, cookie dough przepis<\/p>\n<p>yyyyy<\/p>\n<p>&nbsp;<\/p>\n","protected":false},"excerpt":{"rendered":"<p>Trefl Magic Pen Disney Auta 01604Ekscytuj\u0105ca gra, kt\u00f3ra rozwija spostrzegawczo\u015b\u0107 i wyobra\u017ani\u0119. Gra sk\u0142ada si\u0119 z 32 zagadek i magicznego pisaka. W zestawie znajduje si\u0119 r\u00f3wnie\u017c gra planszowa. Gracze b\u0119d\u0105 musieli sprawdzi\u0107, ile razy na obrazku ukry\u0142 si\u0119 Zygzak McQueen, czy na kracie wi\u0119cej razy pojawia si\u0119 Cruz czy Z\u0142omek albo kt\u00f3ry z bohater\u00f3w wygra [&hellip;]<\/p>\n","protected":false},"featured_media":10968,"comment_status":"closed","ping_status":"open","template":"","meta":[],"product_cat":[130,104],"product_tag":[864,598,722,786,665,597],"class_list":["post-10967","product","type-product","status-publish","has-post-thumbnail","hentry","product_cat-gry-dzieciece","product_cat-trefl","product_tag-basen-warszawa","product_tag-co-na-roczek-dla-dziewczynki","product_tag-cytaty-o-przyjazni","product_tag-prezent-na-1-urodziny","product_tag-proste-zagadki","product_tag-zagadki-o-zimie"],"_links":{"self":[{"href":"http:\/\/klubmamgdynia.pl\/index.php\/wp-json\/wp\/v2\/product\/10967","targetHints":{"allow":["GET"]}}],"collection":[{"href":"http:\/\/klubmamgdynia.pl\/index.php\/wp-json\/wp\/v2\/product"}],"about":[{"href":"http:\/\/klubmamgdynia.pl\/index.php\/wp-json\/wp\/v2\/types\/product"}],"replies":[{"embeddable":true,"href":"http:\/\/klubmamgdynia.pl\/index.php\/wp-json\/wp\/v2\/comments?post=10967"}],"wp:featuredmedia":[{"embeddable":true,"href":"http:\/\/klubmamgdynia.pl\/index.php\/wp-json\/wp\/v2\/media\/10968"}],"wp:attachment":[{"href":"http:\/\/klubmamgdynia.pl\/index.php\/wp-json\/wp\/v2\/media?parent=10967"}],"wp:term":[{"taxonomy":"product_cat","embeddable":true,"href":"http:\/\/klubmamgdynia.pl\/index.php\/wp-json\/wp\/v2\/product_cat?post=10967"},{"taxonomy":"product_tag","embeddable":true,"href":"http:\/\/klubmamgdynia.pl\/index.php\/wp-json\/wp\/v2\/product_tag?post=10967"}],"curies":[{"name":"wp","href":"https:\/\/api.w.org\/{rel}","templated":true}]}}