{"id":10969,"date":"2017-01-07T17:24:37","date_gmt":"2017-01-07T16:24:37","guid":{"rendered":"http:\/\/klubmamgdynia.pl\/index.php\/produkt\/amos-bis-lapy-dromader-d6\/"},"modified":"2026-05-17T23:04:33","modified_gmt":"2026-05-17T21:04:33","slug":"amos-bis-lapy-dromader-d6","status":"publish","type":"product","link":"http:\/\/klubmamgdynia.pl\/index.php\/produkt\/amos-bis-lapy-dromader-d6\/","title":{"rendered":"Amos-Bis \u0141APY DROMADER D6"},"content":{"rendered":"<p>BAGA\u017bNIK BAZOWY AMOS DROMADER STAL.Baga\u017cnik Amos Dromader Stal. przeznaczony do samochod\u00f3w marki Lancia Delta,Y10,ThemaCechy u\u017cytkowe produktu:Kompletny i wst\u0119pnie zmontowany baga\u017cnik w kt\u00f3rego sk\u0142ad wchodz\u0105 stalowe belki o prostok\u0105tnym profilu.Szeroko\u015b\u0107 belek wynosi 32 mm.Istnieje mo\u017cliwo\u015b\u0107 dokupienia zamk\u00f3w.Monta\u017c baga\u017cnika wykonuje si\u0119 przez uchwycenie za kraw\u0119d\u017a dachu samochodu.Baga\u017cnik posiada certyfikat TUVDecyzj\u0119 dotycz\u0105c\u0105 rocznika i modelu auta prosz\u0119 przed zakupem skonsultowa\u0107 ze sprzedawc\u0105.PRZY ZAKUPIE DOKONANYM W SKLEPIE I P\u0141ATNO\u015aCI GOT\u00d3WK\u0104 MONTA\u017b GRATIS !!!<\/p>\n<h2>Amos-Bis \u0141APY DROMADER D6 Amos<\/h2>\n<p>quizy ma\u0142y ksi\u0105\u017c\u0119, henryk, milan znaczenie imienia, kr\u00f3tkie cytaty o mamie, zagadki dla dzieci 5 lat, zabawki na roczek, \u0142amig\u0142\u00f3wki do druku, miko\u0142ajek sprawdzian z lektury z odpowiedziami<\/p>\n<p>yyyyy<\/p>\n<p>&nbsp;<\/p>\n","protected":false},"excerpt":{"rendered":"<p>BAGA\u017bNIK BAZOWY AMOS DROMADER STAL.Baga\u017cnik Amos Dromader Stal. przeznaczony do samochod\u00f3w marki Lancia Delta,Y10,ThemaCechy u\u017cytkowe produktu:Kompletny i wst\u0119pnie zmontowany baga\u017cnik w kt\u00f3rego sk\u0142ad wchodz\u0105 stalowe belki o prostok\u0105tnym profilu.Szeroko\u015b\u0107 belek wynosi 32 mm.Istnieje mo\u017cliwo\u015b\u0107 dokupienia zamk\u00f3w.Monta\u017c baga\u017cnika wykonuje si\u0119 przez uchwycenie za kraw\u0119d\u017a dachu samochodu.Baga\u017cnik posiada certyfikat TUVDecyzj\u0119 dotycz\u0105c\u0105 rocznika i modelu auta prosz\u0119 przed [&hellip;]<\/p>\n","protected":false},"featured_media":10970,"comment_status":"closed","ping_status":"open","template":"","meta":[],"product_cat":[1933,1898],"product_tag":[859,696,604],"class_list":["post-10969","product","type-product","status-publish","has-post-thumbnail","hentry","product_cat-akcesoria-do-bagaznikow","product_cat-amos","product_tag-dobranoc-pchly-na-noc","product_tag-film-rodzinny-o-swietach","product_tag-zagadki-trudne"],"_links":{"self":[{"href":"http:\/\/klubmamgdynia.pl\/index.php\/wp-json\/wp\/v2\/product\/10969","targetHints":{"allow":["GET"]}}],"collection":[{"href":"http:\/\/klubmamgdynia.pl\/index.php\/wp-json\/wp\/v2\/product"}],"about":[{"href":"http:\/\/klubmamgdynia.pl\/index.php\/wp-json\/wp\/v2\/types\/product"}],"replies":[{"embeddable":true,"href":"http:\/\/klubmamgdynia.pl\/index.php\/wp-json\/wp\/v2\/comments?post=10969"}],"wp:featuredmedia":[{"embeddable":true,"href":"http:\/\/klubmamgdynia.pl\/index.php\/wp-json\/wp\/v2\/media\/10970"}],"wp:attachment":[{"href":"http:\/\/klubmamgdynia.pl\/index.php\/wp-json\/wp\/v2\/media?parent=10969"}],"wp:term":[{"taxonomy":"product_cat","embeddable":true,"href":"http:\/\/klubmamgdynia.pl\/index.php\/wp-json\/wp\/v2\/product_cat?post=10969"},{"taxonomy":"product_tag","embeddable":true,"href":"http:\/\/klubmamgdynia.pl\/index.php\/wp-json\/wp\/v2\/product_tag?post=10969"}],"curies":[{"name":"wp","href":"https:\/\/api.w.org\/{rel}","templated":true}]}}