{"id":10971,"date":"2024-01-08T11:35:53","date_gmt":"2024-01-08T10:35:53","guid":{"rendered":"http:\/\/klubmamgdynia.pl\/?post_type=product&#038;p=10971"},"modified":"2026-04-20T14:13:28","modified_gmt":"2026-04-20T12:13:28","slug":"strigo-magiczna-plastelina-wrazliwa-na-cieplo-pomaranczowo-zolta","status":"publish","type":"product","link":"http:\/\/klubmamgdynia.pl\/index.php\/produkt\/strigo-magiczna-plastelina-wrazliwa-na-cieplo-pomaranczowo-zolta\/","title":{"rendered":"Strigo Magiczna Plastelina Wra\u017cliwa Na Ciep\u0142o Pomara\u0144czowo \u017b\u00f3\u0142ta"},"content":{"rendered":"<p>Plastelina posiadaj\u0105ca magiczne w\u0142a\u015bciwo\u015bci. Mo\u017cesz formowa\u0107 z niej dowolne kszta\u0142ty, a tak\u017ce odbija\u0107 j\u0105 jak pi\u0142k\u0119, rozci\u0105ga\u0107 jak gum\u0119, rozrywa\u0107 jak papier i zmienia\u0107 jej kolor za pomoc\u0105 ciep\u0142a.Jest to kreatywna zabawka dla ka\u017cdego, niezale\u017cnie od wieku. Edukuje, rozwija wyobra\u017ani\u0119 i dzia\u0142a antystresowo. Uwaga! Gad\u017cet, kt\u00f3ry uzale\u017cnia! :)Ostrze\u017cenie: nie nadaje si\u0119 dla dzieci w wieku poni\u017cej 3 lat. Istnieje niebezpiecze\u0144stwo po\u0142kni\u0119cia ma\u0142ych element\u00f3w. Nie pozostawia\u0107 w d\u0142u\u017cszym kontakcie z tekstyliami, plastelina wch\u0142ania si\u0119 i jest ci\u0119\u017cka do usuni\u0119cia. Plastelina jest nietoksyczna.<\/p>\n<h2>Strigo Magiczna Plastelina Wra\u017cliwa Na Ciep\u0142o Pomara\u0144czowo \u017b\u00f3\u0142ta Pilot<\/h2>\n<p>przeczytaj mi wiersz, szablony do wyklejania plastelin\u0105, zabawki dla dziewczynki na roczek, kolorowanka super zings, \u015bwinka peppa do czytania, zdrowe przepisy dla dzieci, jak narysowa\u0107 kr\u00f3lika, quizy znaki drogowe, bajki dla dzieci czytane, atrakcje dla dzieci warszawa i okolice, uk\u0142ad s\u0142oneczny dla dzieci do druku, zagadki dla dzieci do druku, kolorowanki ninjago, laurka kolorowanki na dzie\u0144 mamy, dyplomy dla dzieci do druku<\/p>\n<p>yyyyy<\/p>\n<p>&nbsp;<\/p>\n","protected":false},"excerpt":{"rendered":"<p>Plastelina posiadaj\u0105ca magiczne w\u0142a\u015bciwo\u015bci. Mo\u017cesz formowa\u0107 z niej dowolne kszta\u0142ty, a tak\u017ce odbija\u0107 j\u0105 jak pi\u0142k\u0119, rozci\u0105ga\u0107 jak gum\u0119, rozrywa\u0107 jak papier i zmienia\u0107 jej kolor za pomoc\u0105 ciep\u0142a.Jest to kreatywna zabawka dla ka\u017cdego, niezale\u017cnie od wieku. Edukuje, rozwija wyobra\u017ani\u0119 i dzia\u0142a antystresowo. Uwaga! Gad\u017cet, kt\u00f3ry uzale\u017cnia! :)Ostrze\u017cenie: nie nadaje si\u0119 dla dzieci w wieku [&hellip;]<\/p>\n","protected":false},"featured_media":10972,"comment_status":"closed","ping_status":"open","template":"","meta":[],"product_cat":[1513,21],"product_tag":[837,856,774,783,840],"class_list":["post-10971","product","type-product","status-publish","has-post-thumbnail","hentry","product_cat-pilot","product_cat-zabawki-plastyczne","product_tag-cicha-noc-po-angielsku","product_tag-prezent-dla-16-latki","product_tag-prezent-na-roczek-nie-zabawka","product_tag-prezenty-na-roczek-dla-chlopca","product_tag-stare-bajki"],"_links":{"self":[{"href":"http:\/\/klubmamgdynia.pl\/index.php\/wp-json\/wp\/v2\/product\/10971","targetHints":{"allow":["GET"]}}],"collection":[{"href":"http:\/\/klubmamgdynia.pl\/index.php\/wp-json\/wp\/v2\/product"}],"about":[{"href":"http:\/\/klubmamgdynia.pl\/index.php\/wp-json\/wp\/v2\/types\/product"}],"replies":[{"embeddable":true,"href":"http:\/\/klubmamgdynia.pl\/index.php\/wp-json\/wp\/v2\/comments?post=10971"}],"wp:featuredmedia":[{"embeddable":true,"href":"http:\/\/klubmamgdynia.pl\/index.php\/wp-json\/wp\/v2\/media\/10972"}],"wp:attachment":[{"href":"http:\/\/klubmamgdynia.pl\/index.php\/wp-json\/wp\/v2\/media?parent=10971"}],"wp:term":[{"taxonomy":"product_cat","embeddable":true,"href":"http:\/\/klubmamgdynia.pl\/index.php\/wp-json\/wp\/v2\/product_cat?post=10971"},{"taxonomy":"product_tag","embeddable":true,"href":"http:\/\/klubmamgdynia.pl\/index.php\/wp-json\/wp\/v2\/product_tag?post=10971"}],"curies":[{"name":"wp","href":"https:\/\/api.w.org\/{rel}","templated":true}]}}