{"id":10973,"date":"2021-02-03T00:57:48","date_gmt":"2021-02-02T23:57:48","guid":{"rendered":"http:\/\/klubmamgdynia.pl\/index.php\/produkt\/djeco-zestaw-z-masa-plastyczna-groszki-3-6lat\/"},"modified":"2026-05-02T17:22:23","modified_gmt":"2026-05-02T15:22:23","slug":"djeco-zestaw-z-masa-plastyczna-groszki-3-6lat","status":"publish","type":"product","link":"http:\/\/klubmamgdynia.pl\/index.php\/produkt\/djeco-zestaw-z-masa-plastyczna-groszki-3-6lat\/","title":{"rendered":"Djeco Zestaw Z Mas\u0105 Plastyczn\u0105 Groszki 3-6lat"},"content":{"rendered":"<p>Dzi\u0119ki temu zestawowi Mali Arty\u015bci b\u0119d\u0105 mogli rozwija\u0107 sw\u00f3j talent plastyczny oraz wyobra\u017ani\u0119.Masa jest mi\u0119kka, elastyczna, nie kruszy si\u0119, zamkni\u0119ta w opakowaniu nie wysycha.Jest bezpieczna i nietoksyczna.Ju\u017c najm\u0142odsze Maluchy mog\u0105 pr\u00f3bowa\u0107 swoich si\u0142 w lepieniu.ZESTAW ZAWIERA:- 4 karty z obrazkami do udekorowania wielokrotnego u\u017cytku- 6 pojemnik\u00f3w z mas\u0105 plastyczn\u0105- 1 plastikowe narz\u0119dzie, instrukcj\u0119 obrazkow\u0105 krok po krokuWYMIARY OPAKOWANIA: 23,5 x 23 x 6 cmWYMIARY KARTY: 21 x 21 cmWAGA MASY: 25 gramWIEK: od 3 latZestaw jest nowy, zapakowany w kartonik.<\/p>\n<h2>Djeco Zestaw Z Mas\u0105 Plastyczn\u0105 Groszki 3-6lat Djeco<\/h2>\n<p>wiosna zagadki s\u0142owne, test z lektury opowie\u015bci z narnii lew czarownica i stara szafa, kolorowanki lol, jak zrobi\u0107 samolot z papieru, quiz zemsta, nowe quizy do rozwi\u0105zania, sta\u0142a pod \u015bniegiem, tabliczka mno\u017cenia zadania do druku, t\u0119cza kolorowanka, serce origami, kolorowanki kotka, szablon choinki do wydruku, prezent dla 15 latki<\/p>\n<p>yyyyy<\/p>\n<p>&nbsp;<\/p>\n","protected":false},"excerpt":{"rendered":"<p>Dzi\u0119ki temu zestawowi Mali Arty\u015bci b\u0119d\u0105 mogli rozwija\u0107 sw\u00f3j talent plastyczny oraz wyobra\u017ani\u0119.Masa jest mi\u0119kka, elastyczna, nie kruszy si\u0119, zamkni\u0119ta w opakowaniu nie wysycha.Jest bezpieczna i nietoksyczna.Ju\u017c najm\u0142odsze Maluchy mog\u0105 pr\u00f3bowa\u0107 swoich si\u0142 w lepieniu.ZESTAW ZAWIERA:- 4 karty z obrazkami do udekorowania wielokrotnego u\u017cytku- 6 pojemnik\u00f3w z mas\u0105 plastyczn\u0105- 1 plastikowe narz\u0119dzie, instrukcj\u0119 obrazkow\u0105 krok [&hellip;]<\/p>\n","protected":false},"featured_media":10974,"comment_status":"closed","ping_status":"open","template":"","meta":[],"product_cat":[434,21],"product_tag":[799,812,597,577],"class_list":["post-10973","product","type-product","status-publish","has-post-thumbnail","hentry","product_cat-djeco","product_cat-zabawki-plastyczne","product_tag-zagadka-logiczna","product_tag-zagadki-logiczne-na-inteligencje","product_tag-zagadki-o-zimie","product_tag-znaki-drogowe-test"],"_links":{"self":[{"href":"http:\/\/klubmamgdynia.pl\/index.php\/wp-json\/wp\/v2\/product\/10973","targetHints":{"allow":["GET"]}}],"collection":[{"href":"http:\/\/klubmamgdynia.pl\/index.php\/wp-json\/wp\/v2\/product"}],"about":[{"href":"http:\/\/klubmamgdynia.pl\/index.php\/wp-json\/wp\/v2\/types\/product"}],"replies":[{"embeddable":true,"href":"http:\/\/klubmamgdynia.pl\/index.php\/wp-json\/wp\/v2\/comments?post=10973"}],"wp:featuredmedia":[{"embeddable":true,"href":"http:\/\/klubmamgdynia.pl\/index.php\/wp-json\/wp\/v2\/media\/10974"}],"wp:attachment":[{"href":"http:\/\/klubmamgdynia.pl\/index.php\/wp-json\/wp\/v2\/media?parent=10973"}],"wp:term":[{"taxonomy":"product_cat","embeddable":true,"href":"http:\/\/klubmamgdynia.pl\/index.php\/wp-json\/wp\/v2\/product_cat?post=10973"},{"taxonomy":"product_tag","embeddable":true,"href":"http:\/\/klubmamgdynia.pl\/index.php\/wp-json\/wp\/v2\/product_tag?post=10973"}],"curies":[{"name":"wp","href":"https:\/\/api.w.org\/{rel}","templated":true}]}}