{"id":10975,"date":"2014-04-17T08:49:35","date_gmt":"2014-04-17T06:49:35","guid":{"rendered":"http:\/\/klubmamgdynia.pl\/index.php\/produkt\/amos-bagaznik-dachowy-do-suzuki-grand-vitara-1998-2004\/"},"modified":"2026-05-17T22:24:38","modified_gmt":"2026-05-17T20:24:38","slug":"amos-bagaznik-dachowy-do-suzuki-grand-vitara-1998-2004","status":"publish","type":"product","link":"http:\/\/klubmamgdynia.pl\/index.php\/produkt\/amos-bagaznik-dachowy-do-suzuki-grand-vitara-1998-2004\/","title":{"rendered":"AMOS BAGA\u017bNIK DACHOWY DO SUZUKI GRAND VITARA 1998-2004"},"content":{"rendered":"<p>Baga\u017cnik dachowy do Dacia Duster Suv 5d 2010-2013<\/p>\n<h2>AMOS BAGA\u017bNIK DACHOWY DO SUZUKI GRAND VITARA 1998-2004 Amos<\/h2>\n<p>mira imie, zagadki dla dzieci 7-8 lat, iwo imie, liwia, kolorowanki pokemon do druku, pomys\u0142 na prezent dla nastolatka, stare piosenki, marcel imi\u0119, kawaly na prima aprilis, zagadki logiczne z odpowiedziami, zagadki dla ma\u0142ych dzieci, choinka z bibu\u0142y<\/p>\n<p>yyyyy<\/p>\n<p>&nbsp;<\/p>\n","protected":false},"excerpt":{"rendered":"<p>Baga\u017cnik dachowy do Dacia Duster Suv 5d 2010-2013 AMOS BAGA\u017bNIK DACHOWY DO SUZUKI GRAND VITARA 1998-2004 Amos mira imie, zagadki dla dzieci 7-8 lat, iwo imie, liwia, kolorowanki pokemon do druku, pomys\u0142 na prezent dla nastolatka, stare piosenki, marcel imi\u0119, kawaly na prima aprilis, zagadki logiczne z odpowiedziami, zagadki dla ma\u0142ych dzieci, choinka z bibu\u0142y [&hellip;]<\/p>\n","protected":false},"featured_media":10976,"comment_status":"closed","ping_status":"open","template":"","meta":[],"product_cat":[1898,1925],"product_tag":[859,622,593,644,640,620],"class_list":["post-10975","product","type-product","status-publish","has-post-thumbnail","hentry","product_cat-amos","product_cat-bagazniki-bazowe","product_tag-dobranoc-pchly-na-noc","product_tag-fajne-zagadki","product_tag-jak-narysowac-konia","product_tag-mia","product_tag-prezent-dla-rocznej-dziewczynki","product_tag-quiz-opowiesci-z-narnii"],"_links":{"self":[{"href":"http:\/\/klubmamgdynia.pl\/index.php\/wp-json\/wp\/v2\/product\/10975","targetHints":{"allow":["GET"]}}],"collection":[{"href":"http:\/\/klubmamgdynia.pl\/index.php\/wp-json\/wp\/v2\/product"}],"about":[{"href":"http:\/\/klubmamgdynia.pl\/index.php\/wp-json\/wp\/v2\/types\/product"}],"replies":[{"embeddable":true,"href":"http:\/\/klubmamgdynia.pl\/index.php\/wp-json\/wp\/v2\/comments?post=10975"}],"wp:featuredmedia":[{"embeddable":true,"href":"http:\/\/klubmamgdynia.pl\/index.php\/wp-json\/wp\/v2\/media\/10976"}],"wp:attachment":[{"href":"http:\/\/klubmamgdynia.pl\/index.php\/wp-json\/wp\/v2\/media?parent=10975"}],"wp:term":[{"taxonomy":"product_cat","embeddable":true,"href":"http:\/\/klubmamgdynia.pl\/index.php\/wp-json\/wp\/v2\/product_cat?post=10975"},{"taxonomy":"product_tag","embeddable":true,"href":"http:\/\/klubmamgdynia.pl\/index.php\/wp-json\/wp\/v2\/product_tag?post=10975"}],"curies":[{"name":"wp","href":"https:\/\/api.w.org\/{rel}","templated":true}]}}