{"id":10977,"date":"2020-02-25T23:17:44","date_gmt":"2020-02-25T22:17:44","guid":{"rendered":"http:\/\/klubmamgdynia.pl\/index.php\/produkt\/amos-brelok-witrazowy-tropical-fish\/"},"modified":"2026-04-07T10:47:04","modified_gmt":"2026-04-07T08:47:04","slug":"amos-brelok-witrazowy-tropical-fish","status":"publish","type":"product","link":"http:\/\/klubmamgdynia.pl\/index.php\/produkt\/amos-brelok-witrazowy-tropical-fish\/","title":{"rendered":"Amos Brelok Witra\u017cowy Tropical Fish"},"content":{"rendered":"<p>Autor:ISBN:EAN: 8802946510917Wydawnictwo: AmosWydanie: blister,Strony:witra\u017ce-breloki przeznaczone do samodzielnego wykonaniaobszary wewn\u0105trz wzoru wype\u0142ni\u0107 farbami Glass Deco, u\u0142o\u017cy\u0107 pokolorowane witra\u017ce na r\u00f3wnej powierzchni i pozostawi\u0107 do wyschni\u0119ciagotowe<\/p>\n<h2>Amos Brelok Witra\u017cowy Tropical Fish Amos<\/h2>\n<p>zagadki logiczne dla dzieci, nauczyciel cytaty, kolorowanka pikachu, jak narysowa\u0107 konia, a \u015bpij kochanie, cytat dla mamy, wystawy dla dzieci warszawa, trudne zagadki dla doros\u0142ych, kr\u00f3tkie bajki do czytania, pa\u0144stwa miasta wz\u00f3r, \u015bmieszne zagadki dla dzieci 10 lat, co mo\u017cna zrobi\u0107 z rolki papieru<\/p>\n<p>yyyyy<\/p>\n<p>&nbsp;<\/p>\n","protected":false},"excerpt":{"rendered":"<p>Autor:ISBN:EAN: 8802946510917Wydawnictwo: AmosWydanie: blister,Strony:witra\u017ce-breloki przeznaczone do samodzielnego wykonaniaobszary wewn\u0105trz wzoru wype\u0142ni\u0107 farbami Glass Deco, u\u0142o\u017cy\u0107 pokolorowane witra\u017ce na r\u00f3wnej powierzchni i pozostawi\u0107 do wyschni\u0119ciagotowe Amos Brelok Witra\u017cowy Tropical Fish Amos zagadki logiczne dla dzieci, nauczyciel cytaty, kolorowanka pikachu, jak narysowa\u0107 konia, a \u015bpij kochanie, cytat dla mamy, wystawy dla dzieci warszawa, trudne zagadki dla doros\u0142ych, [&hellip;]<\/p>\n","protected":false},"featured_media":10978,"comment_status":"closed","ping_status":"open","template":"","meta":[],"product_cat":[1898,325],"product_tag":[859,842,630,602,628,800],"class_list":["post-10977","product","type-product","status-publish","has-post-thumbnail","hentry","product_cat-amos","product_cat-szkolne-artykuly-papiernicze","product_tag-dobranoc-pchly-na-noc","product_tag-plac-zabaw-poznan","product_tag-podchwytliwe-zagadki-z-odpowiedziami","product_tag-quiz-o-zwierzetach-domowych","product_tag-zagadka","product_tag-zagadki-smieszne"],"_links":{"self":[{"href":"http:\/\/klubmamgdynia.pl\/index.php\/wp-json\/wp\/v2\/product\/10977","targetHints":{"allow":["GET"]}}],"collection":[{"href":"http:\/\/klubmamgdynia.pl\/index.php\/wp-json\/wp\/v2\/product"}],"about":[{"href":"http:\/\/klubmamgdynia.pl\/index.php\/wp-json\/wp\/v2\/types\/product"}],"replies":[{"embeddable":true,"href":"http:\/\/klubmamgdynia.pl\/index.php\/wp-json\/wp\/v2\/comments?post=10977"}],"wp:featuredmedia":[{"embeddable":true,"href":"http:\/\/klubmamgdynia.pl\/index.php\/wp-json\/wp\/v2\/media\/10978"}],"wp:attachment":[{"href":"http:\/\/klubmamgdynia.pl\/index.php\/wp-json\/wp\/v2\/media?parent=10977"}],"wp:term":[{"taxonomy":"product_cat","embeddable":true,"href":"http:\/\/klubmamgdynia.pl\/index.php\/wp-json\/wp\/v2\/product_cat?post=10977"},{"taxonomy":"product_tag","embeddable":true,"href":"http:\/\/klubmamgdynia.pl\/index.php\/wp-json\/wp\/v2\/product_tag?post=10977"}],"curies":[{"name":"wp","href":"https:\/\/api.w.org\/{rel}","templated":true}]}}