{"id":10979,"date":"2022-03-01T01:01:47","date_gmt":"2022-03-01T00:01:47","guid":{"rendered":"http:\/\/klubmamgdynia.pl\/index.php\/produkt\/tima-blyszczaca-masa-plastyczna-slime-glut-brokat-kolor\/"},"modified":"2026-05-17T22:24:17","modified_gmt":"2026-05-17T20:24:17","slug":"tima-blyszczaca-masa-plastyczna-slime-glut-brokat-kolor","status":"publish","type":"product","link":"http:\/\/klubmamgdynia.pl\/index.php\/produkt\/tima-blyszczaca-masa-plastyczna-slime-glut-brokat-kolor\/","title":{"rendered":"Tima B\u0142yszcz\u0105ca Masa Plastyczna Slime Glut Brokat Kolor"},"content":{"rendered":"<p>B\u0142yszcz\u0105ca masa plastyczna &#8211; 12 sztukMasa Plastyczna Kolorowa masa plastyczna to prawdziwa gratka dla dzieci, kt\u00f3re uwielbiaj\u0105 kreatywn\u0105 zabaw\u0119. Dzi\u0119ki ciekawej konsystencji produkt dostarczy wiele fascynuj\u0105cej zabawy przez wiele godzin.Po wyci\u0105gni\u0119ciu z pude\u0142kamokrej, p\u00f3\u0142p\u0142ynnej masy, przekonasz si\u0119, \u017ce jest onami\u0142a w dotyku, a w dodatku nie brudzi!Kolorowy glutek mieni si\u0119, dzi\u0119ki dodanemu do niejbrokatowi. Zabawka slime \u015bwietnie sprawdzi si\u0119 jako gnieciuch, kt\u00f3ry pozwoli Twojemu maluszkowi na relaks.Idealnie nadaje si\u0119 do zgniatania, ugniatania, \u015bciskania a tak\u017ce do rozrywania.Cechy produktu:nie brudzi rozci\u0105gliwa mokra p\u00f3\u0142p\u0142ynna masa z brokatem Slime dost\u0119pny w wersji multikolor.Cena za 1 box.Wiek:3+Wysoko\u015b\u0107 pude\u0142ka:9,5 cm<\/p>\n<h2>Tima B\u0142yszcz\u0105ca Masa Plastyczna Slime Glut Brokat Kolor Tima<\/h2>\n<p>quiz o hejka tu lenka, flagi pa\u0144stw quiz, zagadki dla dziewczyny, \u0142\u00f3d\u017a atrakcje dla dzieci, kolorowanki super zings, kotki do druku, \u015bmigus dyngus wiersz dla dzieci, lucyna, leon imi\u0119, prezent dla 7 latka ch\u0142opca, karnawa\u0142 maska karnawa\u0142owa szablon, ignacy znaczenie imienia<\/p>\n<p>yyyyy<\/p>\n<p>&nbsp;<\/p>\n","protected":false},"excerpt":{"rendered":"<p>B\u0142yszcz\u0105ca masa plastyczna &#8211; 12 sztukMasa Plastyczna Kolorowa masa plastyczna to prawdziwa gratka dla dzieci, kt\u00f3re uwielbiaj\u0105 kreatywn\u0105 zabaw\u0119. Dzi\u0119ki ciekawej konsystencji produkt dostarczy wiele fascynuj\u0105cej zabawy przez wiele godzin.Po wyci\u0105gni\u0119ciu z pude\u0142kamokrej, p\u00f3\u0142p\u0142ynnej masy, przekonasz si\u0119, \u017ce jest onami\u0142a w dotyku, a w dodatku nie brudzi!Kolorowy glutek mieni si\u0119, dzi\u0119ki dodanemu do niejbrokatowi. Zabawka [&hellip;]<\/p>\n","protected":false},"featured_media":10980,"comment_status":"closed","ping_status":"open","template":"","meta":[],"product_cat":[1915,21],"product_tag":[839,720,632,708],"class_list":["post-10979","product","type-product","status-publish","has-post-thumbnail","hentry","product_cat-tima","product_cat-zabawki-plastyczne","product_tag-bajki-na-dobranoc-do-czytania","product_tag-malowanki","product_tag-warszawa-atrakcje-dla-mlodziezy","product_tag-zabawy-ruchowe-dla-dzieci"],"_links":{"self":[{"href":"http:\/\/klubmamgdynia.pl\/index.php\/wp-json\/wp\/v2\/product\/10979","targetHints":{"allow":["GET"]}}],"collection":[{"href":"http:\/\/klubmamgdynia.pl\/index.php\/wp-json\/wp\/v2\/product"}],"about":[{"href":"http:\/\/klubmamgdynia.pl\/index.php\/wp-json\/wp\/v2\/types\/product"}],"replies":[{"embeddable":true,"href":"http:\/\/klubmamgdynia.pl\/index.php\/wp-json\/wp\/v2\/comments?post=10979"}],"wp:featuredmedia":[{"embeddable":true,"href":"http:\/\/klubmamgdynia.pl\/index.php\/wp-json\/wp\/v2\/media\/10980"}],"wp:attachment":[{"href":"http:\/\/klubmamgdynia.pl\/index.php\/wp-json\/wp\/v2\/media?parent=10979"}],"wp:term":[{"taxonomy":"product_cat","embeddable":true,"href":"http:\/\/klubmamgdynia.pl\/index.php\/wp-json\/wp\/v2\/product_cat?post=10979"},{"taxonomy":"product_tag","embeddable":true,"href":"http:\/\/klubmamgdynia.pl\/index.php\/wp-json\/wp\/v2\/product_tag?post=10979"}],"curies":[{"name":"wp","href":"https:\/\/api.w.org\/{rel}","templated":true}]}}