{"id":10981,"date":"2012-01-31T04:40:40","date_gmt":"2012-01-31T03:40:40","guid":{"rendered":"http:\/\/klubmamgdynia.pl\/index.php\/produkt\/amos-plastelina-fiorello-12kol-170-1432\/"},"modified":"2026-04-06T07:08:56","modified_gmt":"2026-04-06T05:08:56","slug":"amos-plastelina-fiorello-12kol-170-1432","status":"publish","type":"product","link":"http:\/\/klubmamgdynia.pl\/index.php\/produkt\/amos-plastelina-fiorello-12kol-170-1432\/","title":{"rendered":"Amos Plastelina Fiorello \/12Kol\/ 170-1432"},"content":{"rendered":"<p>Parametry: mi\u0119kka, \u0142atwa w kszta\u0142towaniu nie brudzi r\u0105k wyraziste kolory waga 1 rolki koloru: 16 g (+\/- 3 g) 12 kolor\u00f3w: bia\u0142a, \u017c\u00f3\u0142ta, pomara\u0144czowa, czerwona, r\u00f3\u017cowa, fioletowa, niebieska, jasnozielona, zielona, br\u0105zowa, szara, czarna wyprodukowano w Polsce zgodne z wymaganiami UE Plasteliny Fiorello wyr\u00f3\u017cnia: Szeroka paleta kolor\u00f3w Bezpieczne dla dzieci Inne plasteliny, akcesoria do malowania i przybory szkolne znajdziesz na naszych pozosta\u0142ych ofertach!<\/p>\n<h2>Amos Plastelina Fiorello \/12Kol\/ 170-1432 Amos<\/h2>\n<p>maska karnawa\u0142owa pdf, rzadkie imiona, kolorowanki, mini zoo warszawa, quizy dla dzieci o zwierz\u0119tach, kiekrz, bajki do czytania dla dzieci, filmy familijne walta disneya, zagadki dla 4 latka do druku, kolorowanki koty, aneta, walentynka dla c\u00f3rki, bajki na dobranoc dla dzieci<\/p>\n<p>yyyyy<\/p>\n<p>&nbsp;<\/p>\n","protected":false},"excerpt":{"rendered":"<p>Parametry: mi\u0119kka, \u0142atwa w kszta\u0142towaniu nie brudzi r\u0105k wyraziste kolory waga 1 rolki koloru: 16 g (+\/- 3 g) 12 kolor\u00f3w: bia\u0142a, \u017c\u00f3\u0142ta, pomara\u0144czowa, czerwona, r\u00f3\u017cowa, fioletowa, niebieska, jasnozielona, zielona, br\u0105zowa, szara, czarna wyprodukowano w Polsce zgodne z wymaganiami UE Plasteliny Fiorello wyr\u00f3\u017cnia: Szeroka paleta kolor\u00f3w Bezpieczne dla dzieci Inne plasteliny, akcesoria do malowania i [&hellip;]<\/p>\n","protected":false},"featured_media":10982,"comment_status":"closed","ping_status":"open","template":"","meta":[],"product_cat":[1898,297],"product_tag":[662,683,625,588],"class_list":["post-10981","product","type-product","status-publish","has-post-thumbnail","hentry","product_cat-amos","product_cat-szkolne-artykuly-plastyczne","product_tag-bajki-na-dobranoc","product_tag-karaluchy-pod-poduchy","product_tag-trojmiasto-atrakcje-dla-dzieci","product_tag-wzruszajace-slowa-dla-przyjaciela"],"_links":{"self":[{"href":"http:\/\/klubmamgdynia.pl\/index.php\/wp-json\/wp\/v2\/product\/10981","targetHints":{"allow":["GET"]}}],"collection":[{"href":"http:\/\/klubmamgdynia.pl\/index.php\/wp-json\/wp\/v2\/product"}],"about":[{"href":"http:\/\/klubmamgdynia.pl\/index.php\/wp-json\/wp\/v2\/types\/product"}],"replies":[{"embeddable":true,"href":"http:\/\/klubmamgdynia.pl\/index.php\/wp-json\/wp\/v2\/comments?post=10981"}],"wp:featuredmedia":[{"embeddable":true,"href":"http:\/\/klubmamgdynia.pl\/index.php\/wp-json\/wp\/v2\/media\/10982"}],"wp:attachment":[{"href":"http:\/\/klubmamgdynia.pl\/index.php\/wp-json\/wp\/v2\/media?parent=10981"}],"wp:term":[{"taxonomy":"product_cat","embeddable":true,"href":"http:\/\/klubmamgdynia.pl\/index.php\/wp-json\/wp\/v2\/product_cat?post=10981"},{"taxonomy":"product_tag","embeddable":true,"href":"http:\/\/klubmamgdynia.pl\/index.php\/wp-json\/wp\/v2\/product_tag?post=10981"}],"curies":[{"name":"wp","href":"https:\/\/api.w.org\/{rel}","templated":true}]}}