{"id":10983,"date":"2016-05-09T20:42:39","date_gmt":"2016-05-09T18:42:39","guid":{"rendered":"http:\/\/klubmamgdynia.pl\/index.php\/produkt\/dziurkacz-ozdobny-2-5cm-sniezynka-d25-25\/"},"modified":"2026-05-17T22:32:54","modified_gmt":"2026-05-17T20:32:54","slug":"dziurkacz-ozdobny-2-5cm-sniezynka-d25-25","status":"publish","type":"product","link":"http:\/\/klubmamgdynia.pl\/index.php\/produkt\/dziurkacz-ozdobny-2-5cm-sniezynka-d25-25\/","title":{"rendered":"Dziurkacz ozdobny 2.5cm \u015anie\u017cynka D25-25"},"content":{"rendered":"<p>Dziurkacz ozdobny Brewis, wykrawaj\u0105cy otw\u00f3r w kszta\u0142cie p\u0142atka \u015bniegu. Prosty w obs\u0142udze dziurkacz, kt\u00f3ry doskonale sprawdzi si\u0119 w dziurkowaniu papieru lub pianki. Nieoceniona pomoc przy tworzeniu kartek okoliczno\u015bciowych, ozdobnych kopert oraz r\u00f3\u017cnego rodzaju dekoracji.Model: D25-25Kszta\u0142t otworu: \u015bnie\u017cynkaWielko\u015b\u0107 otworu: 2.5cm<\/p>\n<h2>Dziurkacz ozdobny 2.5cm \u015anie\u017cynka D25-25 Amos<\/h2>\n<p>wierszyki na \u015bmigusa dyngusa, cytaty o dzieciach i rodzicach, ry\u017c z owocami, prezent na roczek dla chrze\u015bniaka, pomysly na prima aprilis, kotki kolorowanka, gry z pi\u0142k\u0105, warszawa atrakcje dla dzieci, ostatni dzwonek tekst, bajki dla dzieci od 7 do 10 lat, kolorowanka minecraft, proste zagadki, star wars kolorowanka, zagadki logiczne \u015bmieszne, imi\u0119 nela, quiz opowie\u015bci z narnii, ma\u0142y ksi\u0105\u017ce cytaty<\/p>\n<p>yyyyy<\/p>\n<p>&nbsp;<\/p>\n","protected":false},"excerpt":{"rendered":"<p>Dziurkacz ozdobny Brewis, wykrawaj\u0105cy otw\u00f3r w kszta\u0142cie p\u0142atka \u015bniegu. Prosty w obs\u0142udze dziurkacz, kt\u00f3ry doskonale sprawdzi si\u0119 w dziurkowaniu papieru lub pianki. Nieoceniona pomoc przy tworzeniu kartek okoliczno\u015bciowych, ozdobnych kopert oraz r\u00f3\u017cnego rodzaju dekoracji.Model: D25-25Kszta\u0142t otworu: \u015bnie\u017cynkaWielko\u015b\u0107 otworu: 2.5cm Dziurkacz ozdobny 2.5cm \u015anie\u017cynka D25-25 Amos wierszyki na \u015bmigusa dyngusa, cytaty o dzieciach i rodzicach, ry\u017c [&hellip;]<\/p>\n","protected":false},"featured_media":10984,"comment_status":"closed","ping_status":"open","template":"","meta":[],"product_cat":[1898,1926],"product_tag":[784,619,688,675,872],"class_list":["post-10983","product","type-product","status-publish","has-post-thumbnail","hentry","product_cat-amos","product_cat-dziurkacze-i-zszywacze","product_tag-hymn-gorniczy","product_tag-iwo-imie","product_tag-kolysanki-tekst","product_tag-test-z-lektury-kajko-i-kokosz-szkola-latania","product_tag-zagadki-dla-dzieci-6-lat"],"_links":{"self":[{"href":"http:\/\/klubmamgdynia.pl\/index.php\/wp-json\/wp\/v2\/product\/10983","targetHints":{"allow":["GET"]}}],"collection":[{"href":"http:\/\/klubmamgdynia.pl\/index.php\/wp-json\/wp\/v2\/product"}],"about":[{"href":"http:\/\/klubmamgdynia.pl\/index.php\/wp-json\/wp\/v2\/types\/product"}],"replies":[{"embeddable":true,"href":"http:\/\/klubmamgdynia.pl\/index.php\/wp-json\/wp\/v2\/comments?post=10983"}],"wp:featuredmedia":[{"embeddable":true,"href":"http:\/\/klubmamgdynia.pl\/index.php\/wp-json\/wp\/v2\/media\/10984"}],"wp:attachment":[{"href":"http:\/\/klubmamgdynia.pl\/index.php\/wp-json\/wp\/v2\/media?parent=10983"}],"wp:term":[{"taxonomy":"product_cat","embeddable":true,"href":"http:\/\/klubmamgdynia.pl\/index.php\/wp-json\/wp\/v2\/product_cat?post=10983"},{"taxonomy":"product_tag","embeddable":true,"href":"http:\/\/klubmamgdynia.pl\/index.php\/wp-json\/wp\/v2\/product_tag?post=10983"}],"curies":[{"name":"wp","href":"https:\/\/api.w.org\/{rel}","templated":true}]}}