{"id":10985,"date":"2011-06-21T11:48:07","date_gmt":"2011-06-21T09:48:07","guid":{"rendered":"http:\/\/klubmamgdynia.pl\/index.php\/produkt\/viga-toys-drewniana-ukladanka-klocki-matematyczne-ulamki-10-klockow-58653\/"},"modified":"2026-04-05T22:34:55","modified_gmt":"2026-04-05T20:34:55","slug":"viga-toys-drewniana-ukladanka-klocki-matematyczne-ulamki-10-klockow-58653","status":"publish","type":"product","link":"http:\/\/klubmamgdynia.pl\/index.php\/produkt\/viga-toys-drewniana-ukladanka-klocki-matematyczne-ulamki-10-klockow-58653\/","title":{"rendered":"Viga Toys Drewniana Uk\u0142adanka Klocki Matematyczne U\u0142amki 10 Klock\u00f3w 58653"},"content":{"rendered":"<p>Drewniana uk\u0142adanka Viga Wzory geometryczne.Ta drewniana uk\u0142adanka wprowadza dziecko w r\u00f3\u017cne kszta\u0142ty i kolory, a tak\u017ce koncepcje cz\u0119\u015bci i ca\u0142o\u015bci. Promuje rozw\u00f3j intelektualny dziecka, a tak\u017ce rozwija ma\u0142e zdolno\u015bci motoryczne, uwag\u0119, pami\u0119\u0107 i logiczne my\u015blenie. Zestaw 11 element\u00f3w.Uk\u0142adanka dla dzieci od 12 miesi\u0119cy.Waga: 1 kg.<\/p>\n<h2>Viga Toys Drewniana Uk\u0142adanka Klocki Matematyczne U\u0142amki 10 Klock\u00f3w 58653 Viga<\/h2>\n<p>alan znaczenie imienia, prezent dla 16 latki, kolorowanka myszka minnie, zagadki przyrodnicze<\/p>\n<p>yyyyy<\/p>\n<p>&nbsp;<\/p>\n","protected":false},"excerpt":{"rendered":"<p>Drewniana uk\u0142adanka Viga Wzory geometryczne.Ta drewniana uk\u0142adanka wprowadza dziecko w r\u00f3\u017cne kszta\u0142ty i kolory, a tak\u017ce koncepcje cz\u0119\u015bci i ca\u0142o\u015bci. Promuje rozw\u00f3j intelektualny dziecka, a tak\u017ce rozwija ma\u0142e zdolno\u015bci motoryczne, uwag\u0119, pami\u0119\u0107 i logiczne my\u015blenie. Zestaw 11 element\u00f3w.Uk\u0142adanka dla dzieci od 12 miesi\u0119cy.Waga: 1 kg. Viga Toys Drewniana Uk\u0142adanka Klocki Matematyczne U\u0142amki 10 Klock\u00f3w 58653 [&hellip;]<\/p>\n","protected":false},"featured_media":10986,"comment_status":"closed","ping_status":"open","template":"","meta":[],"product_cat":[1106,99],"product_tag":[825,611,716,710],"class_list":["post-10985","product","type-product","status-publish","has-post-thumbnail","hentry","product_cat-viga","product_cat-zabawki-ekologiczne","product_tag-bajka-na-dobranoc-do-czytania","product_tag-bajki-do-czytania-psi-patrol","product_tag-filmy-animowane-o-swietach","product_tag-zagadki-dla-dzieci-10-12-lat"],"_links":{"self":[{"href":"http:\/\/klubmamgdynia.pl\/index.php\/wp-json\/wp\/v2\/product\/10985","targetHints":{"allow":["GET"]}}],"collection":[{"href":"http:\/\/klubmamgdynia.pl\/index.php\/wp-json\/wp\/v2\/product"}],"about":[{"href":"http:\/\/klubmamgdynia.pl\/index.php\/wp-json\/wp\/v2\/types\/product"}],"replies":[{"embeddable":true,"href":"http:\/\/klubmamgdynia.pl\/index.php\/wp-json\/wp\/v2\/comments?post=10985"}],"wp:featuredmedia":[{"embeddable":true,"href":"http:\/\/klubmamgdynia.pl\/index.php\/wp-json\/wp\/v2\/media\/10986"}],"wp:attachment":[{"href":"http:\/\/klubmamgdynia.pl\/index.php\/wp-json\/wp\/v2\/media?parent=10985"}],"wp:term":[{"taxonomy":"product_cat","embeddable":true,"href":"http:\/\/klubmamgdynia.pl\/index.php\/wp-json\/wp\/v2\/product_cat?post=10985"},{"taxonomy":"product_tag","embeddable":true,"href":"http:\/\/klubmamgdynia.pl\/index.php\/wp-json\/wp\/v2\/product_tag?post=10985"}],"curies":[{"name":"wp","href":"https:\/\/api.w.org\/{rel}","templated":true}]}}