{"id":10987,"date":"2014-11-09T04:01:39","date_gmt":"2014-11-09T03:01:39","guid":{"rendered":"http:\/\/klubmamgdynia.pl\/index.php\/produkt\/amos-giro-2-bagaznik-rowerowy-na-hak-z-listwa-swietlna-13-pin\/"},"modified":"2026-04-06T11:09:45","modified_gmt":"2026-04-06T09:09:45","slug":"amos-giro-2-bagaznik-rowerowy-na-hak-z-listwa-swietlna-13-pin","status":"publish","type":"product","link":"http:\/\/klubmamgdynia.pl\/index.php\/produkt\/amos-giro-2-bagaznik-rowerowy-na-hak-z-listwa-swietlna-13-pin\/","title":{"rendered":"Amos Giro 2 Baga\u017cnik rowerowy na hak z listw\u0105 \u015bwietln\u0105 13-pin"},"content":{"rendered":"<p>Platforma na hak GIRO to elegancka i komfortowa konstrukcja (zar\u00f3wno dla u\u017cytkownika jak i dla przewo\u017conych rower\u00f3w). Mocowana jedynie do kuli haka. Za pomoc\u0105 specjalnych ga\u0142ek z zamkami zar\u00f3wno baga\u017cnik jak i rowery zabezpieczone s\u0105 przed kradzie\u017c\u0105.W przypadku samochod\u00f3w z ko\u0142em zapasowym z ty\u0142u (SUV) konieczny b\u0119dzie demonta\u017c ko\u0142a lub te\u017c nie b\u0119dzie mo\u017cliwo\u015bci zainstalowania maksymalnej ilo\u015bci rower\u00f3w. Opr\u00f3cz transportu rower\u00f3w konstrukcja baga\u017cnika ta daje te\u017c mo\u017cliwo\u015b\u0107 przewo\u017cenia ro\u017cnych baga\u017cy (np. kosiarki) z zachowaniem maksymalnego ud\u017awigu \u2013 wa\u017cnym r\u00f3wnie\u017c jest by przewo\u017cony \u0142adunek by\u0142 odpowiednio zabezpieczony i nie \u0142ama\u0142 przepis\u00f3w Kodeksu Ruchu Drogowego.Baga\u017cnik posiada regulowane podstawki pod ko\u0142a, kt\u00f3re gwarantuj\u0105 idealne dopasowanie pod ka\u017cdy rozmiar roweru. Paski mocuj\u0105ce ko\u0142a wykonane s\u0105 z trwa\u0142ego tworzywa z wygodn\u0105 klamerk\u0105 do naci\u0105gni\u0119cia (zasada dzia\u0142ania identyczna jak w butach narciarskich).Platforma GIRO posiada opcje odchylania z rowerami, Polega ona na wygodnym i szybkim po\u0142o\u017ceniu cz\u0119\u015bci Platformy w kt\u00f3rej mocujemy rowery tak by mo\u017cna by\u0142o otworzy\u0107 baga\u017cnik (Uwaga \u2013 funkcja uchy\u0142u nie dzia\u0142a we wszystkich samochodach np. w teren\u00f3wkach, kt\u00f3rych tylna klapa otwiera si\u0119 na bok, czy autach z bardzo du\u017c\u0105 tyln\u0105 klap\u0105 np. Citroen Berlingo, VW T5)<\/p>\n<h2>Amos Giro 2 Baga\u017cnik rowerowy na hak z listw\u0105 \u015bwietln\u0105 13-pin Amos<\/h2>\n<p>kr\u00f3tkie zagadki, szkic jak narysowa\u0107 kota, konie quiz, dymitr, piosenka przyjed\u017a do nas miko\u0142aju, kolorowanka konie, wydarzenia warszawa dzisiaj, zaproszenie na urodziny dziecka do druku, wroc\u0142aw dla dzieci, ma\u0142y ksi\u0105\u017ce cytaty, dzie\u0144 matki w\u0142asnor\u0119czny prezent dla mamy od dziecka, psikusy na prima aprilis, bajka o emocjach, kolorowanki uk\u0142ad s\u0142oneczny, cytat matka, \u015bmieszne zagadki matematyczne, smok wawelski bajka<\/p>\n<p>yyyyy<\/p>\n<p>&nbsp;<\/p>\n","protected":false},"excerpt":{"rendered":"<p>Platforma na hak GIRO to elegancka i komfortowa konstrukcja (zar\u00f3wno dla u\u017cytkownika jak i dla przewo\u017conych rower\u00f3w). Mocowana jedynie do kuli haka. Za pomoc\u0105 specjalnych ga\u0142ek z zamkami zar\u00f3wno baga\u017cnik jak i rowery zabezpieczone s\u0105 przed kradzie\u017c\u0105.W przypadku samochod\u00f3w z ko\u0142em zapasowym z ty\u0142u (SUV) konieczny b\u0119dzie demonta\u017c ko\u0142a lub te\u017c nie b\u0119dzie mo\u017cliwo\u015bci zainstalowania [&hellip;]<\/p>\n","protected":false},"featured_media":10988,"comment_status":"closed","ping_status":"open","template":"","meta":[],"product_cat":[1898,1934],"product_tag":[871,831,696,609,653],"class_list":["post-10987","product","type-product","status-publish","has-post-thumbnail","hentry","product_cat-amos","product_cat-uchwyty-rowerowe","product_tag-bajka-o-smoku-wawelskim","product_tag-bruno","product_tag-film-rodzinny-o-swietach","product_tag-quiz-flagi-europy","product_tag-warszawa-dla-dzieci"],"_links":{"self":[{"href":"http:\/\/klubmamgdynia.pl\/index.php\/wp-json\/wp\/v2\/product\/10987","targetHints":{"allow":["GET"]}}],"collection":[{"href":"http:\/\/klubmamgdynia.pl\/index.php\/wp-json\/wp\/v2\/product"}],"about":[{"href":"http:\/\/klubmamgdynia.pl\/index.php\/wp-json\/wp\/v2\/types\/product"}],"replies":[{"embeddable":true,"href":"http:\/\/klubmamgdynia.pl\/index.php\/wp-json\/wp\/v2\/comments?post=10987"}],"wp:featuredmedia":[{"embeddable":true,"href":"http:\/\/klubmamgdynia.pl\/index.php\/wp-json\/wp\/v2\/media\/10988"}],"wp:attachment":[{"href":"http:\/\/klubmamgdynia.pl\/index.php\/wp-json\/wp\/v2\/media?parent=10987"}],"wp:term":[{"taxonomy":"product_cat","embeddable":true,"href":"http:\/\/klubmamgdynia.pl\/index.php\/wp-json\/wp\/v2\/product_cat?post=10987"},{"taxonomy":"product_tag","embeddable":true,"href":"http:\/\/klubmamgdynia.pl\/index.php\/wp-json\/wp\/v2\/product_tag?post=10987"}],"curies":[{"name":"wp","href":"https:\/\/api.w.org\/{rel}","templated":true}]}}