{"id":10991,"date":"2022-06-26T08:08:29","date_gmt":"2022-06-26T06:08:29","guid":{"rendered":"http:\/\/klubmamgdynia.pl\/index.php\/produkt\/hey-clay-llc-masa-plastyczna-biedronka\/"},"modified":"2026-04-04T00:02:01","modified_gmt":"2026-04-03T22:02:01","slug":"hey-clay-llc-masa-plastyczna-biedronka","status":"publish","type":"product","link":"http:\/\/klubmamgdynia.pl\/index.php\/produkt\/hey-clay-llc-masa-plastyczna-biedronka\/","title":{"rendered":"Hey Clay Llc Masa Plastyczna Biedronka"},"content":{"rendered":"<p>Biedronka od dawna marzy\u0142a o byciu balonem. Pewnego dnia nabiera\u0142a coraz wi\u0119cej powietrza i ros\u0142a coraz wi\u0119ksza &#8230; a\u017c nagle &#8211; bum! P\u0119k\u0142a! C\u00f3\u017c, p\u0119kanie nie jest problemem dla robaka wykonanego z masy. Podobnie zreszt\u0105 jak kichanie! Nast\u0119pnego dnia biedronka zn\u00f3w zacz\u0119\u0142a robi\u0107 swoje. Spe\u0142nianie marze\u0144 jest tak bardzo wa\u017cne, prawda? Aby stworzy\u0107 biedronk\u0119, przygotuj cztery kolory masy: niebieski, czerwony, bia\u0142y i czarny.G\u0142\u00f3wne cechy produktu:Producent TM ToysDla dzieci od 3 roku \u017cyciaMasa plastyczna &#8211; Biedronka5 pojemnik\u00f3w z mi\u0119kk\u0105, pachn\u0105c\u0105 kreatywn\u0105 mas\u0105 Kod dost\u0119pu do aplikacjiPo\u0142\u0105czenie kreatywnej zabawy z aplikacj\u0105 edukacyjn\u0105Wymiary opakowania: 15 x 7,5 x 7,5 cmWysoka jako\u015b\u0107 wykonania<\/p>\n<h2>Hey Clay Llc Masa Plastyczna Biedronka TM Toys<\/h2>\n<p>bajka dla dzieci do czytania, prezent dla ch\u0142opca na roczek, prezenty na roczek dla ch\u0142opca, kolorowanki dla dzieci do druku, jasmin imie, zagadka matematyczna, cytaty o nauczycielach, jak rozmawia\u0107 z dzie\u0107mi o wojnie, quiz o dinozaurach, kwiaty polne nazwy i zdj\u0119cia, bursztynek, alan imie, prezent dla rocznego ch\u0142opca<\/p>\n<p>yyyyy<\/p>\n<p>&nbsp;<\/p>\n","protected":false},"excerpt":{"rendered":"<p>Biedronka od dawna marzy\u0142a o byciu balonem. Pewnego dnia nabiera\u0142a coraz wi\u0119cej powietrza i ros\u0142a coraz wi\u0119ksza &#8230; a\u017c nagle &#8211; bum! P\u0119k\u0142a! C\u00f3\u017c, p\u0119kanie nie jest problemem dla robaka wykonanego z masy. Podobnie zreszt\u0105 jak kichanie! Nast\u0119pnego dnia biedronka zn\u00f3w zacz\u0119\u0142a robi\u0107 swoje. Spe\u0142nianie marze\u0144 jest tak bardzo wa\u017cne, prawda? Aby stworzy\u0107 biedronk\u0119, przygotuj [&hellip;]<\/p>\n","protected":false},"featured_media":10992,"comment_status":"closed","ping_status":"open","template":"","meta":[],"product_cat":[145,21],"product_tag":[817,702,648,594,693],"class_list":["post-10991","product","type-product","status-publish","has-post-thumbnail","hentry","product_cat-tm-toys","product_cat-zabawki-plastyczne","product_tag-bajka-terapeutyczna-o-emocjach","product_tag-co-kupic-na-roczek-dla-dziewczynki","product_tag-dobrej-nocy-i-sza","product_tag-podchwytliwe-zagadki-dla-dzieci","product_tag-zagadki-dla-doroslych"],"_links":{"self":[{"href":"http:\/\/klubmamgdynia.pl\/index.php\/wp-json\/wp\/v2\/product\/10991","targetHints":{"allow":["GET"]}}],"collection":[{"href":"http:\/\/klubmamgdynia.pl\/index.php\/wp-json\/wp\/v2\/product"}],"about":[{"href":"http:\/\/klubmamgdynia.pl\/index.php\/wp-json\/wp\/v2\/types\/product"}],"replies":[{"embeddable":true,"href":"http:\/\/klubmamgdynia.pl\/index.php\/wp-json\/wp\/v2\/comments?post=10991"}],"wp:featuredmedia":[{"embeddable":true,"href":"http:\/\/klubmamgdynia.pl\/index.php\/wp-json\/wp\/v2\/media\/10992"}],"wp:attachment":[{"href":"http:\/\/klubmamgdynia.pl\/index.php\/wp-json\/wp\/v2\/media?parent=10991"}],"wp:term":[{"taxonomy":"product_cat","embeddable":true,"href":"http:\/\/klubmamgdynia.pl\/index.php\/wp-json\/wp\/v2\/product_cat?post=10991"},{"taxonomy":"product_tag","embeddable":true,"href":"http:\/\/klubmamgdynia.pl\/index.php\/wp-json\/wp\/v2\/product_tag?post=10991"}],"curies":[{"name":"wp","href":"https:\/\/api.w.org\/{rel}","templated":true}]}}