{"id":10993,"date":"2025-02-28T11:12:23","date_gmt":"2025-02-28T10:12:23","guid":{"rendered":"http:\/\/klubmamgdynia.pl\/?post_type=product&#038;p=10993"},"modified":"2026-04-06T21:06:47","modified_gmt":"2026-04-06T19:06:47","slug":"amos-dlugopis-zelowy-pilot-g2-automatyczny-czerwony-bl-g2-5-r","status":"publish","type":"product","link":"http:\/\/klubmamgdynia.pl\/index.php\/produkt\/amos-dlugopis-zelowy-pilot-g2-automatyczny-czerwony-bl-g2-5-r\/","title":{"rendered":"Amos D\u0142ugopis \u017belowy Pilot G2 Automatyczny Czerwony Bl-G2-5-R"},"content":{"rendered":"<p>G2 to automatyczny d\u0142ugopis \u017celowy, kt\u00f3ry \u0142\u0105czy w sobie ciekawy design i zaawansowan\u0105 technologi\u0119. Parametry: wysoki komfort pisania ergonomiczny uchwyt ko\u0144c\u00f3wka pisz\u0105ca wykonana z w\u0119glika wolframu tusz \u017celowy zapewnia niezmiern\u0105 mi\u0119kko\u015b\u0107 i p\u0142ynno\u015b\u0107 pisania z klipem i gumk\u0105 g\u0142adka i r\u00f3wna linia pisania kolor tuszu: czerwony D\u0142ugopis Pilot G2 wyr\u00f3\u017cnia: Ergonomiczny gumowy uchwyt sprawia, \u017ce \u0142atwo trzyma si\u0119 go w r\u0119ku, a ko\u0144c\u00f3wka pisz\u0105ca, wykonana z w\u0119glika wolframu, daje gwarancj\u0119 trwa\u0142o\u015bci i wytrzyma\u0142o\u015bci. B\u0119dziesz zachwycony p\u0142ynno\u015bci\u0105 pisania i intensywno\u015bci\u0105 kolor\u00f3w. (Cena w ofercie dotyczy 1 szt. produktu).<\/p>\n<h2>Amos D\u0142ugopis \u017belowy Pilot G2 Automatyczny Czerwony Bl-G2-5-R Amos<\/h2>\n<p>cytaty o mi\u0142o\u015bci do dziecka, opisy rodzina, quiz o zwierz\u0119tach domowych, miko\u0142ajki dla dzieci warszawa 2021, opowiadanie o jesieni dla dzieci, smok wawelski bajka, bezpieczne kosmetyki do makija\u017cu dla dzieci, buziak gify na dobranoc smieszne, choinka z bibu\u0142y, roczek prezent, ko\u0142ysanki tekst, jazda konna dla dzieci, \u015bmieszne zagadki matematyczne, j\u0119zyk polski dla dzieci z ukrainy, test z dzieci z bullerbyn, auto kolorowanka, bajki dla chlopcow, imi\u0119 kuba, cytaty o wychowaniu i nauczaniu<\/p>\n<p>yyyyy<\/p>\n<p>&nbsp;<\/p>\n","protected":false},"excerpt":{"rendered":"<p>G2 to automatyczny d\u0142ugopis \u017celowy, kt\u00f3ry \u0142\u0105czy w sobie ciekawy design i zaawansowan\u0105 technologi\u0119. Parametry: wysoki komfort pisania ergonomiczny uchwyt ko\u0144c\u00f3wka pisz\u0105ca wykonana z w\u0119glika wolframu tusz \u017celowy zapewnia niezmiern\u0105 mi\u0119kko\u015b\u0107 i p\u0142ynno\u015b\u0107 pisania z klipem i gumk\u0105 g\u0142adka i r\u00f3wna linia pisania kolor tuszu: czerwony D\u0142ugopis Pilot G2 wyr\u00f3\u017cnia: Ergonomiczny gumowy uchwyt sprawia, \u017ce [&hellip;]<\/p>\n","protected":false},"featured_media":10994,"comment_status":"closed","ping_status":"open","template":"","meta":[],"product_cat":[1898,962],"product_tag":[747,594,830,586,595,793],"class_list":["post-10993","product","type-product","status-publish","has-post-thumbnail","hentry","product_cat-amos","product_cat-szkolne-przybory-do-pisania","product_tag-malowanki-do-druku","product_tag-podchwytliwe-zagadki-dla-dzieci","product_tag-rodzina-cytaty","product_tag-smieszne-zagadki","product_tag-zagadki-dla-6-latka","product_tag-zagadki-smieszne-podchwytliwe"],"_links":{"self":[{"href":"http:\/\/klubmamgdynia.pl\/index.php\/wp-json\/wp\/v2\/product\/10993","targetHints":{"allow":["GET"]}}],"collection":[{"href":"http:\/\/klubmamgdynia.pl\/index.php\/wp-json\/wp\/v2\/product"}],"about":[{"href":"http:\/\/klubmamgdynia.pl\/index.php\/wp-json\/wp\/v2\/types\/product"}],"replies":[{"embeddable":true,"href":"http:\/\/klubmamgdynia.pl\/index.php\/wp-json\/wp\/v2\/comments?post=10993"}],"wp:featuredmedia":[{"embeddable":true,"href":"http:\/\/klubmamgdynia.pl\/index.php\/wp-json\/wp\/v2\/media\/10994"}],"wp:attachment":[{"href":"http:\/\/klubmamgdynia.pl\/index.php\/wp-json\/wp\/v2\/media?parent=10993"}],"wp:term":[{"taxonomy":"product_cat","embeddable":true,"href":"http:\/\/klubmamgdynia.pl\/index.php\/wp-json\/wp\/v2\/product_cat?post=10993"},{"taxonomy":"product_tag","embeddable":true,"href":"http:\/\/klubmamgdynia.pl\/index.php\/wp-json\/wp\/v2\/product_tag?post=10993"}],"curies":[{"name":"wp","href":"https:\/\/api.w.org\/{rel}","templated":true}]}}