{"id":10995,"date":"2011-01-16T10:46:02","date_gmt":"2011-01-16T09:46:02","guid":{"rendered":"http:\/\/klubmamgdynia.pl\/index.php\/produkt\/vetoquinol-flexadin-advanced-60tabl\/"},"modified":"2026-04-18T17:38:09","modified_gmt":"2026-04-18T15:38:09","slug":"vetoquinol-flexadin-advanced-60tabl","status":"publish","type":"product","link":"http:\/\/klubmamgdynia.pl\/index.php\/produkt\/vetoquinol-flexadin-advanced-60tabl\/","title":{"rendered":"Vetoquinol Flexadin Advanced 60Tabl"},"content":{"rendered":"<p>Vetoquinol Flexadin Advanced &#8211; mi\u0119sne k\u0105ski Produkt wspomaga metabolizm chrz\u0105stki stawowej w przypadku choroby zwyrodnieniowej staw\u00f3w.Zawiera UC-II\u00ae (40 mg\/k\u0105sek) &#8211; niezdenaturowany kolagen typu II. Kolagen typu II w formie niezdenaturowanej jest niezb\u0119dnym sk\u0142adnikiem prawid\u0142owo funkcjonuj\u0105cej chrz\u0105stki stawowej. Produkt zawiera r\u00f3wnie\u017c ekstrakt z Boswellia serrata \u2013 naturalnego pochodzenia substancj\u0119, wspomagaj\u0105c\u0105 procesy naprawcze organizmu. Zawiera dodatkowo kwasy omega-3 dla wsparcia zdrowia staw\u00f3w i witamin\u0119 E znan\u0105 z w\u0142a\u015bciwo\u015bci przeciwutleniaj\u0105cych.<br \/>\nPodawanie Flexadin\u00ae Advanced:<br \/>\nPodawa\u0107 1 k\u0105sek dziennie niezale\u017cnie od masy cia\u0142a psa.<\/p>\n<p>Sk\u0142ad produktu Flexadin\u00ae Advanced:<br \/>\n1 mi\u0119sny k\u0105sek zawiera niezdenaturowany kolagen typu II &#8211; UC-II\u00ae(40mg\/ k\u0105sek), standaryzowany ekstrakt z Boswellia serrata (190 mg\/k\u0105sek) o wysokiej (85%) zawarto\u015bci aktywnych kwas\u00f3w bosweliowych, kwasy omega-3 dla wsparcia zdrowia staw\u00f3w  oraz witamin\u0119 E znan\u0105 z w\u0142a\u015bciwo\u015bci przeciwutleniaj\u0105cych.<br \/>\nUC-II\u00ae to innowacyjna posta\u0107 niezdenaturowanego kolagenu typu II specyficznego dla chrz\u0105stek stawowych, otrzymywanego z mostka kurzego. Opatentowana specjalistyczna technologia uzyskiwania kolagenu w niskiej temperaturze zapewnia:<br \/>\n&#8211; BIOAKTYWN\u0104 POSTA\u0106 \u2013 zachowana struktura potr\u00f3jnej helisy<br \/>\n&#8211; AKTYWNE EPITOPY &#8211; identyczne z naturalnie wyst\u0119puj\u0105cymi w kolagenie chrz\u0105stki stawowej (potwierdzone testami ELISA)<br \/>\n&#8211; Odporno\u015b\u0107 na trawienie w \u017co\u0142\u0105dku<br \/>\nEkstrakt z Boswellia serrata to naturalnego pochodzenia produkt o wysokiej  aktywno\u015bci biologicznej, wspomagaj\u0105cy  procesy naprawcze organizmu w przypadku choroby zwyrodnieniowej staw\u00f3w.<\/p>\n<h2>Vetoquinol Flexadin Advanced 60Tabl Vetoquinol<\/h2>\n<p>my little pony kolorowanki, lato lato lato czeka, kiekrz, r\u0119cznie robione jak zrobi\u0107 kartk\u0119 walentynkow\u0105<\/p>\n<p>yyyyy<\/p>\n<p>&nbsp;<\/p>\n","protected":false},"excerpt":{"rendered":"<p>Vetoquinol Flexadin Advanced &#8211; mi\u0119sne k\u0105ski Produkt wspomaga metabolizm chrz\u0105stki stawowej w przypadku choroby zwyrodnieniowej staw\u00f3w.Zawiera UC-II\u00ae (40 mg\/k\u0105sek) &#8211; niezdenaturowany kolagen typu II. Kolagen typu II w formie niezdenaturowanej jest niezb\u0119dnym sk\u0142adnikiem prawid\u0142owo funkcjonuj\u0105cej chrz\u0105stki stawowej. Produkt zawiera r\u00f3wnie\u017c ekstrakt z Boswellia serrata \u2013 naturalnego pochodzenia substancj\u0119, wspomagaj\u0105c\u0105 procesy naprawcze organizmu. Zawiera dodatkowo kwasy [&hellip;]<\/p>\n","protected":false},"featured_media":10996,"comment_status":"closed","ping_status":"open","template":"","meta":[],"product_cat":[1231,1935],"product_tag":[686,716,774,739,791],"class_list":["post-10995","product","type-product","status-publish","has-post-thumbnail","hentry","product_cat-odzywki-i-witaminy-dla-psow","product_cat-vetoquinol","product_tag-co-na-roczek-dla-chlopca","product_tag-filmy-animowane-o-swietach","product_tag-prezent-na-roczek-nie-zabawka","product_tag-prima-aprilis-w-szkole","product_tag-zagadki-na-myslenie"],"_links":{"self":[{"href":"http:\/\/klubmamgdynia.pl\/index.php\/wp-json\/wp\/v2\/product\/10995","targetHints":{"allow":["GET"]}}],"collection":[{"href":"http:\/\/klubmamgdynia.pl\/index.php\/wp-json\/wp\/v2\/product"}],"about":[{"href":"http:\/\/klubmamgdynia.pl\/index.php\/wp-json\/wp\/v2\/types\/product"}],"replies":[{"embeddable":true,"href":"http:\/\/klubmamgdynia.pl\/index.php\/wp-json\/wp\/v2\/comments?post=10995"}],"wp:featuredmedia":[{"embeddable":true,"href":"http:\/\/klubmamgdynia.pl\/index.php\/wp-json\/wp\/v2\/media\/10996"}],"wp:attachment":[{"href":"http:\/\/klubmamgdynia.pl\/index.php\/wp-json\/wp\/v2\/media?parent=10995"}],"wp:term":[{"taxonomy":"product_cat","embeddable":true,"href":"http:\/\/klubmamgdynia.pl\/index.php\/wp-json\/wp\/v2\/product_cat?post=10995"},{"taxonomy":"product_tag","embeddable":true,"href":"http:\/\/klubmamgdynia.pl\/index.php\/wp-json\/wp\/v2\/product_tag?post=10995"}],"curies":[{"name":"wp","href":"https:\/\/api.w.org\/{rel}","templated":true}]}}