{"id":10997,"date":"2012-03-25T16:23:55","date_gmt":"2012-03-25T14:23:55","guid":{"rendered":"http:\/\/klubmamgdynia.pl\/index.php\/produkt\/amos-aero-dynamic-107cm-6211\/"},"modified":"2026-05-17T22:53:18","modified_gmt":"2026-05-17T20:53:18","slug":"amos-aero-dynamic-107cm-6211","status":"publish","type":"product","link":"http:\/\/klubmamgdynia.pl\/index.php\/produkt\/amos-aero-dynamic-107cm-6211\/","title":{"rendered":"AMOS Aero Dynamic 107cm 6211"},"content":{"rendered":"<p>Baga\u017cnik dachowy to niezb\u0119dny element wyposa\u017cenia samochod\u00f3w, do kt\u00f3rych chcesz zamocowa\u0107 boxy czy uchwyty na sprz\u0119t sportowy. Ze wzgl\u0119du na to, \u017ce s\u0105 bezpo\u015brednim \u0142\u0105cznikiem mi\u0119dzy dachem auta a baga\u017cnikiem, powinny by\u0107 solidne i niezawodne.SPECYFIKACJA:D\u0142ugo\u015b\u0107 belek: 1070 mmSzeroko\u015b\u0107 belek: 80 mmWysoko\u015b\u0107 belek: 26 mm\u0141adowno\u015b\u0107: 75 kgMateria\u0142: Aluminium + tworzywo sztuczneKolor: SrebrnyKszta\u0142t belek: AerodynamicznyRowek T: TakZabezpieczenie belek zamkiem: Nie &#8211; mo\u017cliwo\u015b\u0107 dokupieniaZabezpieczenie stop zamkiem: TakCertyfikat: Pimot, T\u00dcVMonta\u017c: bez u\u017cycia narz\u0119dziZestaw zawiera:dwie belki aluminiowe Aero Dynamic 107 cm<\/p>\n<h2>AMOS Aero Dynamic 107cm 6211 Amos<\/h2>\n<p>wierszyki na dobranoc dla dzieci, zagadki o zawodach, kolorowanka wakacje, co kupi\u0107 nastolatkowi, jak zrobi\u0107 wulkan, zagadki co to jest, my little pony kolorowanki, miastodzieci, jak namalowa\u0107 psa, kolorowanki wakacje, matylda znaczenie imienia, na wyspach bergamutach tekst, mitologia grecka quiz, mira imi\u0119, literki, kr\u00f3tkie cytaty o mamie, wszystkie flagi \u015bwiata quiz, \u015bmieszne zagadki dla dzieci 10 lat<\/p>\n<p>yyyyy<\/p>\n<p>&nbsp;<\/p>\n","protected":false},"excerpt":{"rendered":"<p>Baga\u017cnik dachowy to niezb\u0119dny element wyposa\u017cenia samochod\u00f3w, do kt\u00f3rych chcesz zamocowa\u0107 boxy czy uchwyty na sprz\u0119t sportowy. Ze wzgl\u0119du na to, \u017ce s\u0105 bezpo\u015brednim \u0142\u0105cznikiem mi\u0119dzy dachem auta a baga\u017cnikiem, powinny by\u0107 solidne i niezawodne.SPECYFIKACJA:D\u0142ugo\u015b\u0107 belek: 1070 mmSzeroko\u015b\u0107 belek: 80 mmWysoko\u015b\u0107 belek: 26 mm\u0141adowno\u015b\u0107: 75 kgMateria\u0142: Aluminium + tworzywo sztuczneKolor: SrebrnyKszta\u0142t belek: AerodynamicznyRowek T: TakZabezpieczenie [&hellip;]<\/p>\n","protected":false},"featured_media":10998,"comment_status":"closed","ping_status":"open","template":"","meta":[],"product_cat":[1898,1936],"product_tag":[702,670,646,620],"class_list":["post-10997","product","type-product","status-publish","has-post-thumbnail","hentry","product_cat-amos","product_cat-pozostale-akcesoria-do-samochodu","product_tag-co-kupic-na-roczek-dla-dziewczynki","product_tag-irma","product_tag-prezent-na-pierwsze-urodziny","product_tag-quiz-opowiesci-z-narnii"],"_links":{"self":[{"href":"http:\/\/klubmamgdynia.pl\/index.php\/wp-json\/wp\/v2\/product\/10997","targetHints":{"allow":["GET"]}}],"collection":[{"href":"http:\/\/klubmamgdynia.pl\/index.php\/wp-json\/wp\/v2\/product"}],"about":[{"href":"http:\/\/klubmamgdynia.pl\/index.php\/wp-json\/wp\/v2\/types\/product"}],"replies":[{"embeddable":true,"href":"http:\/\/klubmamgdynia.pl\/index.php\/wp-json\/wp\/v2\/comments?post=10997"}],"wp:featuredmedia":[{"embeddable":true,"href":"http:\/\/klubmamgdynia.pl\/index.php\/wp-json\/wp\/v2\/media\/10998"}],"wp:attachment":[{"href":"http:\/\/klubmamgdynia.pl\/index.php\/wp-json\/wp\/v2\/media?parent=10997"}],"wp:term":[{"taxonomy":"product_cat","embeddable":true,"href":"http:\/\/klubmamgdynia.pl\/index.php\/wp-json\/wp\/v2\/product_cat?post=10997"},{"taxonomy":"product_tag","embeddable":true,"href":"http:\/\/klubmamgdynia.pl\/index.php\/wp-json\/wp\/v2\/product_tag?post=10997"}],"curies":[{"name":"wp","href":"https:\/\/api.w.org\/{rel}","templated":true}]}}