{"id":10999,"date":"2013-09-28T03:47:00","date_gmt":"2013-09-28T01:47:00","guid":{"rendered":"http:\/\/klubmamgdynia.pl\/index.php\/produkt\/dk-prasowanka-koraliki-do-prasowania-swiecace-12000\/"},"modified":"2026-05-01T21:32:02","modified_gmt":"2026-05-01T19:32:02","slug":"dk-prasowanka-koraliki-do-prasowania-swiecace-12000","status":"publish","type":"product","link":"http:\/\/klubmamgdynia.pl\/index.php\/produkt\/dk-prasowanka-koraliki-do-prasowania-swiecace-12000\/","title":{"rendered":"Dk Prasowanka Koraliki Do Prasowania \u015awiec\u0105ce 12000"},"content":{"rendered":"<p>Prasowanka Koraliki Do Prasowania \u015awiec\u0105ce 12000<\/p>\n<h2>Dk Prasowanka Koraliki Do Prasowania \u015awiec\u0105ce 12000 Dk<\/h2>\n<p>ciekawe zagadki i odpowiedzi, krzy\u017c\u00f3wki dla dzieci do druku, jeremi, jaki prezent na roczek dla ch\u0142opca, lol kolorowanki do druku, eksperyment dla dzieci wulkan, bo\u017ce narodzenie quiz<\/p>\n<p>yyyyy<\/p>\n<p>&nbsp;<\/p>\n","protected":false},"excerpt":{"rendered":"<p>Prasowanka Koraliki Do Prasowania \u015awiec\u0105ce 12000 Dk Prasowanka Koraliki Do Prasowania \u015awiec\u0105ce 12000 Dk ciekawe zagadki i odpowiedzi, krzy\u017c\u00f3wki dla dzieci do druku, jeremi, jaki prezent na roczek dla ch\u0142opca, lol kolorowanki do druku, eksperyment dla dzieci wulkan, bo\u017ce narodzenie quiz yyyyy &nbsp;<\/p>\n","protected":false},"featured_media":11000,"comment_status":"closed","ping_status":"open","template":"","meta":[],"product_cat":[408,21],"product_tag":[828,720,748,606,607],"class_list":["post-10999","product","type-product","status-publish","has-post-thumbnail","hentry","product_cat-dk","product_cat-zabawki-plastyczne","product_tag-filmy-wigilijne-dla-dzieci","product_tag-malowanki","product_tag-okolice-wroclawia-atrakcje","product_tag-stala-pod-sniegiem","product_tag-zarty-na-prima-aprilis-dla-rodzicow"],"_links":{"self":[{"href":"http:\/\/klubmamgdynia.pl\/index.php\/wp-json\/wp\/v2\/product\/10999","targetHints":{"allow":["GET"]}}],"collection":[{"href":"http:\/\/klubmamgdynia.pl\/index.php\/wp-json\/wp\/v2\/product"}],"about":[{"href":"http:\/\/klubmamgdynia.pl\/index.php\/wp-json\/wp\/v2\/types\/product"}],"replies":[{"embeddable":true,"href":"http:\/\/klubmamgdynia.pl\/index.php\/wp-json\/wp\/v2\/comments?post=10999"}],"wp:featuredmedia":[{"embeddable":true,"href":"http:\/\/klubmamgdynia.pl\/index.php\/wp-json\/wp\/v2\/media\/11000"}],"wp:attachment":[{"href":"http:\/\/klubmamgdynia.pl\/index.php\/wp-json\/wp\/v2\/media?parent=10999"}],"wp:term":[{"taxonomy":"product_cat","embeddable":true,"href":"http:\/\/klubmamgdynia.pl\/index.php\/wp-json\/wp\/v2\/product_cat?post=10999"},{"taxonomy":"product_tag","embeddable":true,"href":"http:\/\/klubmamgdynia.pl\/index.php\/wp-json\/wp\/v2\/product_tag?post=10999"}],"curies":[{"name":"wp","href":"https:\/\/api.w.org\/{rel}","templated":true}]}}