{"id":1100,"date":"2018-01-18T18:08:00","date_gmt":"2018-01-18T17:08:00","guid":{"rendered":"http:\/\/klubmamgdynia.pl\/index.php\/produkt\/madej-namiot-4-elementy-kostka-tunel-iglo-270x210x95\/"},"modified":"2026-04-29T08:37:55","modified_gmt":"2026-04-29T06:37:55","slug":"madej-namiot-4-elementy-kostka-tunel-iglo-270x210x95","status":"publish","type":"product","link":"http:\/\/klubmamgdynia.pl\/index.php\/produkt\/madej-namiot-4-elementy-kostka-tunel-iglo-270x210x95\/","title":{"rendered":"Madej Namiot 4 Elementy Kostka Tunel Iglo 270X210X95"},"content":{"rendered":"<p>Namiot 4 elementy. Kostka + tunel x2 + iglo.EAN: 5903631401541Gwarancja: 24 miesi\u0105ceKod dostawcy: 004178Nr katalogowy: 004178Marka: BrakObszar: PogodoweRodzaj: Namioty i \u015bpiworyWymagania wiekowe: od 3 latP\u0142e\u0107: Ch\u0142opcyProdukt na baterie: NieBaterie w zestawie: NieZasilanie: Nie dotyczyKolor: NiebieskiWymiary: 270 x 210 x 95 cm<\/p>\n<h2>Madej Namiot 4 Elementy Kostka Tunel Iglo 270X210X95 Madej<\/h2>\n<p>kolorowanki do druku dla ch\u0142opc\u00f3w, atrakcje dla dzieci warszawa i okolice, zagadki logiczne \u015bmieszne, basen warszawa, literki do pisania do druku, li\u015bcie jesienne szablon, pierwsze urodziny prezent na roczek dla dziewczynki, bajki do czytania na dobranoc, \u015bwi\u0119ty przemys\u0142aw, zabawy z pi\u0142k\u0105, kolorowanka uk\u0142ad s\u0142oneczny dla dzieci do druku, dzie\u0144 nauczyciela cytaty, karty pracy dla dzieci z ukrainy klasa 3, imi\u0119 nadia, zagadki dla ma\u0142ych dzieci, choinka z bibu\u0142y, kr\u00f3tkie zagadki matematyczne z odpowiedziami, atrakcje dla nastolatk\u00f3w warszawa<\/p>\n<p>yyyyy<\/p>\n<p>&nbsp;<\/p>\n","protected":false},"excerpt":{"rendered":"<p>Namiot 4 elementy. Kostka + tunel x2 + iglo.EAN: 5903631401541Gwarancja: 24 miesi\u0105ceKod dostawcy: 004178Nr katalogowy: 004178Marka: BrakObszar: PogodoweRodzaj: Namioty i \u015bpiworyWymagania wiekowe: od 3 latP\u0142e\u0107: Ch\u0142opcyProdukt na baterie: NieBaterie w zestawie: NieZasilanie: Nie dotyczyKolor: NiebieskiWymiary: 270 x 210 x 95 cm Madej Namiot 4 Elementy Kostka Tunel Iglo 270X210X95 Madej kolorowanki do druku dla ch\u0142opc\u00f3w, [&hellip;]<\/p>\n","protected":false},"featured_media":1101,"comment_status":"closed","ping_status":"open","template":"","meta":[],"product_cat":[282,70],"product_tag":[603,670,753,629],"class_list":["post-1100","product","type-product","status-publish","has-post-thumbnail","hentry","product_cat-domki-i-namioty-dla-dzieci","product_cat-madej","product_tag-bajki-do-czytania","product_tag-irma","product_tag-kamila","product_tag-smieszne-zagadki-z-odpowiedziami"],"_links":{"self":[{"href":"http:\/\/klubmamgdynia.pl\/index.php\/wp-json\/wp\/v2\/product\/1100","targetHints":{"allow":["GET"]}}],"collection":[{"href":"http:\/\/klubmamgdynia.pl\/index.php\/wp-json\/wp\/v2\/product"}],"about":[{"href":"http:\/\/klubmamgdynia.pl\/index.php\/wp-json\/wp\/v2\/types\/product"}],"replies":[{"embeddable":true,"href":"http:\/\/klubmamgdynia.pl\/index.php\/wp-json\/wp\/v2\/comments?post=1100"}],"wp:featuredmedia":[{"embeddable":true,"href":"http:\/\/klubmamgdynia.pl\/index.php\/wp-json\/wp\/v2\/media\/1101"}],"wp:attachment":[{"href":"http:\/\/klubmamgdynia.pl\/index.php\/wp-json\/wp\/v2\/media?parent=1100"}],"wp:term":[{"taxonomy":"product_cat","embeddable":true,"href":"http:\/\/klubmamgdynia.pl\/index.php\/wp-json\/wp\/v2\/product_cat?post=1100"},{"taxonomy":"product_tag","embeddable":true,"href":"http:\/\/klubmamgdynia.pl\/index.php\/wp-json\/wp\/v2\/product_tag?post=1100"}],"curies":[{"name":"wp","href":"https:\/\/api.w.org\/{rel}","templated":true}]}}