{"id":11003,"date":"2022-02-28T15:28:47","date_gmt":"2022-02-28T14:28:47","guid":{"rendered":"http:\/\/klubmamgdynia.pl\/index.php\/produkt\/cass-film-zakladki-magnetyczne-urodziny-zestaw-3-szt\/"},"modified":"2026-04-05T23:58:31","modified_gmt":"2026-04-05T21:58:31","slug":"cass-film-zakladki-magnetyczne-urodziny-zestaw-3-szt","status":"publish","type":"product","link":"http:\/\/klubmamgdynia.pl\/index.php\/produkt\/cass-film-zakladki-magnetyczne-urodziny-zestaw-3-szt\/","title":{"rendered":"Cass Film Zak\u0142adki Magnetyczne Urodziny Zestaw 3 Szt"},"content":{"rendered":"<p>Pi\u0119knie ilustrowane zak\u0142adki z wystaj\u0105cymi, ozdobnymi elementami. Idealne do zaznaczania ostatnio czytanych lub ulubionych fragment\u00f3w ksi\u0105\u017cek. Doskonale sprawdzaj\u0105 si\u0119 w indeksowaniu notatek, dokument\u00f3w w biurze, w szkole i w domu. Ka\u017cdy zestaw zawiera 3 zak\u0142adki o r\u00f3\u017cnych wzorach.Kod paskowy: 4033477311283Rok wydania: 2017Kod wydawcy: 32298Oprawa: FoliaFormat: 8.6&#215;14.2G\u0142\u0119boko\u015b\u0107 (mm): 6Waga: 0.015Dzia\u0142\/Kategorie: Gad\u017cety i galanteria \/ Akcesoria do ksi\u0105\u017cekJ\u0119zyki: niemieckiGrupa towarowa: Artyku\u0142y papiernicze<\/p>\n<h2>Cass Film Zak\u0142adki Magnetyczne Urodziny Zestaw 3 Szt Moses<\/h2>\n<p>kolorowanki dla ch\u0142opc\u00f3w do druku, malgorzata imi\u0119, kolorowanki kotki do druku, cytaty o przyja\u017ani \u015bmieszne, \u015bmieszne zagadki z odpowiedziami, bianka, atrakcje dla dzieci w warszawie dzi\u015b, co na roczek dla ch\u0142opca, test miko\u0142ajek, irma, rysunki dla pocz\u0105tkuj\u0105cych, zabawy z 7 latkiem<\/p>\n<p>yyyyy<\/p>\n<p>&nbsp;<\/p>\n","protected":false},"excerpt":{"rendered":"<p>Pi\u0119knie ilustrowane zak\u0142adki z wystaj\u0105cymi, ozdobnymi elementami. Idealne do zaznaczania ostatnio czytanych lub ulubionych fragment\u00f3w ksi\u0105\u017cek. Doskonale sprawdzaj\u0105 si\u0119 w indeksowaniu notatek, dokument\u00f3w w biurze, w szkole i w domu. Ka\u017cdy zestaw zawiera 3 zak\u0142adki o r\u00f3\u017cnych wzorach.Kod paskowy: 4033477311283Rok wydania: 2017Kod wydawcy: 32298Oprawa: FoliaFormat: 8.6&#215;14.2G\u0142\u0119boko\u015b\u0107 (mm): 6Waga: 0.015Dzia\u0142\/Kategorie: Gad\u017cety i galanteria \/ Akcesoria do [&hellip;]<\/p>\n","protected":false},"featured_media":11004,"comment_status":"closed","ping_status":"open","template":"","meta":[],"product_cat":[573,325],"product_tag":[599,843,757,698,577],"class_list":["post-11003","product","type-product","status-publish","has-post-thumbnail","hentry","product_cat-moses","product_cat-szkolne-artykuly-papiernicze","product_tag-prezent-dla-nastolatkow-2021","product_tag-smieszne-zagadki-dla-dzieci","product_tag-test-z-lektury-ania-z-zielonego-wzgorza-klasa-6-z-odpowiedziami","product_tag-zagadki-dla-przedszkolakow","product_tag-znaki-drogowe-test"],"_links":{"self":[{"href":"http:\/\/klubmamgdynia.pl\/index.php\/wp-json\/wp\/v2\/product\/11003","targetHints":{"allow":["GET"]}}],"collection":[{"href":"http:\/\/klubmamgdynia.pl\/index.php\/wp-json\/wp\/v2\/product"}],"about":[{"href":"http:\/\/klubmamgdynia.pl\/index.php\/wp-json\/wp\/v2\/types\/product"}],"replies":[{"embeddable":true,"href":"http:\/\/klubmamgdynia.pl\/index.php\/wp-json\/wp\/v2\/comments?post=11003"}],"wp:featuredmedia":[{"embeddable":true,"href":"http:\/\/klubmamgdynia.pl\/index.php\/wp-json\/wp\/v2\/media\/11004"}],"wp:attachment":[{"href":"http:\/\/klubmamgdynia.pl\/index.php\/wp-json\/wp\/v2\/media?parent=11003"}],"wp:term":[{"taxonomy":"product_cat","embeddable":true,"href":"http:\/\/klubmamgdynia.pl\/index.php\/wp-json\/wp\/v2\/product_cat?post=11003"},{"taxonomy":"product_tag","embeddable":true,"href":"http:\/\/klubmamgdynia.pl\/index.php\/wp-json\/wp\/v2\/product_tag?post=11003"}],"curies":[{"name":"wp","href":"https:\/\/api.w.org\/{rel}","templated":true}]}}