{"id":11005,"date":"2013-07-07T10:59:29","date_gmt":"2013-07-07T08:59:29","guid":{"rendered":"http:\/\/klubmamgdynia.pl\/index.php\/produkt\/pan-miesko-cielecina-z-indykiem-3kg-chrupki-m\/"},"modified":"2026-04-04T00:48:22","modified_gmt":"2026-04-03T22:48:22","slug":"pan-miesko-cielecina-z-indykiem-3kg-chrupki-m","status":"publish","type":"product","link":"http:\/\/klubmamgdynia.pl\/index.php\/produkt\/pan-miesko-cielecina-z-indykiem-3kg-chrupki-m\/","title":{"rendered":"Pan Mi\u0119sko Ciel\u0119cina Z Indykiem 3kg Chrupki M"},"content":{"rendered":"<p>Pan Mi\u0119sko \u2013 polska karma dla ps\u00f3w w ka\u017cdym wiekuSzukasz warto\u015bciowej karmy bytowej dla swojego wybrednego czworonoga? By\u0107 mo\u017ce w jego gust trafi Pan Mi\u0119sko Ciel\u0119cina z Indykiem, stworzony na bazie dw\u00f3ch smacznych rodzaj\u00f3w mi\u0119s. To zbilansowany produkt, kt\u00f3ry skutecznie zaspokoi potrzeby \u017cywieniowe doros\u0142ych ps\u00f3w, zach\u0119caj\u0105c je swoim wyj\u0105tkowym sk\u0142adem, aromatem i smakiem.                            <\/p>\n<p>Pan Mi\u0119sko to marka, kt\u00f3ra swoje karmy przygotowuje na terenie Polski. Wykorzystuje w nich starannie wyselekcjonowane mi\u0119sa oraz soczyste jab\u0142ka z polskich sad\u00f3w. Wsp\u00f3lnie z warzywami i niezb\u0119dnymi dodatkami, jej produkty pozytywnie wp\u0142ywaj\u0105 na zdrowie i samopoczucie ps\u00f3w, gwarantuj\u0105c im optymaln\u0105 witalno\u015b\u0107.                            <\/p>\n<p>Pan Mi\u0119sko Ciel\u0119cina z Indykiem \u2013 wyj\u0105tkowa karma dla wybrednych ps\u00f3wPan Mi\u0119sko Ciel\u0119cina z Indykiem to sucha karma dla doros\u0142ych ps\u00f3w, uformowana w granulki o \u015bredniej wielko\u015bci. Oparta o delikatne, suszone mi\u0119\u015bnie szkieletowe ciel\u0105t i indyk\u00f3w, dostarcza bia\u0142ka, \u017celaza, cynku i selenu. Specjali\u015bci zadbali o dodatek owoc\u00f3w i warzyw, stanowi\u0105cych cenne \u017ar\u00f3d\u0142o b\u0142onnika i witamin. Zawarli w niej tak\u017ce szczypt\u0119 prebiotyk\u00f3w FOS i MOS oraz glukozaminy i chondroityny, odpowiedzialnych za zdrowie uk\u0142adu pokarmowego i ruchowego. Warto wspomnie\u0107, \u017ce w karmie Pan Mi\u0119sko z Ciel\u0119ciny i Indyka obecna jest suszona cykoria i Yucca Mojave. To sk\u0142adniki pobudzaj\u0105ce apetyt, sprzyjaj\u0105ce detoksykacji organizmu oraz kompleksowo wspieraj\u0105ce jego prawid\u0142owe funkcjonowanie. Dzi\u0119ki temu te suche granulki s\u0105 ch\u0119tnie zjadane przez psy, kt\u00f3re wykazuj\u0105 nasilon\u0105 tendencj\u0119 do wybrzydzania przy misce.                            <\/p>\n<p>Sk\u0142ad: suszone mi\u0119so ciel\u0119ce (26 %), suszone mi\u0119so indyka (10 %), t\u0142uszcz wo\u0142owy (10 %), groch, groch ob\u0142uszczony, otr\u0119by pszenne, kie\u0142ki pszenicy, hydrolizowane bia\u0142ko kurczaka (5 %), hydrolizowana w\u0105troba kurczaka (4 %), suszone jab\u0142ka (1 %), sk\u0142adniki mineralne, suszone wys\u0142odki buraczane (z burak\u00f3w cukrowych), suszona cykoria (naturalne \u017ar\u00f3d\u0142o FOS #i inuliny) (0,5 %), olej z \u0142ososia (0,5 %), siemi\u0119 lniane, suszone dro\u017cd\u017ce piwne (0,5 %), MOS (manno-oligosacharydy) (0,5 %), Yucca Mojave, chlorowodorek glukozaminy, siarczan chondroityny.                            <\/p>\n<p>Podstawowe cechy produktu:Sucha karma wyprodukowana w PolsceZawarte w karmie prebiotyki FOS i MOS zapewniaj\u0105 prawid\u0142owe trawienie\u015awietna odporno\u015b\u0107 psa zapewniona jest dzi\u0119ki dodatkowi tauryny oraz suszonych dro\u017cd\u017cy piwnychOlej z \u0142ososia, bogaty w kwasy Omega-3 oraz Omega-6, poprawiaj\u0105 kondycj\u0119 i nadaj\u0105 blask sier\u015bciMi\u0119so drobiowe i ciel\u0119ce to \u017ar\u00f3d\u0142a \u0142atwo przyswajalnego bia\u0142ka, kt\u00f3re dostarczy twojemu pupilowi niezb\u0119dn\u0105 do \u017cycia energi\u0119Chrupki w rozmiarze M \u2013 Polecamy psiakom, kt\u00f3re preferuj\u0105 \u015bredniej wielko\u015bci chrupki<\/p>\n<h2>Pan Mi\u0119sko Ciel\u0119cina Z Indykiem 3kg Chrupki M Alpha Spirit<\/h2>\n<p>dobranoc zimowo, zagadki typu co to jest, wielkanocne zagadki, test z ani z zielonego wzg\u00f3rza, \u0142ama\u0144ce j\u0119zykowe dla dzieci, \u0142ama\u0144ce j\u0119zykowe dla dzieci, kolorowanki dla dziewczynek do druku<\/p>\n<p>yyyyy<\/p>\n<p>&nbsp;<\/p>\n","protected":false},"excerpt":{"rendered":"<p>Pan Mi\u0119sko \u2013 polska karma dla ps\u00f3w w ka\u017cdym wiekuSzukasz warto\u015bciowej karmy bytowej dla swojego wybrednego czworonoga? By\u0107 mo\u017ce w jego gust trafi Pan Mi\u0119sko Ciel\u0119cina z Indykiem, stworzony na bazie dw\u00f3ch smacznych rodzaj\u00f3w mi\u0119s. To zbilansowany produkt, kt\u00f3ry skutecznie zaspokoi potrzeby \u017cywieniowe doros\u0142ych ps\u00f3w, zach\u0119caj\u0105c je swoim wyj\u0105tkowym sk\u0142adem, aromatem i smakiem. Pan Mi\u0119sko [&hellip;]<\/p>\n","protected":false},"featured_media":11006,"comment_status":"closed","ping_status":"open","template":"","meta":[],"product_cat":[1937,951],"product_tag":[851,618,684],"class_list":["post-11005","product","type-product","status-publish","has-post-thumbnail","hentry","product_cat-alpha-spirit","product_cat-karmy-dla-psow","product_tag-jak-narysowac-kota","product_tag-lato-lato-lato-czeka-tekst","product_tag-prezent-dla-dziewczynki-na-roczek"],"_links":{"self":[{"href":"http:\/\/klubmamgdynia.pl\/index.php\/wp-json\/wp\/v2\/product\/11005","targetHints":{"allow":["GET"]}}],"collection":[{"href":"http:\/\/klubmamgdynia.pl\/index.php\/wp-json\/wp\/v2\/product"}],"about":[{"href":"http:\/\/klubmamgdynia.pl\/index.php\/wp-json\/wp\/v2\/types\/product"}],"replies":[{"embeddable":true,"href":"http:\/\/klubmamgdynia.pl\/index.php\/wp-json\/wp\/v2\/comments?post=11005"}],"wp:featuredmedia":[{"embeddable":true,"href":"http:\/\/klubmamgdynia.pl\/index.php\/wp-json\/wp\/v2\/media\/11006"}],"wp:attachment":[{"href":"http:\/\/klubmamgdynia.pl\/index.php\/wp-json\/wp\/v2\/media?parent=11005"}],"wp:term":[{"taxonomy":"product_cat","embeddable":true,"href":"http:\/\/klubmamgdynia.pl\/index.php\/wp-json\/wp\/v2\/product_cat?post=11005"},{"taxonomy":"product_tag","embeddable":true,"href":"http:\/\/klubmamgdynia.pl\/index.php\/wp-json\/wp\/v2\/product_tag?post=11005"}],"curies":[{"name":"wp","href":"https:\/\/api.w.org\/{rel}","templated":true}]}}