{"id":11009,"date":"2013-03-26T01:17:39","date_gmt":"2013-03-26T00:17:39","guid":{"rendered":"http:\/\/klubmamgdynia.pl\/index.php\/produkt\/hasbro-play-doh-lody-dla-ochlody-e5348\/"},"modified":"2026-04-06T17:18:45","modified_gmt":"2026-04-06T15:18:45","slug":"hasbro-play-doh-lody-dla-ochlody-e5348","status":"publish","type":"product","link":"http:\/\/klubmamgdynia.pl\/index.php\/produkt\/hasbro-play-doh-lody-dla-ochlody-e5348\/","title":{"rendered":"Hasbro Play-Doh Lody dla och\u0142ody E5348"},"content":{"rendered":"<p>Hasbro Play-Doh &#8211; Ciastolina Lody dla och\u0142ody E5348 CCiastolina Play-Doh kr\u00f3l mas plastycznych!<br \/>\nPlay-Doh to ciastolina, czyli mi\u0119kka masa plastyczna, dzi\u0119ki kt\u00f3rej wszystkie dzieci mog\u0105 wyczarowa\u0107, co tylko sobie wymarz\u0105! Ka\u017cdy znajdzie tu co\u015b dla siebie: s\u0105 samochody i domki, zwierzaki i figurki ludzie oraz wiele innych akcesori\u00f3w, kt\u00f3re sprawi\u0105, \u017ce zabawa z Play-Doh nigdy si\u0119 nie nudzi! Tyle pomys\u0142\u00f3w kryje si\u0119 w ma\u0142ym tekturowym pude\u0142eczku! Play-Doh to od ponad 40 lat zabawka kreatywna numer 1 na \u015bwiecie. Rozwija dzieci\u0119c\u0105 wyobra\u017ani\u0119, kreatywno\u015b\u0107 i sprawno\u015b\u0107 manualn\u0105.<br \/>\nPorywaj\u0105ca r\u00f3\u017cnorodno\u015b\u0107 kolor\u00f3w Play-Doh w unikalnych i nowoczesnych pojemnikach w kszta\u0142cie lod\u00f3w na patyku lub lodowych ro\u017ck\u00f3w (sprzedawane oddzielnie), ka\u017cdy zawiera dwukolorow\u0105 ciastolin\u0119 oraz wbudowane formy dzi\u0119ki kt\u00f3rym mo\u017cna doda\u0107 zabawne smako\u0142yki. R\u00f3\u017cnorodne kolory i kszta\u0142ty sprzedawane s\u0105 oddzielnie, ale z pewno\u015bci\u0105 b\u0119dziesz chcia\u0142 mie\u0107 je wszystkie!\u00a0Zawarto\u015b\u0107 i cechy zestawu:<br \/>\nOpakowanie imituj\u0105ce l\u00f3d na patyku<br \/>\nCiastolina 84g                            <\/p>\n<p>Parametry<br \/>\nPrzedzia\u0142 wiekowy\tOd 2 lat<br \/>\nWiek dziecka\t2, 3, 4, 5, 6Wymiary\tok. 15 cm (wysoko\u015b\u0107)<br \/>\nP\u0142e\u0107\tCh\u0142opiec, Dziewczynka<br \/>\nWymiary opakowania\t15 x 7 x 3 cm<br \/>\nWaga (kg)\t0.1<\/p>\n<h2>Hasbro Play-Doh Lody dla och\u0142ody E5348 Hasbro<\/h2>\n<p>izabella imi\u0119, wzory dyplom\u00f3w do pobrania, szlaczki literopodobne do wydruku, ale kino program, po\u0142\u0105cz kropki do wydruku pdf, dobre zagadki logiczne, kr\u00f3tkie zagadki, kuba imi\u0119, zagadki matematyczne dla dzieci 7 lat, zagadki logiczne matematyczne dla dzieci, tabliczka mno\u017cenia zadania do druku, rysunki do druku, praktyczny prezent dla rocznego dziecka, kiedy dzieci chodz\u0105 na halloween, znaki drogowe quiz, mapa polski do druku, pan twardowski na ksi\u0119\u017cycu wiersz, super zings kolorowanki, test z lektury pies kt\u00f3ry je\u017adzi\u0142 kolej\u0105, ozdoby na choink\u0119 dla dzieci z papieru, tekst kolysanek<\/p>\n<p>yyyyy<\/p>\n<p>&nbsp;<\/p>\n","protected":false},"excerpt":{"rendered":"<p>Hasbro Play-Doh &#8211; Ciastolina Lody dla och\u0142ody E5348 CCiastolina Play-Doh kr\u00f3l mas plastycznych! Play-Doh to ciastolina, czyli mi\u0119kka masa plastyczna, dzi\u0119ki kt\u00f3rej wszystkie dzieci mog\u0105 wyczarowa\u0107, co tylko sobie wymarz\u0105! Ka\u017cdy znajdzie tu co\u015b dla siebie: s\u0105 samochody i domki, zwierzaki i figurki ludzie oraz wiele innych akcesori\u00f3w, kt\u00f3re sprawi\u0105, \u017ce zabawa z Play-Doh nigdy [&hellip;]<\/p>\n","protected":false},"featured_media":11010,"comment_status":"closed","ping_status":"open","template":"","meta":[],"product_cat":[129,21],"product_tag":[808,584,795,868,629,641,592],"class_list":["post-11009","product","type-product","status-publish","has-post-thumbnail","hentry","product_cat-hasbro","product_cat-zabawki-plastyczne","product_tag-imie-mia","product_tag-liwia","product_tag-mini-zoo-warszawa","product_tag-quizy-dla-dzieci","product_tag-smieszne-zagadki-z-odpowiedziami","product_tag-trudne-zagadki-logiczne","product_tag-zagadki-dla-dzieci"],"_links":{"self":[{"href":"http:\/\/klubmamgdynia.pl\/index.php\/wp-json\/wp\/v2\/product\/11009","targetHints":{"allow":["GET"]}}],"collection":[{"href":"http:\/\/klubmamgdynia.pl\/index.php\/wp-json\/wp\/v2\/product"}],"about":[{"href":"http:\/\/klubmamgdynia.pl\/index.php\/wp-json\/wp\/v2\/types\/product"}],"replies":[{"embeddable":true,"href":"http:\/\/klubmamgdynia.pl\/index.php\/wp-json\/wp\/v2\/comments?post=11009"}],"wp:featuredmedia":[{"embeddable":true,"href":"http:\/\/klubmamgdynia.pl\/index.php\/wp-json\/wp\/v2\/media\/11010"}],"wp:attachment":[{"href":"http:\/\/klubmamgdynia.pl\/index.php\/wp-json\/wp\/v2\/media?parent=11009"}],"wp:term":[{"taxonomy":"product_cat","embeddable":true,"href":"http:\/\/klubmamgdynia.pl\/index.php\/wp-json\/wp\/v2\/product_cat?post=11009"},{"taxonomy":"product_tag","embeddable":true,"href":"http:\/\/klubmamgdynia.pl\/index.php\/wp-json\/wp\/v2\/product_tag?post=11009"}],"curies":[{"name":"wp","href":"https:\/\/api.w.org\/{rel}","templated":true}]}}