{"id":11011,"date":"2024-08-14T04:29:07","date_gmt":"2024-08-14T02:29:07","guid":{"rendered":"http:\/\/klubmamgdynia.pl\/?post_type=product&#038;p=11011"},"modified":"2026-04-04T01:28:13","modified_gmt":"2026-04-03T23:28:13","slug":"alexander-wiewiorki-big-1794","status":"publish","type":"product","link":"http:\/\/klubmamgdynia.pl\/index.php\/produkt\/alexander-wiewiorki-big-1794\/","title":{"rendered":"Alexander Wiewi\u00f3rki Big 1794"},"content":{"rendered":"<p>Przenie\u015b si\u0119 do malowniczego lasu i zosta\u0144 sprytn\u0105 wiewi\u00f3rk\u0105.Ka\u017cdy z graczy ma na celu zdobycie jak najwi\u0119kszej liczby orzech\u00f3w (\u017ceton\u00f3w) umieszczonych na planszy. Zadanie nie jest \u0142atwe, poniewa\u017c w lesie czyha wiele przeszk\u00f3d. Wiewi\u00f3rki musz\u0105 strzec si\u0119 gro\u017anej kuny, uwa\u017ca\u0107 na pszczo\u0142y i z\u0142o\u015bliwe kruki. Na szcz\u0119\u015bcie zm\u0119czona wiewi\u00f3rka zawsze mo\u017ce nabra\u0107 si\u0142 odpoczywaj\u0105c w domku wiewi\u00f3rek lub pij\u0105c wod\u0119 ze \u017ar\u00f3de\u0142ka.Informacje o produkcieNr katalogowy1794Marka (Zabawki) BrakRodzaj (zabawki::gry) PlanszoweLiczba graczy 2 &#8211; 4Wersja j\u0119zykowa (zabawki::gry\/karciane) PolskaWymagania wiekowe od 5 latP\u0142e\u0107 (zabawki) Dziewczynki i ch\u0142opcyAkcesoria w zestawie- Plansza- Pionki \u2013 4 sztuk- Kostka- \u017betony \u2013 20 sztuk- InstrukcjaPozosta\u0142e parametryWymiary opakowania: 29 x 19 x 4 cm<\/p>\n<h2>Alexander Wiewi\u00f3rki Big 1794 Alexander<\/h2>\n<p>trudne zagadki, proste dekoracje bo\u017conarodzeniowe dla dzieci, sk\u0142adniki do pizzy kolorowanka, test z opowie\u015bci z narnii lew czarownica i stara szafa, znajd\u017a r\u00f3\u017cnice, paloma, julian znaczenie imienia, z\u0142ote my\u015bli kubu\u015b puchatek cytaty, wiersze \u0142ama\u0144ce j\u0119zykowe dla dzieci, cytaty dla przyjaciela, zagadki logiczne, tajemniczy ogr\u00f3d test z odpowiedziami<\/p>\n<p>yyyyy<\/p>\n<p>&nbsp;<\/p>\n","protected":false},"excerpt":{"rendered":"<p>Przenie\u015b si\u0119 do malowniczego lasu i zosta\u0144 sprytn\u0105 wiewi\u00f3rk\u0105.Ka\u017cdy z graczy ma na celu zdobycie jak najwi\u0119kszej liczby orzech\u00f3w (\u017ceton\u00f3w) umieszczonych na planszy. Zadanie nie jest \u0142atwe, poniewa\u017c w lesie czyha wiele przeszk\u00f3d. Wiewi\u00f3rki musz\u0105 strzec si\u0119 gro\u017anej kuny, uwa\u017ca\u0107 na pszczo\u0142y i z\u0142o\u015bliwe kruki. Na szcz\u0119\u015bcie zm\u0119czona wiewi\u00f3rka zawsze mo\u017ce nabra\u0107 si\u0142 odpoczywaj\u0105c w [&hellip;]<\/p>\n","protected":false},"featured_media":11012,"comment_status":"closed","ping_status":"open","template":"","meta":[],"product_cat":[246,130],"product_tag":[609,651,779],"class_list":["post-11011","product","type-product","status-publish","has-post-thumbnail","hentry","product_cat-alexander","product_cat-gry-dzieciece","product_tag-quiz-flagi-europy","product_tag-quizy-online","product_tag-zarty-na-prima-aprilis-w-domu"],"_links":{"self":[{"href":"http:\/\/klubmamgdynia.pl\/index.php\/wp-json\/wp\/v2\/product\/11011","targetHints":{"allow":["GET"]}}],"collection":[{"href":"http:\/\/klubmamgdynia.pl\/index.php\/wp-json\/wp\/v2\/product"}],"about":[{"href":"http:\/\/klubmamgdynia.pl\/index.php\/wp-json\/wp\/v2\/types\/product"}],"replies":[{"embeddable":true,"href":"http:\/\/klubmamgdynia.pl\/index.php\/wp-json\/wp\/v2\/comments?post=11011"}],"wp:featuredmedia":[{"embeddable":true,"href":"http:\/\/klubmamgdynia.pl\/index.php\/wp-json\/wp\/v2\/media\/11012"}],"wp:attachment":[{"href":"http:\/\/klubmamgdynia.pl\/index.php\/wp-json\/wp\/v2\/media?parent=11011"}],"wp:term":[{"taxonomy":"product_cat","embeddable":true,"href":"http:\/\/klubmamgdynia.pl\/index.php\/wp-json\/wp\/v2\/product_cat?post=11011"},{"taxonomy":"product_tag","embeddable":true,"href":"http:\/\/klubmamgdynia.pl\/index.php\/wp-json\/wp\/v2\/product_tag?post=11011"}],"curies":[{"name":"wp","href":"https:\/\/api.w.org\/{rel}","templated":true}]}}