{"id":11013,"date":"2017-07-28T00:55:10","date_gmt":"2017-07-27T22:55:10","guid":{"rendered":"http:\/\/klubmamgdynia.pl\/index.php\/produkt\/spin-master-kinetic-sand-piasek-kinetyczny-polyskujacy-71408_0027-2\/"},"modified":"2026-05-17T23:33:28","modified_gmt":"2026-05-17T21:33:28","slug":"spin-master-kinetic-sand-piasek-kinetyczny-polyskujacy-71408_0027-2","status":"publish","type":"product","link":"http:\/\/klubmamgdynia.pl\/index.php\/produkt\/spin-master-kinetic-sand-piasek-kinetyczny-polyskujacy-71408_0027-2\/","title":{"rendered":"Spin Master Kinetic Sand Piasek Kinetyczny Po\u0142yskuj\u0105cy 71408_0027 2"},"content":{"rendered":"<p>Kinetic Sand \u2013 niesamowity produkt kt\u00f3ry sk\u0142ada si\u0119 w 98% z piasku i 2% z magii.Podczas \u015bciskania piasku mo\u017cesz poczu\u0107 ca\u0142\u0105 zabaw\u0119 i przekona\u0107 si\u0119 \u017ce piasek przylega tylko do siebie, a nie do twoich d\u0142oni.Piasek w niezwyk\u0142y spos\u00f3b przep\u0142ywa przez palce jak ciecz, ale pozostawia je suche.Sam piasek nigdy nie wysycha, co pozwala na nieko\u0144cz\u0105c\u0105 si\u0119 zabaw\u0119.W\u0142a\u015bciwo\u015bci:- nie traci w\u0142a\u015bciwo\u015bci plastycznych (nie wysycha)- \u0142atwe czyszczenie- Twoje r\u0119ce pozostan\u0105 czyste- \u0142atwe modelowanie, ugniataniePlastyczny piasek, kt\u00f3ry nigdy ci si\u0119 nie znudzi!ZAWARTO\u015a\u0106:454g piasku kinetycznego w kolorze po\u0142yskuj\u0105cym zielonymWYMIARY:22 x 18 x 5 cmWAGA:700gUWAGI:Nieodpowiedni dla dzieci poni\u017cej 3 roku \u017cycia. Piasek nie jest przeznaczona do spo\u017cycia. Do wykorzystania wy\u0142\u0105cznie w suchych pomieszczeniach. Po u\u017cyciu dok\u0142adnie umyj r\u0119ce.Przechowywanie Kinetic Stand w opakowaniu pozwala zachowa\u0107 czysto\u015b\u0107 oraz eliminuje kurz.Wyprodukowano w Szwecji<\/p>\n<h2>Spin Master Kinetic Sand Piasek Kinetyczny Po\u0142yskuj\u0105cy 71408_0027 2 Spin Master<\/h2>\n<p>zabawy logiczne dla dzieci, nauka polskiego dla dzieci z ukrainy, cookie dough przepis, mia imie, maski karnawa\u0142owe dla dzieci szablony, andrea, zagadki trudne, \u017carty na prima aprilis dla dzieci, logiczne zagadki, karty pracy po ukrai\u0144sku, zagadki zimowe, opisy do zdj\u0119\u0107 dziecka, atrakcje dla dzieci wroc\u0142aw i okolice, trudne zadania matematyczne, wroc\u0142aw atrakcje dla dzieci 2021, piosenki dla dzieci o jesieni, pomys\u0142 na prezent dla nastolatki, peppa do czytania, cytaty o dziecku, szlaczki<\/p>\n<p>yyyyy<\/p>\n<p>&nbsp;<\/p>\n","protected":false},"excerpt":{"rendered":"<p>Kinetic Sand \u2013 niesamowity produkt kt\u00f3ry sk\u0142ada si\u0119 w 98% z piasku i 2% z magii.Podczas \u015bciskania piasku mo\u017cesz poczu\u0107 ca\u0142\u0105 zabaw\u0119 i przekona\u0107 si\u0119 \u017ce piasek przylega tylko do siebie, a nie do twoich d\u0142oni.Piasek w niezwyk\u0142y spos\u00f3b przep\u0142ywa przez palce jak ciecz, ale pozostawia je suche.Sam piasek nigdy nie wysycha, co pozwala na [&hellip;]<\/p>\n","protected":false},"featured_media":11014,"comment_status":"closed","ping_status":"open","template":"","meta":[],"product_cat":[94,21],"product_tag":[867,803,782],"class_list":["post-11013","product","type-product","status-publish","has-post-thumbnail","hentry","product_cat-spin-master","product_cat-zabawki-plastyczne","product_tag-kolorowanki-dla-dziewczynek","product_tag-szlaczki-do-druku","product_tag-zagadki-dla-dzieci-z-odpowiedziami"],"_links":{"self":[{"href":"http:\/\/klubmamgdynia.pl\/index.php\/wp-json\/wp\/v2\/product\/11013","targetHints":{"allow":["GET"]}}],"collection":[{"href":"http:\/\/klubmamgdynia.pl\/index.php\/wp-json\/wp\/v2\/product"}],"about":[{"href":"http:\/\/klubmamgdynia.pl\/index.php\/wp-json\/wp\/v2\/types\/product"}],"replies":[{"embeddable":true,"href":"http:\/\/klubmamgdynia.pl\/index.php\/wp-json\/wp\/v2\/comments?post=11013"}],"wp:featuredmedia":[{"embeddable":true,"href":"http:\/\/klubmamgdynia.pl\/index.php\/wp-json\/wp\/v2\/media\/11014"}],"wp:attachment":[{"href":"http:\/\/klubmamgdynia.pl\/index.php\/wp-json\/wp\/v2\/media?parent=11013"}],"wp:term":[{"taxonomy":"product_cat","embeddable":true,"href":"http:\/\/klubmamgdynia.pl\/index.php\/wp-json\/wp\/v2\/product_cat?post=11013"},{"taxonomy":"product_tag","embeddable":true,"href":"http:\/\/klubmamgdynia.pl\/index.php\/wp-json\/wp\/v2\/product_tag?post=11013"}],"curies":[{"name":"wp","href":"https:\/\/api.w.org\/{rel}","templated":true}]}}