{"id":11017,"date":"2024-02-13T03:13:04","date_gmt":"2024-02-13T02:13:04","guid":{"rendered":"http:\/\/klubmamgdynia.pl\/?post_type=product&#038;p=11017"},"modified":"2026-04-06T02:23:06","modified_gmt":"2026-04-06T00:23:06","slug":"hh-poland-sztuczki-magiczne-150-sztuczek-deluxe-magiczny-cylidner","status":"publish","type":"product","link":"http:\/\/klubmamgdynia.pl\/index.php\/produkt\/hh-poland-sztuczki-magiczne-150-sztuczek-deluxe-magiczny-cylidner\/","title":{"rendered":"Hh-Poland Sztuczki Magiczne 150 Sztuczek Deluxe Magiczny Cylidner"},"content":{"rendered":"<p>Sztuczki magiczne to idealny zestaw dla ka\u017cdego dziecka,kt\u00f3re marzy o karierze iluzjonisty lub lubi robi\u0107 dowcipy.Dzi\u0119ki temu zestawowi Twoje dziecko nauczy si\u0119 robi\u0107 a\u017c 150 r\u00f3\u017cnych sztuczek \u2013 z akcesoriami lub bez!Jest to \u015bwietna zabawa dla ma\u0142ych i du\u017cych!Zar\u00f3wno osoba wcielaj\u0105ca si\u0119 w rol\u0119 iluzjonisty,jak i publiczno\u015b\u0107 b\u0119d\u0105 si\u0119 \u015bwietnie bawi\u0107 podczas magicznych pokaz\u00f3w.W\u015br\u00f3d sztuczek znajdziemy te z kartami, znikaj\u0105cymi kulkami, monet\u0105 czy sznurkiem.ZAWARTO\u015a\u0106:\u2013 magiczny cylinder\u2013 kr\u00f3lik z g\u0105bki\u2013 2 kostki do gry\u2013 4 naparstki\u2013 3 plastikowe kule\u2013 1\/2 plastikowej kuli\u2013 8 magicznych pier\u015bcieni\u2013 magiczne karty\u2013 pude\u0142ko na kostki to gry\u2013 3 kubki\u2013 sk\u0142adana karta\u2013 4 pompony\u2013 2 chusty\u2013 r\u00f3\u017cd\u017cka\u2013 talia kard\u2013 plastikowe jajko\u2013 magiczny sznurek\u2013 znikaj\u0105ca moneta\u2013 \u0142ami\u0105cy si\u0119 sznurek\u2013 magiczny kwiat\u2013 instrukcja w j\u0119zyku polskim i angielskim (150 sztuczek)WIEK:10+WYMIARY:opakowania: 35 x 29 x 15 cmWAGA:580 g<\/p>\n<h2>Hh-Poland Sztuczki Magiczne 150 Sztuczek Deluxe Magiczny Cylidner HH Poland<\/h2>\n<p>test szatan z si\u00f3dmej klasy, znaczenie imiona alan, halloween 2021 dla dzieci, kwiecien plecien, traktory do druku, quiz flagi, jak narysowa\u0107, prezent dla pi\u0119tnastolatka, o\u015brodki wczasowe nad morzem dla rodzin z dzie\u0107mi, \u015bmieszne zagadki, wierszyki na \u015bmigus dyngus, maski superbohater\u00f3w do wydrukowania<\/p>\n<p>yyyyy<\/p>\n<p>&nbsp;<\/p>\n","protected":false},"excerpt":{"rendered":"<p>Sztuczki magiczne to idealny zestaw dla ka\u017cdego dziecka,kt\u00f3re marzy o karierze iluzjonisty lub lubi robi\u0107 dowcipy.Dzi\u0119ki temu zestawowi Twoje dziecko nauczy si\u0119 robi\u0107 a\u017c 150 r\u00f3\u017cnych sztuczek \u2013 z akcesoriami lub bez!Jest to \u015bwietna zabawa dla ma\u0142ych i du\u017cych!Zar\u00f3wno osoba wcielaj\u0105ca si\u0119 w rol\u0119 iluzjonisty,jak i publiczno\u015b\u0107 b\u0119d\u0105 si\u0119 \u015bwietnie bawi\u0107 podczas magicznych pokaz\u00f3w.W\u015br\u00f3d sztuczek [&hellip;]<\/p>\n","protected":false},"featured_media":11018,"comment_status":"closed","ping_status":"open","template":"","meta":[],"product_cat":[290,72],"product_tag":[817,716,862],"class_list":["post-11017","product","type-product","status-publish","has-post-thumbnail","hentry","product_cat-hh-poland","product_cat-mali-naukowcy","product_tag-bajka-terapeutyczna-o-emocjach","product_tag-filmy-animowane-o-swietach","product_tag-nasza-zima-zla-tekst"],"_links":{"self":[{"href":"http:\/\/klubmamgdynia.pl\/index.php\/wp-json\/wp\/v2\/product\/11017","targetHints":{"allow":["GET"]}}],"collection":[{"href":"http:\/\/klubmamgdynia.pl\/index.php\/wp-json\/wp\/v2\/product"}],"about":[{"href":"http:\/\/klubmamgdynia.pl\/index.php\/wp-json\/wp\/v2\/types\/product"}],"replies":[{"embeddable":true,"href":"http:\/\/klubmamgdynia.pl\/index.php\/wp-json\/wp\/v2\/comments?post=11017"}],"wp:featuredmedia":[{"embeddable":true,"href":"http:\/\/klubmamgdynia.pl\/index.php\/wp-json\/wp\/v2\/media\/11018"}],"wp:attachment":[{"href":"http:\/\/klubmamgdynia.pl\/index.php\/wp-json\/wp\/v2\/media?parent=11017"}],"wp:term":[{"taxonomy":"product_cat","embeddable":true,"href":"http:\/\/klubmamgdynia.pl\/index.php\/wp-json\/wp\/v2\/product_cat?post=11017"},{"taxonomy":"product_tag","embeddable":true,"href":"http:\/\/klubmamgdynia.pl\/index.php\/wp-json\/wp\/v2\/product_tag?post=11017"}],"curies":[{"name":"wp","href":"https:\/\/api.w.org\/{rel}","templated":true}]}}