{"id":1102,"date":"2023-08-18T10:57:45","date_gmt":"2023-08-18T08:57:45","guid":{"rendered":"http:\/\/klubmamgdynia.pl\/?post_type=product&#038;p=1102"},"modified":"2026-04-06T15:08:43","modified_gmt":"2026-04-06T13:08:43","slug":"majorette-hangar-samolotowy-creatix","status":"publish","type":"product","link":"http:\/\/klubmamgdynia.pl\/index.php\/produkt\/majorette-hangar-samolotowy-creatix\/","title":{"rendered":"Majorette Hangar Samolotowy Creatix"},"content":{"rendered":"<p>Hangar samolotowy CreatixHangar serwisuj\u0105cy z wind\u0105Ruchome drzwiZestaw z samolotem 7,5 cm i akcesoriamiPolska wersjaEAN:  3467452042458Gwarancja:  24 miesi\u0105ceKod dostawcy:  212050017038Nr katalogowy:  212050017038Marka:  BrakRodzaj:  Gara\u017ceZawarto\u015b\u0107 zestawu:  Hangar SamolotMateria\u0142:  Tworzywo sztuczneWymagania wiekowe:  od 5 latP\u0142e\u0107:  Ch\u0142opcyProdukt na baterie:  NieBaterie w zestawie:  NieZasilanie:  Nie dotyczyKolor:  Niebieski<\/p>\n<h2>Majorette Hangar Samolotowy Creatix Majorette<\/h2>\n<p>miko\u0142ajek test z lektury, wiersze o wio\u015bnie jana brzechwy, prezenty dla 7 latka, labirynt psi patrol, co\u015b dla nastolatk\u00f3w, wiosna zagadki, test z lektury mitologia grecka, warszawa atrakcje dla m\u0142odzie\u017cy, krok jak narysowa\u0107 konia, prezenty dla nastolatk\u00f3w, co na prezent dla 7 latki, kolorowanka myszka minnie, zagadki logiczne \u015bmieszne, co kupi\u0107 nastolatce na \u015bwi\u0119ta, izabela imie, test ch\u0142opcy z placu broni klasa 5<\/p>\n<p>yyyyy<\/p>\n<p>&nbsp;<\/p>\n","protected":false},"excerpt":{"rendered":"<p>Hangar samolotowy CreatixHangar serwisuj\u0105cy z wind\u0105Ruchome drzwiZestaw z samolotem 7,5 cm i akcesoriamiPolska wersjaEAN: 3467452042458Gwarancja: 24 miesi\u0105ceKod dostawcy: 212050017038Nr katalogowy: 212050017038Marka: BrakRodzaj: Gara\u017ceZawarto\u015b\u0107 zestawu: Hangar SamolotMateria\u0142: Tworzywo sztuczneWymagania wiekowe: od 5 latP\u0142e\u0107: Ch\u0142opcyProdukt na baterie: NieBaterie w zestawie: NieZasilanie: Nie dotyczyKolor: Niebieski Majorette Hangar Samolotowy Creatix Majorette miko\u0142ajek test z lektury, wiersze o wio\u015bnie jana [&hellip;]<\/p>\n","protected":false},"featured_media":1103,"comment_status":"closed","ping_status":"open","template":"","meta":[],"product_cat":[343,141],"product_tag":[780,799,714],"class_list":["post-1102","product","type-product","status-publish","has-post-thumbnail","hentry","product_cat-majorette","product_cat-parkingi-garaze-i-tory-wyscigowe","product_tag-krecik-bajka","product_tag-zagadka-logiczna","product_tag-zagadki-logiczne"],"_links":{"self":[{"href":"http:\/\/klubmamgdynia.pl\/index.php\/wp-json\/wp\/v2\/product\/1102","targetHints":{"allow":["GET"]}}],"collection":[{"href":"http:\/\/klubmamgdynia.pl\/index.php\/wp-json\/wp\/v2\/product"}],"about":[{"href":"http:\/\/klubmamgdynia.pl\/index.php\/wp-json\/wp\/v2\/types\/product"}],"replies":[{"embeddable":true,"href":"http:\/\/klubmamgdynia.pl\/index.php\/wp-json\/wp\/v2\/comments?post=1102"}],"wp:featuredmedia":[{"embeddable":true,"href":"http:\/\/klubmamgdynia.pl\/index.php\/wp-json\/wp\/v2\/media\/1103"}],"wp:attachment":[{"href":"http:\/\/klubmamgdynia.pl\/index.php\/wp-json\/wp\/v2\/media?parent=1102"}],"wp:term":[{"taxonomy":"product_cat","embeddable":true,"href":"http:\/\/klubmamgdynia.pl\/index.php\/wp-json\/wp\/v2\/product_cat?post=1102"},{"taxonomy":"product_tag","embeddable":true,"href":"http:\/\/klubmamgdynia.pl\/index.php\/wp-json\/wp\/v2\/product_tag?post=1102"}],"curies":[{"name":"wp","href":"https:\/\/api.w.org\/{rel}","templated":true}]}}