{"id":11021,"date":"2013-03-03T21:25:57","date_gmt":"2013-03-03T20:25:57","guid":{"rendered":"http:\/\/klubmamgdynia.pl\/index.php\/produkt\/graine-creative-masa-do-tworzenia-gumek-6x25g-kosmos\/"},"modified":"2026-05-17T23:00:46","modified_gmt":"2026-05-17T21:00:46","slug":"graine-creative-masa-do-tworzenia-gumek-6x25g-kosmos","status":"publish","type":"product","link":"http:\/\/klubmamgdynia.pl\/index.php\/produkt\/graine-creative-masa-do-tworzenia-gumek-6x25g-kosmos\/","title":{"rendered":"Graine Creative Masa Do Tworzenia Gumek 6X25G Kosmos"},"content":{"rendered":"<p>Patagom &#8211; Masa do tworzenia gumek &#8211; Kosmos 262411 Masa do tworzenia gumek Patagom to produkt uzupe\u0142niaj\u0105cy, kt\u00f3ry sprawdzi si\u0119 jako dodatkowy materia\u0142 do samodzielnego formowania rozmaitych kszta\u0142t\u00f3w, jakie po zapieczeniu w odpowiedniej temperaturze staj\u0105 si\u0119 prawdziwymi gumkami do \u015bcierania! Blister zawiera 6 kostek w kolorach pomara\u0144czowym, granatowym, zielonym, fioletowym, r\u00f3\u017cowym i bia\u0142ym \u2013 odcienie s\u0105 \u017cywe i wyraziste, a zmieszane razem utworz\u0105 zupe\u0142nie nowe barwy! Masa Patagom zyskuje dodatkowe w\u0142a\u015bciwo\u015bci, kiedy zostanie umieszczona w piekarniku na 15 minut w 120 stopniach \u2013 taka temperatura sprawia, \u017ce figurki twardniej\u0105 i staj\u0105 si\u0119 prawdziwymi gumkami do \u015bcierania. Kolorystyka zestawu \u015bwietnie sprawdzi si\u0119 do tworzenia finezyjnych figurek w kszta\u0142cie kosmicznych figurek. Zestaw z mas\u0105 do tworzenia gumek \u2013 Kosmos \u2013 przeznaczony jest dla dzieci powy\u017cej 8. roku \u017cycia. Masa do tworzenia gumek do mazania Patagon \u2013 informacje dodatkowe: Producent: DTM LOISIRS CREATIFS Seria: Pendo Numer katalogowy: 262411 Wiek dziecka: + 8 lat Wymiary opakowania: 20 cm x 13,5 cm x 3,5 cm<\/p>\n<h2>Graine Creative Masa Do Tworzenia Gumek 6X25G Kosmos Graine Creative<\/h2>\n<p>zagadki, kuku\u0142eczka kuka tekst, pisanki woskiem wzory, kolorowanki z bajek, zagadki kr\u00f3tkie, labirynt dla dzieci, pomys\u0142 na prezent dla 15 latki, cytaty o dziecku i mamie, piesek kolorowanka, pikachu kolorowanka, kolorowanki do druku dla ch\u0142opc\u00f3w, smok wawelski kolorowanka, psikusy na prima aprilis, trudne zagadki logiczne z odpowiedziami, fajne zagadki, bianka, izabela imie<\/p>\n<p>yyyyy<\/p>\n<p>&nbsp;<\/p>\n","protected":false},"excerpt":{"rendered":"<p>Patagom &#8211; Masa do tworzenia gumek &#8211; Kosmos 262411 Masa do tworzenia gumek Patagom to produkt uzupe\u0142niaj\u0105cy, kt\u00f3ry sprawdzi si\u0119 jako dodatkowy materia\u0142 do samodzielnego formowania rozmaitych kszta\u0142t\u00f3w, jakie po zapieczeniu w odpowiedniej temperaturze staj\u0105 si\u0119 prawdziwymi gumkami do \u015bcierania! Blister zawiera 6 kostek w kolorach pomara\u0144czowym, granatowym, zielonym, fioletowym, r\u00f3\u017cowym i bia\u0142ym \u2013 odcienie [&hellip;]<\/p>\n","protected":false},"featured_media":11022,"comment_status":"closed","ping_status":"open","template":"","meta":[],"product_cat":[1938,21],"product_tag":[690,647,793],"class_list":["post-11021","product","type-product","status-publish","has-post-thumbnail","hentry","product_cat-graine-creative","product_cat-zabawki-plastyczne","product_tag-pieski-male-dwa-tekst","product_tag-warszawa-z-dzieckiem","product_tag-zagadki-smieszne-podchwytliwe"],"_links":{"self":[{"href":"http:\/\/klubmamgdynia.pl\/index.php\/wp-json\/wp\/v2\/product\/11021","targetHints":{"allow":["GET"]}}],"collection":[{"href":"http:\/\/klubmamgdynia.pl\/index.php\/wp-json\/wp\/v2\/product"}],"about":[{"href":"http:\/\/klubmamgdynia.pl\/index.php\/wp-json\/wp\/v2\/types\/product"}],"replies":[{"embeddable":true,"href":"http:\/\/klubmamgdynia.pl\/index.php\/wp-json\/wp\/v2\/comments?post=11021"}],"wp:featuredmedia":[{"embeddable":true,"href":"http:\/\/klubmamgdynia.pl\/index.php\/wp-json\/wp\/v2\/media\/11022"}],"wp:attachment":[{"href":"http:\/\/klubmamgdynia.pl\/index.php\/wp-json\/wp\/v2\/media?parent=11021"}],"wp:term":[{"taxonomy":"product_cat","embeddable":true,"href":"http:\/\/klubmamgdynia.pl\/index.php\/wp-json\/wp\/v2\/product_cat?post=11021"},{"taxonomy":"product_tag","embeddable":true,"href":"http:\/\/klubmamgdynia.pl\/index.php\/wp-json\/wp\/v2\/product_tag?post=11021"}],"curies":[{"name":"wp","href":"https:\/\/api.w.org\/{rel}","templated":true}]}}