{"id":11023,"date":"2020-09-21T08:17:52","date_gmt":"2020-09-21T06:17:52","guid":{"rendered":"http:\/\/klubmamgdynia.pl\/index.php\/produkt\/staedtler-masa-fimo-leather-effect-57g-czarny\/"},"modified":"2026-04-05T22:27:17","modified_gmt":"2026-04-05T20:27:17","slug":"staedtler-masa-fimo-leather-effect-57g-czarny","status":"publish","type":"product","link":"http:\/\/klubmamgdynia.pl\/index.php\/produkt\/staedtler-masa-fimo-leather-effect-57g-czarny\/","title":{"rendered":"Staedtler Masa Fimo Leather Effect 57G Czarny"},"content":{"rendered":"<p>Mi\u0119kka i delikatna masa termoutwardzalna. Daje mo\u017cliwo\u015bci tworzenia niesamowitych wzor\u00f3w. Idealna dla pocz\u0105tkuj\u0105cych, dla doros\u0142ych i dzieci w wieku szkolnym, pod kontrol\u0105 opiekun\u00f3w. Utwardzana w piekarniku w temp. 130C przez 20-30 minut. Po wypaleniu utrzymuje kszta\u0142t i kolor. Doskona\u0142a do tworzenia bi\u017cuterii, figurek, dekoracji szk\u0142a i porcelany.EAN: 4007817053300<\/p>\n<h2>Staedtler Masa Fimo Leather Effect 57G Czarny Staedtler<\/h2>\n<p>kolorowanki uk\u0142ad s\u0142oneczny, pomysly na prima aprilis, w\u0142ochy, imi\u0119 kostek, prezent na 1 urodziny dla dziewczynki, quiz felix net i nika oraz gang niewidzialnych ludzi, ciekawe zagadki, quiz spos\u00f3b na alcybiadesa, pewna \u017caba by\u0142a s\u0142aba<\/p>\n<p>yyyyy<\/p>\n<p>&nbsp;<\/p>\n","protected":false},"excerpt":{"rendered":"<p>Mi\u0119kka i delikatna masa termoutwardzalna. Daje mo\u017cliwo\u015bci tworzenia niesamowitych wzor\u00f3w. Idealna dla pocz\u0105tkuj\u0105cych, dla doros\u0142ych i dzieci w wieku szkolnym, pod kontrol\u0105 opiekun\u00f3w. Utwardzana w piekarniku w temp. 130C przez 20-30 minut. Po wypaleniu utrzymuje kszta\u0142t i kolor. Doskona\u0142a do tworzenia bi\u017cuterii, figurek, dekoracji szk\u0142a i porcelany.EAN: 4007817053300 Staedtler Masa Fimo Leather Effect 57G Czarny [&hellip;]<\/p>\n","protected":false},"featured_media":11024,"comment_status":"closed","ping_status":"open","template":"","meta":[],"product_cat":[1939,21],"product_tag":[777,619,704,732,678],"class_list":["post-11023","product","type-product","status-publish","has-post-thumbnail","hentry","product_cat-staedtler","product_cat-zabawki-plastyczne","product_tag-co-na-roczek","product_tag-iwo-imie","product_tag-prezent-dla-nastolatka","product_tag-prezent-dla-rocznego-chlopca","product_tag-prezent-na-roczek-dla-dziewczynki"],"_links":{"self":[{"href":"http:\/\/klubmamgdynia.pl\/index.php\/wp-json\/wp\/v2\/product\/11023","targetHints":{"allow":["GET"]}}],"collection":[{"href":"http:\/\/klubmamgdynia.pl\/index.php\/wp-json\/wp\/v2\/product"}],"about":[{"href":"http:\/\/klubmamgdynia.pl\/index.php\/wp-json\/wp\/v2\/types\/product"}],"replies":[{"embeddable":true,"href":"http:\/\/klubmamgdynia.pl\/index.php\/wp-json\/wp\/v2\/comments?post=11023"}],"wp:featuredmedia":[{"embeddable":true,"href":"http:\/\/klubmamgdynia.pl\/index.php\/wp-json\/wp\/v2\/media\/11024"}],"wp:attachment":[{"href":"http:\/\/klubmamgdynia.pl\/index.php\/wp-json\/wp\/v2\/media?parent=11023"}],"wp:term":[{"taxonomy":"product_cat","embeddable":true,"href":"http:\/\/klubmamgdynia.pl\/index.php\/wp-json\/wp\/v2\/product_cat?post=11023"},{"taxonomy":"product_tag","embeddable":true,"href":"http:\/\/klubmamgdynia.pl\/index.php\/wp-json\/wp\/v2\/product_tag?post=11023"}],"curies":[{"name":"wp","href":"https:\/\/api.w.org\/{rel}","templated":true}]}}