{"id":11027,"date":"2016-06-08T19:37:08","date_gmt":"2016-06-08T17:37:08","guid":{"rendered":"http:\/\/klubmamgdynia.pl\/index.php\/produkt\/pro-kids-koraliki-dla-dziewczynki\/"},"modified":"2026-04-05T20:15:39","modified_gmt":"2026-04-05T18:15:39","slug":"pro-kids-koraliki-dla-dziewczynki","status":"publish","type":"product","link":"http:\/\/klubmamgdynia.pl\/index.php\/produkt\/pro-kids-koraliki-dla-dziewczynki\/","title":{"rendered":"Pro Kids Koraliki Dla Dziewczynki"},"content":{"rendered":"<p>Koraliki dla dziewczynki to zestaw kolorowych kulek i bibelot\u00f3w do nawlekania. Kreatywna zestaw pozwala tworzy\u0107 kolorowe naszyjniki i bransoletki dziewczynkom i ich przyjaci\u00f3\u0142kom. Nawlekanie koralik\u00f3w \u0107wiczy zdolno\u015bci manualne dziecka&#8230;.<\/p>\n<h2>Pro Kids Koraliki Dla Dziewczynki Pro Kids<\/h2>\n<p>gry edukacyjne dla dzieci online za darmo, pia, pokemony do druku, list do sw mikolaja, mini zoo warszawa, zagadki dla 3 latka, \u015bwinka peppa bajka do czytania, asiunia test z lektury, motto dla nauczyciela, obrazki do druku, test z lektury ania z zielonego wzg\u00f3rza klasa 6 z odpowiedziami, co kupi\u0107 nastolatce na \u015bwi\u0119ta, myszka minnie kolorowanka, ilona, list do \u015bw miko\u0142aja &#8212; wz\u00f3r, test z lektury asiunia<\/p>\n<p>yyyyy<\/p>\n<p>&nbsp;<\/p>\n","protected":false},"excerpt":{"rendered":"<p>Koraliki dla dziewczynki to zestaw kolorowych kulek i bibelot\u00f3w do nawlekania. Kreatywna zestaw pozwala tworzy\u0107 kolorowe naszyjniki i bransoletki dziewczynkom i ich przyjaci\u00f3\u0142kom. Nawlekanie koralik\u00f3w \u0107wiczy zdolno\u015bci manualne dziecka&#8230;. Pro Kids Koraliki Dla Dziewczynki Pro Kids gry edukacyjne dla dzieci online za darmo, pia, pokemony do druku, list do sw mikolaja, mini zoo warszawa, zagadki [&hellip;]<\/p>\n","protected":false},"featured_media":11028,"comment_status":"closed","ping_status":"open","template":"","meta":[],"product_cat":[1229,21],"product_tag":[624,630,745,636,809],"class_list":["post-11027","product","type-product","status-publish","has-post-thumbnail","hentry","product_cat-pro-kids","product_cat-zabawki-plastyczne","product_tag-krotkie-zagadki","product_tag-podchwytliwe-zagadki-z-odpowiedziami","product_tag-prezent-dla-15-latki","product_tag-teksty-kolysanek","product_tag-zagadki"],"_links":{"self":[{"href":"http:\/\/klubmamgdynia.pl\/index.php\/wp-json\/wp\/v2\/product\/11027","targetHints":{"allow":["GET"]}}],"collection":[{"href":"http:\/\/klubmamgdynia.pl\/index.php\/wp-json\/wp\/v2\/product"}],"about":[{"href":"http:\/\/klubmamgdynia.pl\/index.php\/wp-json\/wp\/v2\/types\/product"}],"replies":[{"embeddable":true,"href":"http:\/\/klubmamgdynia.pl\/index.php\/wp-json\/wp\/v2\/comments?post=11027"}],"wp:featuredmedia":[{"embeddable":true,"href":"http:\/\/klubmamgdynia.pl\/index.php\/wp-json\/wp\/v2\/media\/11028"}],"wp:attachment":[{"href":"http:\/\/klubmamgdynia.pl\/index.php\/wp-json\/wp\/v2\/media?parent=11027"}],"wp:term":[{"taxonomy":"product_cat","embeddable":true,"href":"http:\/\/klubmamgdynia.pl\/index.php\/wp-json\/wp\/v2\/product_cat?post=11027"},{"taxonomy":"product_tag","embeddable":true,"href":"http:\/\/klubmamgdynia.pl\/index.php\/wp-json\/wp\/v2\/product_tag?post=11027"}],"curies":[{"name":"wp","href":"https:\/\/api.w.org\/{rel}","templated":true}]}}