{"id":11029,"date":"2019-07-24T15:25:25","date_gmt":"2019-07-24T13:25:25","guid":{"rendered":"http:\/\/klubmamgdynia.pl\/index.php\/produkt\/lampka-spiderman-biurkowa-nocna-led-spiderman\/"},"modified":"2026-04-23T09:15:02","modified_gmt":"2026-04-23T07:15:02","slug":"lampka-spiderman-biurkowa-nocna-led-spiderman","status":"publish","type":"product","link":"http:\/\/klubmamgdynia.pl\/index.php\/produkt\/lampka-spiderman-biurkowa-nocna-led-spiderman\/","title":{"rendered":"Lampka SpiderMan Biurkowa Nocna Led Spiderman"},"content":{"rendered":"<p>Lampka Spider-Man biurkowa LEDRozmiar: wysoko\u015b\u0107 18cm, \u015brednica 10cmMateria\u0142: Podstawa &#8211; ABS (tworzywo)Typ \u017car\u00f3wki: LedZasilanie: 3 x AA nie do\u0142\u0105czone.Opakowanie upominkowe.<\/p>\n<h2>Lampka SpiderMan Biurkowa Nocna Led Spiderman Euroswan<\/h2>\n<p>kolorowanki dla ch\u0142opc\u00f3w do druku, gabriel imie, kolorowanka wr\u00f3\u017cka, prezent dla 7 letniej dziewczynki, quiz o minecraft, co dla dziecka na roczek, kolorowanki andrzejki do wydruku, pozna\u0144 atrakcje dla dzieci, cytaty o wychowaniu dzieci, kolorowanki antystresowe, el\u017cbieta imie, bajki dla dzieci czytane, z\u0142ote my\u015bli o przyja\u017ani, \u017carty na prima aprilis na rodzic\u00f3w, bajki dla dzieci na dobranoc do czytania, jordan co oznacza, halloween warszawa 2021 dzieci, piosenka kiedy babcia by\u0142a ma\u0142a tekst, janusz<\/p>\n<p>yyyyy<\/p>\n<p>&nbsp;<\/p>\n","protected":false},"excerpt":{"rendered":"<p>Lampka Spider-Man biurkowa LEDRozmiar: wysoko\u015b\u0107 18cm, \u015brednica 10cmMateria\u0142: Podstawa &#8211; ABS (tworzywo)Typ \u017car\u00f3wki: LedZasilanie: 3 x AA nie do\u0142\u0105czone.Opakowanie upominkowe. Lampka SpiderMan Biurkowa Nocna Led Spiderman Euroswan kolorowanki dla ch\u0142opc\u00f3w do druku, gabriel imie, kolorowanka wr\u00f3\u017cka, prezent dla 7 letniej dziewczynki, quiz o minecraft, co dla dziecka na roczek, kolorowanki andrzejki do wydruku, pozna\u0144 atrakcje [&hellip;]<\/p>\n","protected":false},"featured_media":11030,"comment_status":"closed","ping_status":"open","template":"","meta":[],"product_cat":[1931,138],"product_tag":[828,681,628,595],"class_list":["post-11029","product","type-product","status-publish","has-post-thumbnail","hentry","product_cat-euroswan","product_cat-lampki-dzieciece","product_tag-filmy-wigilijne-dla-dzieci","product_tag-flagi-europy-quiz","product_tag-zagadka","product_tag-zagadki-dla-6-latka"],"_links":{"self":[{"href":"http:\/\/klubmamgdynia.pl\/index.php\/wp-json\/wp\/v2\/product\/11029","targetHints":{"allow":["GET"]}}],"collection":[{"href":"http:\/\/klubmamgdynia.pl\/index.php\/wp-json\/wp\/v2\/product"}],"about":[{"href":"http:\/\/klubmamgdynia.pl\/index.php\/wp-json\/wp\/v2\/types\/product"}],"replies":[{"embeddable":true,"href":"http:\/\/klubmamgdynia.pl\/index.php\/wp-json\/wp\/v2\/comments?post=11029"}],"wp:featuredmedia":[{"embeddable":true,"href":"http:\/\/klubmamgdynia.pl\/index.php\/wp-json\/wp\/v2\/media\/11030"}],"wp:attachment":[{"href":"http:\/\/klubmamgdynia.pl\/index.php\/wp-json\/wp\/v2\/media?parent=11029"}],"wp:term":[{"taxonomy":"product_cat","embeddable":true,"href":"http:\/\/klubmamgdynia.pl\/index.php\/wp-json\/wp\/v2\/product_cat?post=11029"},{"taxonomy":"product_tag","embeddable":true,"href":"http:\/\/klubmamgdynia.pl\/index.php\/wp-json\/wp\/v2\/product_tag?post=11029"}],"curies":[{"name":"wp","href":"https:\/\/api.w.org\/{rel}","templated":true}]}}