{"id":11031,"date":"2021-10-19T17:03:44","date_gmt":"2021-10-19T15:03:44","guid":{"rendered":"http:\/\/klubmamgdynia.pl\/index.php\/produkt\/janod-zestaw-kreatywny-przestrzenne-kartki-pop-up-3d-zwierzeta\/"},"modified":"2026-04-30T20:10:57","modified_gmt":"2026-04-30T18:10:57","slug":"janod-zestaw-kreatywny-przestrzenne-kartki-pop-up-3d-zwierzeta","status":"publish","type":"product","link":"http:\/\/klubmamgdynia.pl\/index.php\/produkt\/janod-zestaw-kreatywny-przestrzenne-kartki-pop-up-3d-zwierzeta\/","title":{"rendered":"Janod Zestaw Kreatywny Przestrzenne Kartki Pop-Up 3D Zwierz\u0119ta"},"content":{"rendered":"<p>Janod Zestaw Kreatywny Przestrzenne Kartki Pop-Up 3D Zwierz\u0119ta                            <\/p>\n<p>a                            <\/p>\n<p>Zestaw kreatywny Przestrzenne kartki pop-up 3D francuskiej marki JANOD pozwoli stworzy\u0107 w sumie 6 pi\u0119knych otwieranych kartek z elementami 3D, m.in. \u017cab\u0105, lisem czy pawiem. W jego sk\u0142ad wchodzi 6 arkuszy wzorzystego papieru \u2013 po jednej stronie z miejscem na podpisanie lub zaadresowanie kartki, po drugiej \u2013 na umieszczenie zwierzaka, 6 arkuszy w wst\u0119pnie naci\u0119tymi elementami do wyj\u0119cia i z\u0142o\u017cenia oraz arkusz z neonowymi naklejkami-ozdobnymi detalami stworze\u0144. Tworzenie dekoracji z papieru to godziny anga\u017cuj\u0105cej i jednocze\u015bnie uspokajaj\u0105cej, wyciszaj\u0105cej zabawy, a po sko\u0144czonej pracy powsta\u0142e dzie\u0142a mog\u0105 jeszcze d\u0142ugo s\u0142u\u017cy\u0107 jako dekoracje lub podarunki dla bliskich. Do zestawu do\u0142\u0105czona jest szczeg\u00f3\u0142owa instrukcja jak wykona\u0107 poszczeg\u00f3lne ozdoby.Zestaw zaprojektowano we Francji we wsp\u00f3\u0142pracy z francusk\u0105 grup\u0105 mediow\u0105 i wydawnicz\u0105 Hachette oraz belgijsk\u0105 artystk\u0105 Alice de Page. Zapakowany jest w stylow\u0105 kartonow\u0105 saszetk\u0119 z haczykiem. Idealnie nadaje si\u0119 na prezent.                            <\/p>\n<p>a                            <\/p>\n<p>Zestawy artystyczne marki Janod to zbi\u00f3r kreatywnych zada\u0144 do samodzielnego wykonania przez dziecko, kt\u00f3re wspaniale kszta\u0142tuj\u0105 koordynacj\u0119 r\u0119ka-oko, poprawiaj\u0105 sprawno\u015b\u0107 manualn\u0105, pobudzaj\u0105 wyobra\u017ani\u0119 i ucz\u0105 koncentracji. To doskona\u0142y pomys\u0142 na zabaw\u0119 dla dzieci, kt\u00f3re lubi\u0105 tworzy\u0107 \u2013 sk\u0142ada\u0107, klei\u0107, malowa\u0107 czy rysowa\u0107. Mali arty\u015bci b\u0119d\u0105 na pewno bardzo dumni ze swoich dzie\u0142.Zabawka rozwija:umiej\u0119tno\u015b\u0107 budowania i projektowaniawyobra\u017ani\u0119, pomys\u0142owo\u015b\u0107 i kreatywno\u015b\u0107wiek: 6 lat +liczba element\u00f3w: 13materia\u0142: papierdesign: Francjawymiary opakowania: 22 x 0,1 x 26 cmbezpiecze\u0144stwo i jako\u015b\u0107: EN71-1; EN71-2, EN71-3; REACH                            <\/p>\n<p>a                            <\/p>\n<p>a                            <\/p>\n<p>Janod od 1970 roku niezmiennie projektuje zabawki, kt\u00f3re s\u0105 synonimem innowacyjno\u015bci, francuskiego designu i najwy\u017cszej jako\u015bci. Unikalne zabawki Janod tworzone s\u0105 z drewna i innych doskona\u0142ych materia\u0142\u00f3w, a przede wszystkim z dzieci\u0119cych marze\u0144!\u00a0W obecnej ofercie Janod jest ponad 500 produkt\u00f3w, z kt\u00f3rych kluczowe to zabawki drewniane, puzzle, uk\u0142adanki i zabawki magnetyczne. Wszystkie produkty projektowane s\u0105 we Francji przez w\u0142asnych designer\u00f3w. St\u0105d wiele motyw\u00f3w i wzor\u00f3w powtarza si\u0119 w kolekcjach, tworz\u0105c wyj\u0105tkowy, bajkowy \u015bwiat Janod.\u00a0Wszystkie zabawki tworzone s\u0105 z dba\u0142o\u015bci\u0105 o szczeg\u00f3\u0142y, z najwy\u017cszej jako\u015bci materia\u0142\u00f3w, bezpiecznych dla dzieci. Zabawki spe\u0142niaj\u0105 restrykcyjne normy bezpiecze\u0144stwa, takie jak EN71-1, EN71-2, EN71-3 oraz REACH.<\/p>\n<h2>Janod Zestaw Kreatywny Przestrzenne Kartki Pop-Up 3D Zwierz\u0119ta Janod<\/h2>\n<p>kolorowanka ksi\u0119\u017cniczka, ostatni dzwonek tekst, jedzie poci\u0105g z daleka tekst, cytat rodzina, imi\u0119 kostek, zaproszenie na urodziny dziecka do druku, cytaty dzie\u0144 nauczyciela, imi\u0119 iwo, jak zrobi\u0107 wulkan, zagadki dla dzieci 7 lat o zwierz\u0119tach, kiekrz, fabian, zabawy ruchowe dla dzieci w przedszkolu, quizy znaki drogowe, czytanki na dobranoc<\/p>\n<p>yyyyy<\/p>\n<p>&nbsp;<\/p>\n","protected":false},"excerpt":{"rendered":"<p>Janod Zestaw Kreatywny Przestrzenne Kartki Pop-Up 3D Zwierz\u0119ta a Zestaw kreatywny Przestrzenne kartki pop-up 3D francuskiej marki JANOD pozwoli stworzy\u0107 w sumie 6 pi\u0119knych otwieranych kartek z elementami 3D, m.in. \u017cab\u0105, lisem czy pawiem. W jego sk\u0142ad wchodzi 6 arkuszy wzorzystego papieru \u2013 po jednej stronie z miejscem na podpisanie lub zaadresowanie kartki, po drugiej [&hellip;]<\/p>\n","protected":false},"featured_media":11032,"comment_status":"closed","ping_status":"open","template":"","meta":[],"product_cat":[557,21],"product_tag":[655,641,632,746],"class_list":["post-11031","product","type-product","status-publish","has-post-thumbnail","hentry","product_cat-janod","product_cat-zabawki-plastyczne","product_tag-najlepsze-zagadki","product_tag-trudne-zagadki-logiczne","product_tag-warszawa-atrakcje-dla-mlodziezy","product_tag-zagadki-typu-co-to-jest"],"_links":{"self":[{"href":"http:\/\/klubmamgdynia.pl\/index.php\/wp-json\/wp\/v2\/product\/11031","targetHints":{"allow":["GET"]}}],"collection":[{"href":"http:\/\/klubmamgdynia.pl\/index.php\/wp-json\/wp\/v2\/product"}],"about":[{"href":"http:\/\/klubmamgdynia.pl\/index.php\/wp-json\/wp\/v2\/types\/product"}],"replies":[{"embeddable":true,"href":"http:\/\/klubmamgdynia.pl\/index.php\/wp-json\/wp\/v2\/comments?post=11031"}],"wp:featuredmedia":[{"embeddable":true,"href":"http:\/\/klubmamgdynia.pl\/index.php\/wp-json\/wp\/v2\/media\/11032"}],"wp:attachment":[{"href":"http:\/\/klubmamgdynia.pl\/index.php\/wp-json\/wp\/v2\/media?parent=11031"}],"wp:term":[{"taxonomy":"product_cat","embeddable":true,"href":"http:\/\/klubmamgdynia.pl\/index.php\/wp-json\/wp\/v2\/product_cat?post=11031"},{"taxonomy":"product_tag","embeddable":true,"href":"http:\/\/klubmamgdynia.pl\/index.php\/wp-json\/wp\/v2\/product_tag?post=11031"}],"curies":[{"name":"wp","href":"https:\/\/api.w.org\/{rel}","templated":true}]}}