{"id":11035,"date":"2012-02-15T14:47:55","date_gmt":"2012-02-15T13:47:55","guid":{"rendered":"http:\/\/klubmamgdynia.pl\/index.php\/produkt\/creativ-company-masa-foam-clay-brokatowa-zielona-35g\/"},"modified":"2026-04-30T15:52:36","modified_gmt":"2026-04-30T13:52:36","slug":"creativ-company-masa-foam-clay-brokatowa-zielona-35g","status":"publish","type":"product","link":"http:\/\/klubmamgdynia.pl\/index.php\/produkt\/creativ-company-masa-foam-clay-brokatowa-zielona-35g\/","title":{"rendered":"Creativ Company Masa Foam Clay Brokatowa Zielona 35G"},"content":{"rendered":"<p>Masa Foam Clay Brokatowa Zielona 35 g788830Foam Clay to samotwardniej\u0105ca masa modelarska na bazie wody z kulkami styropianowymi. Mo\u017cna stosowa\u0107 na r\u00f3\u017cnych powierzchniach (drewno, papier, nieszkliwiona ceramika, materia\u0142 itp.). Mo\u017cna \u0142\u0105czy\u0107 kolory lub malowa\u0107 akrylowymi farbami po wyschni\u0119ciu.Przed u\u017cyciem nale\u017cy wymiesza\u0107!Przechowywa\u0107 w zamkni\u0119tym plastikowym pojemniku.Wymiary opakowania: wysoko\u015b\u0107 4 cm, \u015brednica wieczka 8,5 cm. Zawiera 35 g masy.Nieodpowiednie dla dzieci w wieku poni\u017cej 36 miesi\u0119cy.<\/p>\n<h2>Creativ Company Masa Foam Clay Brokatowa Zielona 35G <\/h2>\n<p>znane misie z film\u00f3w animowanych, pomys\u0142 na prezent dla nastolatka, kartka walentynkowa r\u0119cznie robiona \u0142atwa, prezenty dla 7 latka, cytat o dziecku, prezent dla dziecka na roczek, maski na twarz dla dzieci do wydruku, miko\u0142ajek &#8211; test z odpowiedziami<\/p>\n<p>yyyyy<\/p>\n<p>&nbsp;<\/p>\n","protected":false},"excerpt":{"rendered":"<p>Masa Foam Clay Brokatowa Zielona 35 g788830Foam Clay to samotwardniej\u0105ca masa modelarska na bazie wody z kulkami styropianowymi. Mo\u017cna stosowa\u0107 na r\u00f3\u017cnych powierzchniach (drewno, papier, nieszkliwiona ceramika, materia\u0142 itp.). Mo\u017cna \u0142\u0105czy\u0107 kolory lub malowa\u0107 akrylowymi farbami po wyschni\u0119ciu.Przed u\u017cyciem nale\u017cy wymiesza\u0107!Przechowywa\u0107 w zamkni\u0119tym plastikowym pojemniku.Wymiary opakowania: wysoko\u015b\u0107 4 cm, \u015brednica wieczka 8,5 cm. Zawiera 35 [&hellip;]<\/p>\n","protected":false},"featured_media":11036,"comment_status":"closed","ping_status":"open","template":"","meta":[],"product_cat":[21],"product_tag":[668,683,689,823,713],"class_list":["post-11035","product","type-product","status-publish","has-post-thumbnail","hentry","product_cat-zabawki-plastyczne","product_tag-atrakcje-dla-dzieci-wroclaw","product_tag-karaluchy-pod-poduchy","product_tag-linda","product_tag-zagadki-dla-dzieci-7-lat","product_tag-zagadki-logiczne-z-odpowiedziami"],"_links":{"self":[{"href":"http:\/\/klubmamgdynia.pl\/index.php\/wp-json\/wp\/v2\/product\/11035","targetHints":{"allow":["GET"]}}],"collection":[{"href":"http:\/\/klubmamgdynia.pl\/index.php\/wp-json\/wp\/v2\/product"}],"about":[{"href":"http:\/\/klubmamgdynia.pl\/index.php\/wp-json\/wp\/v2\/types\/product"}],"replies":[{"embeddable":true,"href":"http:\/\/klubmamgdynia.pl\/index.php\/wp-json\/wp\/v2\/comments?post=11035"}],"wp:featuredmedia":[{"embeddable":true,"href":"http:\/\/klubmamgdynia.pl\/index.php\/wp-json\/wp\/v2\/media\/11036"}],"wp:attachment":[{"href":"http:\/\/klubmamgdynia.pl\/index.php\/wp-json\/wp\/v2\/media?parent=11035"}],"wp:term":[{"taxonomy":"product_cat","embeddable":true,"href":"http:\/\/klubmamgdynia.pl\/index.php\/wp-json\/wp\/v2\/product_cat?post=11035"},{"taxonomy":"product_tag","embeddable":true,"href":"http:\/\/klubmamgdynia.pl\/index.php\/wp-json\/wp\/v2\/product_tag?post=11035"}],"curies":[{"name":"wp","href":"https:\/\/api.w.org\/{rel}","templated":true}]}}