{"id":11037,"date":"2021-04-04T06:49:26","date_gmt":"2021-04-04T04:49:26","guid":{"rendered":"http:\/\/klubmamgdynia.pl\/index.php\/produkt\/graine-creative-masa-do-tworzenia-gumek-6x25g-owoce\/"},"modified":"2026-04-26T23:03:41","modified_gmt":"2026-04-26T21:03:41","slug":"graine-creative-masa-do-tworzenia-gumek-6x25g-owoce","status":"publish","type":"product","link":"http:\/\/klubmamgdynia.pl\/index.php\/produkt\/graine-creative-masa-do-tworzenia-gumek-6x25g-owoce\/","title":{"rendered":"Graine Creative Masa Do Tworzenia Gumek 6X25G Owoce"},"content":{"rendered":"<p>Patagom &#8211; Masa do tworzenia gumek &#8211; Owoce 262415 Masa do tworzenia gumek Patagom to produkt uzupe\u0142niaj\u0105cy, kt\u00f3ry sprawdzi si\u0119 jako dodatkowy materia\u0142 do samodzielnego formowania rozmaitych kszta\u0142t\u00f3w, jakie po zapieczeniu w odpowiedniej temperaturze staj\u0105 si\u0119 prawdziwymi gumkami do \u015bcierania! Blister zawiera 6 kostek w kolorach pomara\u0144czowym, \u017c\u00f3\u0142tym, zielonym, czerwonym, fioletowym i bia\u0142ym \u2013 odcienie s\u0105 \u017cywe i wyraziste, a zmieszane razem utworz\u0105 zupe\u0142nie nowe barwy! Masa Patagom zyskuje dodatkowe w\u0142a\u015bciwo\u015bci, kiedy zostanie umieszczona w piekarniku na 15 minut w 120 stopniach \u2013 taka temperatura sprawia, \u017ce figurki twardniej\u0105 i staj\u0105 si\u0119 prawdziwymi gumkami do \u015bcierania. Kolorystyka zestawu \u015bwietnie sprawdzi si\u0119 do tworzenia finezyjnych figurek w kszta\u0142cie soczystych owoc\u00f3w. Zestaw z mas\u0105 do tworzenia gumek \u2013 Owoce \u2013 przeznaczony jest dla dzieci powy\u017cej 8. roku \u017cycia. Masa do tworzenia gumek do mazania Patagon \u2013 informacje dodatkowe: Producent: DTM LOISIRS CREATIFS Seria: Pendo Numer katalogowy: 262415 Wiek dziecka: + 8 lat Wymiary opakowania: 20 cm x 13,5 cm x 3,5 cm<\/p>\n<h2>Graine Creative Masa Do Tworzenia Gumek 6X25G Owoce Graine Creative<\/h2>\n<p>bajki dla dziewczynek, lol kolorowanka, prezent dla pi\u0119tnastolatka, podchwytliwe zagadki, kolorowanka kotki do druku, imi\u0119 kuba, zagadki dla dzieci 4-5 lat, warszawa atrakcje dla dzieci, kr\u00f3tkie \u017cyczenia wielkanocne dla dzieci, cytaty o przyja\u017ani \u015bmieszne, kolorowanka lol surprise, prezent dla 13 latki na \u015bwi\u0119ta, ba\u0142wanek do druku, prima aprilis zarty, zabawy z 7 latkiem, smok wawelski bajka, zagadki na logik\u0119, bajki do czytania psi patrol, najrzadsze imiona dla dziewczynek<\/p>\n<p>yyyyy<\/p>\n<p>&nbsp;<\/p>\n","protected":false},"excerpt":{"rendered":"<p>Patagom &#8211; Masa do tworzenia gumek &#8211; Owoce 262415 Masa do tworzenia gumek Patagom to produkt uzupe\u0142niaj\u0105cy, kt\u00f3ry sprawdzi si\u0119 jako dodatkowy materia\u0142 do samodzielnego formowania rozmaitych kszta\u0142t\u00f3w, jakie po zapieczeniu w odpowiedniej temperaturze staj\u0105 si\u0119 prawdziwymi gumkami do \u015bcierania! Blister zawiera 6 kostek w kolorach pomara\u0144czowym, \u017c\u00f3\u0142tym, zielonym, czerwonym, fioletowym i bia\u0142ym \u2013 odcienie [&hellip;]<\/p>\n","protected":false},"featured_media":11038,"comment_status":"closed","ping_status":"open","template":"","meta":[],"product_cat":[1938,21],"product_tag":[802,754,748,778,604,634],"class_list":["post-11037","product","type-product","status-publish","has-post-thumbnail","hentry","product_cat-graine-creative","product_cat-zabawki-plastyczne","product_tag-co-kupic-dziewczynce-na-roczek","product_tag-dyplomy-do-wydrukowania-a4","product_tag-okolice-wroclawia-atrakcje","product_tag-zabawki-na-roczek-dla-chlopca","product_tag-zagadki-trudne","product_tag-zagadki-wielkanocne-dla-dzieci"],"_links":{"self":[{"href":"http:\/\/klubmamgdynia.pl\/index.php\/wp-json\/wp\/v2\/product\/11037","targetHints":{"allow":["GET"]}}],"collection":[{"href":"http:\/\/klubmamgdynia.pl\/index.php\/wp-json\/wp\/v2\/product"}],"about":[{"href":"http:\/\/klubmamgdynia.pl\/index.php\/wp-json\/wp\/v2\/types\/product"}],"replies":[{"embeddable":true,"href":"http:\/\/klubmamgdynia.pl\/index.php\/wp-json\/wp\/v2\/comments?post=11037"}],"wp:featuredmedia":[{"embeddable":true,"href":"http:\/\/klubmamgdynia.pl\/index.php\/wp-json\/wp\/v2\/media\/11038"}],"wp:attachment":[{"href":"http:\/\/klubmamgdynia.pl\/index.php\/wp-json\/wp\/v2\/media?parent=11037"}],"wp:term":[{"taxonomy":"product_cat","embeddable":true,"href":"http:\/\/klubmamgdynia.pl\/index.php\/wp-json\/wp\/v2\/product_cat?post=11037"},{"taxonomy":"product_tag","embeddable":true,"href":"http:\/\/klubmamgdynia.pl\/index.php\/wp-json\/wp\/v2\/product_tag?post=11037"}],"curies":[{"name":"wp","href":"https:\/\/api.w.org\/{rel}","templated":true}]}}