{"id":11039,"date":"2016-08-13T20:09:51","date_gmt":"2016-08-13T18:09:51","guid":{"rendered":"http:\/\/klubmamgdynia.pl\/index.php\/produkt\/sambro-duza-pojemna-torba-na-ramie-do-szkoly-psi-patrol\/"},"modified":"2026-05-02T14:29:58","modified_gmt":"2026-05-02T12:29:58","slug":"sambro-duza-pojemna-torba-na-ramie-do-szkoly-psi-patrol","status":"publish","type":"product","link":"http:\/\/klubmamgdynia.pl\/index.php\/produkt\/sambro-duza-pojemna-torba-na-ramie-do-szkoly-psi-patrol\/","title":{"rendered":"Sambro Du\u017ca Pojemna Torba Na Rami\u0119 Do Szko\u0142y Psi Patrol"},"content":{"rendered":"<p>TORBA PSI PATROL &#8211; (ER2574)Torba jest ca\u0142kowicie oryginalna, na licencji Nickelodeon, co gwarantuje najwy\u017csz\u0105 jako\u015b\u0107 produktu!SK\u0141AD: 100% poliesterTorba posiada klap\u0119 zapinan\u0105 na rzep, ozdobion\u0105 \u015blicznym b\u0142yszcz\u0105cym nadrukiem z bohaterami bajki Psi PatrolW \u015brodku torba ma jedn\u0105 komor\u0119, zapinan\u0105 na wygodny w u\u017cyciu zamek!Wymiary: 28 x 20 x 7 cmTorba posiada wygodny regulowany pasek na rami\u0119Torba jest prze\u015bliczna, \u015bwietna gatunkowo!ZAPRASZAMY DO ZAKUPU ORAZ NA NASZE POZOSTA\u0141E AUKCJE!<\/p>\n<h2>Sambro Du\u017ca Pojemna Torba Na Rami\u0119 Do Szko\u0142y Psi Patrol Sambro<\/h2>\n<p>koty kolorowanki do druku, zagadki logiczne, wzruszaj\u0105ce s\u0142owa dla przyjaciela, filmy disneya, zagadki dla dzieci 4-5 lat online, zagadki rymowane, test z lektury felix net i nika oraz gang niewidzialnych ludzi, halloween dla dzieci warszawa 2021, miko\u0142ajki dla dzieci warszawa 2021, wulkan z sody<\/p>\n<p>yyyyy<\/p>\n<p>&nbsp;<\/p>\n","protected":false},"excerpt":{"rendered":"<p>TORBA PSI PATROL &#8211; (ER2574)Torba jest ca\u0142kowicie oryginalna, na licencji Nickelodeon, co gwarantuje najwy\u017csz\u0105 jako\u015b\u0107 produktu!SK\u0141AD: 100% poliesterTorba posiada klap\u0119 zapinan\u0105 na rzep, ozdobion\u0105 \u015blicznym b\u0142yszcz\u0105cym nadrukiem z bohaterami bajki Psi PatrolW \u015brodku torba ma jedn\u0105 komor\u0119, zapinan\u0105 na wygodny w u\u017cyciu zamek!Wymiary: 28 x 20 x 7 cmTorba posiada wygodny regulowany pasek na rami\u0119Torba [&hellip;]<\/p>\n","protected":false},"featured_media":11040,"comment_status":"closed","ping_status":"open","template":"","meta":[],"product_cat":[1867,1895],"product_tag":[834,831,813,814,841,724],"class_list":["post-11039","product","type-product","status-publish","has-post-thumbnail","hentry","product_cat-sambro","product_cat-torby-na-ramie","product_tag-bajka-do-czytania-na-dobranoc","product_tag-bruno","product_tag-krotkie-zagadki-matematyczne-z-odpowiedziami","product_tag-prezenty-dla-nastolatek","product_tag-quiz-o-flagach","product_tag-zagadki-podchwytliwe"],"_links":{"self":[{"href":"http:\/\/klubmamgdynia.pl\/index.php\/wp-json\/wp\/v2\/product\/11039","targetHints":{"allow":["GET"]}}],"collection":[{"href":"http:\/\/klubmamgdynia.pl\/index.php\/wp-json\/wp\/v2\/product"}],"about":[{"href":"http:\/\/klubmamgdynia.pl\/index.php\/wp-json\/wp\/v2\/types\/product"}],"replies":[{"embeddable":true,"href":"http:\/\/klubmamgdynia.pl\/index.php\/wp-json\/wp\/v2\/comments?post=11039"}],"wp:featuredmedia":[{"embeddable":true,"href":"http:\/\/klubmamgdynia.pl\/index.php\/wp-json\/wp\/v2\/media\/11040"}],"wp:attachment":[{"href":"http:\/\/klubmamgdynia.pl\/index.php\/wp-json\/wp\/v2\/media?parent=11039"}],"wp:term":[{"taxonomy":"product_cat","embeddable":true,"href":"http:\/\/klubmamgdynia.pl\/index.php\/wp-json\/wp\/v2\/product_cat?post=11039"},{"taxonomy":"product_tag","embeddable":true,"href":"http:\/\/klubmamgdynia.pl\/index.php\/wp-json\/wp\/v2\/product_tag?post=11039"}],"curies":[{"name":"wp","href":"https:\/\/api.w.org\/{rel}","templated":true}]}}