{"id":11041,"date":"2022-10-11T00:49:20","date_gmt":"2022-10-10T22:49:20","guid":{"rendered":"http:\/\/klubmamgdynia.pl\/index.php\/produkt\/crime-scene-brooklyn-2002\/"},"modified":"2026-05-03T13:20:31","modified_gmt":"2026-05-03T11:20:31","slug":"crime-scene-brooklyn-2002","status":"publish","type":"product","link":"http:\/\/klubmamgdynia.pl\/index.php\/produkt\/crime-scene-brooklyn-2002\/","title":{"rendered":"Crime Scene Brooklyn 2002"},"content":{"rendered":"<p>BROOKLYN, NOWY JORK, 22 listopada 2002. Dzwoni telefon \u2013 kolejne morderstwo na nowojorskim Brooklynie. W tej grze wejdziesz w rol\u0119 do\u015bwiadczonego detektywa badaj\u0105cego miejsce zbrodni.<\/p>\n<h2>Crime Scene Brooklyn 2002 Tactic<\/h2>\n<p>bajka do czytania, alina, prezent pod choink\u0119 dla 7 letniej dziewczynki, leon imi\u0119, pomys\u0142 na prezent na roczek, prezenty dla nastolatk\u00f3w, prezent dla pi\u0119tnastolatka, jak zrobi\u0107 wulkan, gry planszowe dla nastolatk\u00f3w, litera r do druku, kolorowanki konie do druku, cytat z ma\u0142ego ksi\u0119cia o przyja\u017ani, lucyna, zagadki dla 4 latka, karty pracy dla dzieci z ukrainy do druku, rebusy i krzy\u017c\u00f3wki dla dzieci do druku, test z dynastii mizio\u0142k\u00f3w<\/p>\n<p>yyyyy<\/p>\n<p>&nbsp;<\/p>\n","protected":false},"excerpt":{"rendered":"<p>BROOKLYN, NOWY JORK, 22 listopada 2002. Dzwoni telefon \u2013 kolejne morderstwo na nowojorskim Brooklynie. W tej grze wejdziesz w rol\u0119 do\u015bwiadczonego detektywa badaj\u0105cego miejsce zbrodni. Crime Scene Brooklyn 2002 Tactic bajka do czytania, alina, prezent pod choink\u0119 dla 7 letniej dziewczynki, leon imi\u0119, pomys\u0142 na prezent na roczek, prezenty dla nastolatk\u00f3w, prezent dla pi\u0119tnastolatka, jak [&hellip;]<\/p>\n","protected":false},"featured_media":11042,"comment_status":"closed","ping_status":"open","template":"","meta":[],"product_cat":[220,243],"product_tag":[611,637,591,710],"class_list":["post-11041","product","type-product","status-publish","has-post-thumbnail","hentry","product_cat-gry-karciane","product_cat-tactic","product_tag-bajki-do-czytania-psi-patrol","product_tag-niech-zyja-wakacje-tekst","product_tag-quiz-o-minecraft","product_tag-zagadki-dla-dzieci-10-12-lat"],"_links":{"self":[{"href":"http:\/\/klubmamgdynia.pl\/index.php\/wp-json\/wp\/v2\/product\/11041","targetHints":{"allow":["GET"]}}],"collection":[{"href":"http:\/\/klubmamgdynia.pl\/index.php\/wp-json\/wp\/v2\/product"}],"about":[{"href":"http:\/\/klubmamgdynia.pl\/index.php\/wp-json\/wp\/v2\/types\/product"}],"replies":[{"embeddable":true,"href":"http:\/\/klubmamgdynia.pl\/index.php\/wp-json\/wp\/v2\/comments?post=11041"}],"wp:featuredmedia":[{"embeddable":true,"href":"http:\/\/klubmamgdynia.pl\/index.php\/wp-json\/wp\/v2\/media\/11042"}],"wp:attachment":[{"href":"http:\/\/klubmamgdynia.pl\/index.php\/wp-json\/wp\/v2\/media?parent=11041"}],"wp:term":[{"taxonomy":"product_cat","embeddable":true,"href":"http:\/\/klubmamgdynia.pl\/index.php\/wp-json\/wp\/v2\/product_cat?post=11041"},{"taxonomy":"product_tag","embeddable":true,"href":"http:\/\/klubmamgdynia.pl\/index.php\/wp-json\/wp\/v2\/product_tag?post=11041"}],"curies":[{"name":"wp","href":"https:\/\/api.w.org\/{rel}","templated":true}]}}