{"id":11043,"date":"2021-10-17T12:35:17","date_gmt":"2021-10-17T10:35:17","guid":{"rendered":"http:\/\/klubmamgdynia.pl\/index.php\/produkt\/technoktoys-drewniany-warsztat-z-narzedziami-7344-zabawka\/"},"modified":"2026-05-17T22:31:56","modified_gmt":"2026-05-17T20:31:56","slug":"technoktoys-drewniany-warsztat-z-narzedziami-7344-zabawka","status":"publish","type":"product","link":"http:\/\/klubmamgdynia.pl\/index.php\/produkt\/technoktoys-drewniany-warsztat-z-narzedziami-7344-zabawka\/","title":{"rendered":"Technoktoys Drewniany Warsztat Z Narz\u0119dziami 7344 &#8211; Zabawka"},"content":{"rendered":"<p>Drewniany st\u00f3\u0142 roboczy z narz\u0119dziami to idealny prezent dla ma\u0142ego majsterkowicza. Zestaw pozwoli rozwin\u0105\u0107 zdolno\u015bci manualne, cierpliwo\u015b\u0107, koncentracj\u0119, a tak\u017ce stymuluje wyobra\u017ani\u0119 i umiej\u0119tno\u015bci spo\u0142eczne, zach\u0119caj\u0105c do odgrywania scen imituj\u0105cych zachowanie doros\u0142ych<\/p>\n<h2>Technoktoys Drewniany Warsztat Z Narz\u0119dziami 7344 &#8211; Zabawka Maksik<\/h2>\n<p>cytaty dzie\u0144 nauczyciela, klockownia wroc\u0142aw, lato lato lato czeka, bombki do kolorowania, impreza halloween 2021 dla dzieci, delfinarium polska<\/p>\n<p>yyyyy<\/p>\n<p>&nbsp;<\/p>\n","protected":false},"excerpt":{"rendered":"<p>Drewniany st\u00f3\u0142 roboczy z narz\u0119dziami to idealny prezent dla ma\u0142ego majsterkowicza. Zestaw pozwoli rozwin\u0105\u0107 zdolno\u015bci manualne, cierpliwo\u015b\u0107, koncentracj\u0119, a tak\u017ce stymuluje wyobra\u017ani\u0119 i umiej\u0119tno\u015bci spo\u0142eczne, zach\u0119caj\u0105c do odgrywania scen imituj\u0105cych zachowanie doros\u0142ych Technoktoys Drewniany Warsztat Z Narz\u0119dziami 7344 &#8211; Zabawka Maksik cytaty dzie\u0144 nauczyciela, klockownia wroc\u0142aw, lato lato lato czeka, bombki do kolorowania, impreza halloween [&hellip;]<\/p>\n","protected":false},"featured_media":11044,"comment_status":"closed","ping_status":"open","template":"","meta":[],"product_cat":[53,1201],"product_tag":[680,697,868],"class_list":["post-11043","product","type-product","status-publish","has-post-thumbnail","hentry","product_cat-kaciki-zabaw","product_cat-maksik","product_tag-cytaty-z-malego-ksiecia","product_tag-krotkie-bajki-do-czytania","product_tag-quizy-dla-dzieci"],"_links":{"self":[{"href":"http:\/\/klubmamgdynia.pl\/index.php\/wp-json\/wp\/v2\/product\/11043","targetHints":{"allow":["GET"]}}],"collection":[{"href":"http:\/\/klubmamgdynia.pl\/index.php\/wp-json\/wp\/v2\/product"}],"about":[{"href":"http:\/\/klubmamgdynia.pl\/index.php\/wp-json\/wp\/v2\/types\/product"}],"replies":[{"embeddable":true,"href":"http:\/\/klubmamgdynia.pl\/index.php\/wp-json\/wp\/v2\/comments?post=11043"}],"wp:featuredmedia":[{"embeddable":true,"href":"http:\/\/klubmamgdynia.pl\/index.php\/wp-json\/wp\/v2\/media\/11044"}],"wp:attachment":[{"href":"http:\/\/klubmamgdynia.pl\/index.php\/wp-json\/wp\/v2\/media?parent=11043"}],"wp:term":[{"taxonomy":"product_cat","embeddable":true,"href":"http:\/\/klubmamgdynia.pl\/index.php\/wp-json\/wp\/v2\/product_cat?post=11043"},{"taxonomy":"product_tag","embeddable":true,"href":"http:\/\/klubmamgdynia.pl\/index.php\/wp-json\/wp\/v2\/product_tag?post=11043"}],"curies":[{"name":"wp","href":"https:\/\/api.w.org\/{rel}","templated":true}]}}