{"id":11045,"date":"2022-03-19T20:34:09","date_gmt":"2022-03-19T19:34:09","guid":{"rendered":"http:\/\/klubmamgdynia.pl\/index.php\/produkt\/gdd-masa-termoutwardzalna-fimo-effect-zestaw-12-kostek-staedtler\/"},"modified":"2026-04-26T00:38:54","modified_gmt":"2026-04-25T22:38:54","slug":"gdd-masa-termoutwardzalna-fimo-effect-zestaw-12-kostek-staedtler","status":"publish","type":"product","link":"http:\/\/klubmamgdynia.pl\/index.php\/produkt\/gdd-masa-termoutwardzalna-fimo-effect-zestaw-12-kostek-staedtler\/","title":{"rendered":"GDD Masa termoutwardzalna Fimo effect zestaw 12 kostek Staedtler"},"content":{"rendered":"<p>Innowacyjna masa Fimo wygl\u0105da jak sk\u00f3ra, w dotyku jak sk\u00f3ra. Utwardzana w piekarniku w temperaturze 130oC przez 30 min. Zestaw zawiera 12 kostek po 25g.EAN: 4007817053461<\/p>\n<h2>GDD Masa termoutwardzalna Fimo effect zestaw 12 kostek Staedtler Staedtler<\/h2>\n<p>zagadki o bo\u017cym narodzeniu, bajki do czytania dla dzieci, co kupi\u0107 na roczek dla dziewczynki, kolorowanka antystresowa, tabliczka mno\u017cenia do druku, lew czarownica i stara szafa test, ksi\u0105\u017cka dla dzieci online, prezenty dla nastolatk\u00f3w 2021, roczek dziewczynki<\/p>\n<p>yyyyy<\/p>\n<p>&nbsp;<\/p>\n","protected":false},"excerpt":{"rendered":"<p>Innowacyjna masa Fimo wygl\u0105da jak sk\u00f3ra, w dotyku jak sk\u00f3ra. Utwardzana w piekarniku w temperaturze 130oC przez 30 min. Zestaw zawiera 12 kostek po 25g.EAN: 4007817053461 GDD Masa termoutwardzalna Fimo effect zestaw 12 kostek Staedtler Staedtler zagadki o bo\u017cym narodzeniu, bajki do czytania dla dzieci, co kupi\u0107 na roczek dla dziewczynki, kolorowanka antystresowa, tabliczka mno\u017cenia [&hellip;]<\/p>\n","protected":false},"featured_media":11046,"comment_status":"closed","ping_status":"open","template":"","meta":[],"product_cat":[1939,21],"product_tag":[817,824,796,805],"class_list":["post-11045","product","type-product","status-publish","has-post-thumbnail","hentry","product_cat-staedtler","product_cat-zabawki-plastyczne","product_tag-bajka-terapeutyczna-o-emocjach","product_tag-warszawa-atrakcje-dla-dzieci","product_tag-zagatki","product_tag-znaczenie-imienia-alan"],"_links":{"self":[{"href":"http:\/\/klubmamgdynia.pl\/index.php\/wp-json\/wp\/v2\/product\/11045","targetHints":{"allow":["GET"]}}],"collection":[{"href":"http:\/\/klubmamgdynia.pl\/index.php\/wp-json\/wp\/v2\/product"}],"about":[{"href":"http:\/\/klubmamgdynia.pl\/index.php\/wp-json\/wp\/v2\/types\/product"}],"replies":[{"embeddable":true,"href":"http:\/\/klubmamgdynia.pl\/index.php\/wp-json\/wp\/v2\/comments?post=11045"}],"wp:featuredmedia":[{"embeddable":true,"href":"http:\/\/klubmamgdynia.pl\/index.php\/wp-json\/wp\/v2\/media\/11046"}],"wp:attachment":[{"href":"http:\/\/klubmamgdynia.pl\/index.php\/wp-json\/wp\/v2\/media?parent=11045"}],"wp:term":[{"taxonomy":"product_cat","embeddable":true,"href":"http:\/\/klubmamgdynia.pl\/index.php\/wp-json\/wp\/v2\/product_cat?post=11045"},{"taxonomy":"product_tag","embeddable":true,"href":"http:\/\/klubmamgdynia.pl\/index.php\/wp-json\/wp\/v2\/product_tag?post=11045"}],"curies":[{"name":"wp","href":"https:\/\/api.w.org\/{rel}","templated":true}]}}