{"id":11047,"date":"2019-12-17T13:47:47","date_gmt":"2019-12-17T12:47:47","guid":{"rendered":"http:\/\/klubmamgdynia.pl\/index.php\/produkt\/alexander-lancuch-1837\/"},"modified":"2026-05-01T12:25:56","modified_gmt":"2026-05-01T10:25:56","slug":"alexander-lancuch-1837","status":"publish","type":"product","link":"http:\/\/klubmamgdynia.pl\/index.php\/produkt\/alexander-lancuch-1837\/","title":{"rendered":"Alexander \u0141a\u0144cuch 1837"},"content":{"rendered":"<p>Puzzle &#8211; \u0141a\u0144cuchZabawka sk\u0142ada si\u0119 z 16 tabliczek, na kt\u00f3rych znajduj\u0105 si\u0119 po\u0142\u00f3wki dw\u00f3ch r\u00f3\u017cnych zwierz\u0105t. Zabawa polega na tym, by z roz\u0142o\u017conych i wymieszanych tabliczek u\u0142o\u017cy\u0107 \u0142a\u0144cuch zwierz\u0105t ustawionych w szeregu. Uk\u0142adanie nale\u017cy zacz\u0105\u0107 od tabliczki z napisem \u201eStart\u201d a sko\u0144czy\u0107 na tabliczcez napisem \u201eMeta\u201d. Utworzony szereg powinien tworzy\u0107 \u0142a\u0144cuch pe\u0142nych postaci zwierz\u0105t.Zawarto\u015b\u0107 opakowania: 16 tabliczekInformacje o produkcieNr katalogowy1837Marka (Zabawki) BrakRodzaj (puzzle) Dla dzieciLiczba element\u00f3w 16Wymagania wiekowe od 3 latP\u0142e\u0107 (zabawki) Dziewczynki i ch\u0142opcyPozosta\u0142e parametryWymiary opakowania: 16 x 25 x 5 cm<\/p>\n<h2>Alexander \u0141a\u0144cuch 1837 Alexander<\/h2>\n<p>zabawy dla 5 6 latk\u00f3w, quizy hobbit, prezent dla trzynastolatki, ko\u0142ysanki teksty, bajki na dobranoc, aurelia, rezolutna dziewczynka z wiersza tuwima, nietypowe imiona, list do gwiazdora, anio\u0142ki do druku, teksty o rodzinie, irma, zaj\u0119cia kulinarne dla dzieci pomys\u0142y, mi\u0142o\u015b\u0107 matki do dziecka cytaty, znaczenie imienia gabriel, prezent dla m\u0142odzie\u017cy, piosenki o wakacjach, zagadki na dzie\u0144 przedszkolaka, zagadki logiczne z odpowiedziami, rzadkie imiona dla dziewczynek<\/p>\n<p>yyyyy<\/p>\n<p>&nbsp;<\/p>\n","protected":false},"excerpt":{"rendered":"<p>Puzzle &#8211; \u0141a\u0144cuchZabawka sk\u0142ada si\u0119 z 16 tabliczek, na kt\u00f3rych znajduj\u0105 si\u0119 po\u0142\u00f3wki dw\u00f3ch r\u00f3\u017cnych zwierz\u0105t. Zabawa polega na tym, by z roz\u0142o\u017conych i wymieszanych tabliczek u\u0142o\u017cy\u0107 \u0142a\u0144cuch zwierz\u0105t ustawionych w szeregu. Uk\u0142adanie nale\u017cy zacz\u0105\u0107 od tabliczki z napisem \u201eStart\u201d a sko\u0144czy\u0107 na tabliczcez napisem \u201eMeta\u201d. Utworzony szereg powinien tworzy\u0107 \u0142a\u0144cuch pe\u0142nych postaci zwierz\u0105t.Zawarto\u015b\u0107 opakowania: [&hellip;]<\/p>\n","protected":false},"featured_media":11048,"comment_status":"closed","ping_status":"open","template":"","meta":[],"product_cat":[246,90],"product_tag":[845,827,751],"class_list":["post-11047","product","type-product","status-publish","has-post-thumbnail","hentry","product_cat-alexander","product_cat-puzzle","product_tag-ach-spij-kochanie-tekst","product_tag-bajki-dla-niemowlat","product_tag-psi-patrol-kolorowanka"],"_links":{"self":[{"href":"http:\/\/klubmamgdynia.pl\/index.php\/wp-json\/wp\/v2\/product\/11047","targetHints":{"allow":["GET"]}}],"collection":[{"href":"http:\/\/klubmamgdynia.pl\/index.php\/wp-json\/wp\/v2\/product"}],"about":[{"href":"http:\/\/klubmamgdynia.pl\/index.php\/wp-json\/wp\/v2\/types\/product"}],"replies":[{"embeddable":true,"href":"http:\/\/klubmamgdynia.pl\/index.php\/wp-json\/wp\/v2\/comments?post=11047"}],"wp:featuredmedia":[{"embeddable":true,"href":"http:\/\/klubmamgdynia.pl\/index.php\/wp-json\/wp\/v2\/media\/11048"}],"wp:attachment":[{"href":"http:\/\/klubmamgdynia.pl\/index.php\/wp-json\/wp\/v2\/media?parent=11047"}],"wp:term":[{"taxonomy":"product_cat","embeddable":true,"href":"http:\/\/klubmamgdynia.pl\/index.php\/wp-json\/wp\/v2\/product_cat?post=11047"},{"taxonomy":"product_tag","embeddable":true,"href":"http:\/\/klubmamgdynia.pl\/index.php\/wp-json\/wp\/v2\/product_tag?post=11047"}],"curies":[{"name":"wp","href":"https:\/\/api.w.org\/{rel}","templated":true}]}}