{"id":11049,"date":"2020-11-01T08:58:49","date_gmt":"2020-11-01T07:58:49","guid":{"rendered":"http:\/\/klubmamgdynia.pl\/index.php\/produkt\/amos-bagaznik-dachowy-belki-do-vw-jetta-mk-v-20052010\/"},"modified":"2026-04-06T09:59:04","modified_gmt":"2026-04-06T07:59:04","slug":"amos-bagaznik-dachowy-belki-do-vw-jetta-mk-v-20052010","status":"publish","type":"product","link":"http:\/\/klubmamgdynia.pl\/index.php\/produkt\/amos-bagaznik-dachowy-belki-do-vw-jetta-mk-v-20052010\/","title":{"rendered":"Amos Baga\u017cnik Dachowy Belki Do Vw Jetta Mk V 20052010"},"content":{"rendered":"<p>Baga\u017cnik dachowy belki do Vw Jetta mk V 2005-2010<\/p>\n<h2>Amos Baga\u017cnik Dachowy Belki Do Vw Jetta Mk V 20052010 Amos<\/h2>\n<p>\u015bwi\u0119ta wielkanocne piosenka tekst, test szatan z si\u00f3dmej klasy, mia, bajki na dobranoc, kalina imi\u0119, prezent dla jedenastolatka<\/p>\n<p>yyyyy<\/p>\n<p>&nbsp;<\/p>\n","protected":false},"excerpt":{"rendered":"<p>Baga\u017cnik dachowy belki do Vw Jetta mk V 2005-2010 Amos Baga\u017cnik Dachowy Belki Do Vw Jetta Mk V 20052010 Amos \u015bwi\u0119ta wielkanocne piosenka tekst, test szatan z si\u00f3dmej klasy, mia, bajki na dobranoc, kalina imi\u0119, prezent dla jedenastolatka yyyyy &nbsp;<\/p>\n","protected":false},"featured_media":11050,"comment_status":"closed","ping_status":"open","template":"","meta":[],"product_cat":[1898,1925],"product_tag":[610,828,718,721],"class_list":["post-11049","product","type-product","status-publish","has-post-thumbnail","hentry","product_cat-amos","product_cat-bagazniki-bazowe","product_tag-co-na-prezent-dla-nastolatkow","product_tag-filmy-wigilijne-dla-dzieci","product_tag-prezent-na-roczek-dla-chrzesniaka","product_tag-zagadki-matematyczne"],"_links":{"self":[{"href":"http:\/\/klubmamgdynia.pl\/index.php\/wp-json\/wp\/v2\/product\/11049","targetHints":{"allow":["GET"]}}],"collection":[{"href":"http:\/\/klubmamgdynia.pl\/index.php\/wp-json\/wp\/v2\/product"}],"about":[{"href":"http:\/\/klubmamgdynia.pl\/index.php\/wp-json\/wp\/v2\/types\/product"}],"replies":[{"embeddable":true,"href":"http:\/\/klubmamgdynia.pl\/index.php\/wp-json\/wp\/v2\/comments?post=11049"}],"wp:featuredmedia":[{"embeddable":true,"href":"http:\/\/klubmamgdynia.pl\/index.php\/wp-json\/wp\/v2\/media\/11050"}],"wp:attachment":[{"href":"http:\/\/klubmamgdynia.pl\/index.php\/wp-json\/wp\/v2\/media?parent=11049"}],"wp:term":[{"taxonomy":"product_cat","embeddable":true,"href":"http:\/\/klubmamgdynia.pl\/index.php\/wp-json\/wp\/v2\/product_cat?post=11049"},{"taxonomy":"product_tag","embeddable":true,"href":"http:\/\/klubmamgdynia.pl\/index.php\/wp-json\/wp\/v2\/product_tag?post=11049"}],"curies":[{"name":"wp","href":"https:\/\/api.w.org\/{rel}","templated":true}]}}