{"id":11051,"date":"2018-12-05T02:44:16","date_gmt":"2018-12-05T01:44:16","guid":{"rendered":"http:\/\/klubmamgdynia.pl\/index.php\/produkt\/amos-cienkopis-schneider-line-up-zolty-neon-191064\/"},"modified":"2026-04-06T08:36:13","modified_gmt":"2026-04-06T06:36:13","slug":"amos-cienkopis-schneider-line-up-zolty-neon-191064","status":"publish","type":"product","link":"http:\/\/klubmamgdynia.pl\/index.php\/produkt\/amos-cienkopis-schneider-line-up-zolty-neon-191064\/","title":{"rendered":"Amos Cienkopis Schneider Line-Up \u017b\u00f3\u0142ty Neon 191064"},"content":{"rendered":"<p>cienkopis ze skuwk\u0105, obudowa wykonana w 88% z bio-plastkiu ergonomiczny, tr\u00f3jk\u0105tny kszta\u0142t pozwala na naturalny uchwyt gumowana obudowa gwarantuje komfort pisania fibrowa ko\u0144c\u00f3wka w pod\u0142u\u017cnej, solidnej, metalowej oprawie: \u0142atwa praca z szablonem lub linijk\u0105 cap off &#8211; tusz odporny na wysychanie (do 3 dni przy zdj\u0119tej skuwce) elementy obudowy w kolorze tuszu tusz na bazie wody skuwka wentylowana, idealnie przylegaj\u0105ca do nasady kod kreskowy umieszczony na ka\u017cdym produkcie dost\u0119pny w sumie w 30 kolorach (w tym 5 neonowych), grubo\u015b\u0107 linii pisania: 0,4mm<\/p>\n<h2>Amos Cienkopis Schneider Line-Up \u017b\u00f3\u0142ty Neon 191064 Amos<\/h2>\n<p>opowie\u015bci z narni lew czarownica i stara szafa test, po \u0142\u0105ce biega lato tekst, imi\u0119 nadia, kolorowanki jesie\u0144 do druku, zagadka logiczna, miko\u0142ajek test z lektury, kotek kolorowanka, kolorowanki dla ch\u0142opc\u00f3w, ostatni dzwonek tekst, kolorowanki super zings, quizy dla dzieci, przeczytaj mi wiersz, kolorowanki ninjago, prezent dla 14 latki, gra kulki, kolorowanka pies, warszawa atrakcje dla m\u0142odzie\u017cy, zagadki podchwytliwe, dary jesieni kolorowanki jesie\u0144<\/p>\n<p>yyyyy<\/p>\n<p>&nbsp;<\/p>\n","protected":false},"excerpt":{"rendered":"<p>cienkopis ze skuwk\u0105, obudowa wykonana w 88% z bio-plastkiu ergonomiczny, tr\u00f3jk\u0105tny kszta\u0142t pozwala na naturalny uchwyt gumowana obudowa gwarantuje komfort pisania fibrowa ko\u0144c\u00f3wka w pod\u0142u\u017cnej, solidnej, metalowej oprawie: \u0142atwa praca z szablonem lub linijk\u0105 cap off &#8211; tusz odporny na wysychanie (do 3 dni przy zdj\u0119tej skuwce) elementy obudowy w kolorze tuszu tusz na bazie [&hellip;]<\/p>\n","protected":false},"featured_media":11052,"comment_status":"closed","ping_status":"open","template":"","meta":[],"product_cat":[1898,962],"product_tag":[669,703,849],"class_list":["post-11051","product","type-product","status-publish","has-post-thumbnail","hentry","product_cat-amos","product_cat-szkolne-przybory-do-pisania","product_tag-kolorowanki","product_tag-prezent-dla-nastolatki","product_tag-zagadki-matematyczne-dla-dzieci"],"_links":{"self":[{"href":"http:\/\/klubmamgdynia.pl\/index.php\/wp-json\/wp\/v2\/product\/11051","targetHints":{"allow":["GET"]}}],"collection":[{"href":"http:\/\/klubmamgdynia.pl\/index.php\/wp-json\/wp\/v2\/product"}],"about":[{"href":"http:\/\/klubmamgdynia.pl\/index.php\/wp-json\/wp\/v2\/types\/product"}],"replies":[{"embeddable":true,"href":"http:\/\/klubmamgdynia.pl\/index.php\/wp-json\/wp\/v2\/comments?post=11051"}],"wp:featuredmedia":[{"embeddable":true,"href":"http:\/\/klubmamgdynia.pl\/index.php\/wp-json\/wp\/v2\/media\/11052"}],"wp:attachment":[{"href":"http:\/\/klubmamgdynia.pl\/index.php\/wp-json\/wp\/v2\/media?parent=11051"}],"wp:term":[{"taxonomy":"product_cat","embeddable":true,"href":"http:\/\/klubmamgdynia.pl\/index.php\/wp-json\/wp\/v2\/product_cat?post=11051"},{"taxonomy":"product_tag","embeddable":true,"href":"http:\/\/klubmamgdynia.pl\/index.php\/wp-json\/wp\/v2\/product_tag?post=11051"}],"curies":[{"name":"wp","href":"https:\/\/api.w.org\/{rel}","templated":true}]}}