{"id":11055,"date":"2020-09-24T15:19:44","date_gmt":"2020-09-24T13:19:44","guid":{"rendered":"http:\/\/klubmamgdynia.pl\/index.php\/produkt\/kids-euroswan-parasolka-frozen-przezroczysta-wd21899\/"},"modified":"2026-04-22T22:30:27","modified_gmt":"2026-04-22T20:30:27","slug":"kids-euroswan-parasolka-frozen-przezroczysta-wd21899","status":"publish","type":"product","link":"http:\/\/klubmamgdynia.pl\/index.php\/produkt\/kids-euroswan-parasolka-frozen-przezroczysta-wd21899\/","title":{"rendered":"Kids Euroswan Parasolka Frozen przezroczysta WD21899"},"content":{"rendered":"<h2>Kids Euroswan Parasolka Frozen przezroczysta WD21899 Kids Euroswan<\/h2>\n<p>dzien matki cytaty, bajka o kreciku, spongebob kolorowanka, kolorowanki \u015bwi\u0105teczne do wydruku, dobre \u017carty na prima aprilis, marcel imie, dzie\u0144 pluszowego misia 2021, quiz o flagach europy, \u0142amig\u0142\u00f3wki dla dzieci, lol do druku, piosenka na dzie\u0144 nauczyciela przedszkole, rzadkie imiona dla dziewczynek, znajd\u017a r\u00f3\u017cnice do druku, mini zoo \u015bl\u0105sk, marcel imi\u0119, m\u0105dre cytaty dla dzieci, podchwytliwe zagadki<\/p>\n<p>yyyyy<\/p>\n<p>&nbsp;<\/p>\n","protected":false},"excerpt":{"rendered":"<p>Kids Euroswan Parasolka Frozen przezroczysta WD21899 Kids Euroswan dzien matki cytaty, bajka o kreciku, spongebob kolorowanka, kolorowanki \u015bwi\u0105teczne do wydruku, dobre \u017carty na prima aprilis, marcel imie, dzie\u0144 pluszowego misia 2021, quiz o flagach europy, \u0142amig\u0142\u00f3wki dla dzieci, lol do druku, piosenka na dzie\u0144 nauczyciela przedszkole, rzadkie imiona dla dziewczynek, znajd\u017a r\u00f3\u017cnice do druku, mini [&hellip;]<\/p>\n","protected":false},"featured_media":11056,"comment_status":"closed","ping_status":"open","template":"","meta":[],"product_cat":[1103,260],"product_tag":[680,651,830],"class_list":["post-11055","product","type-product","status-publish","has-post-thumbnail","hentry","product_cat-kids-euroswan","product_cat-pozostale-akcesoria-dzieciece","product_tag-cytaty-z-malego-ksiecia","product_tag-quizy-online","product_tag-rodzina-cytaty"],"_links":{"self":[{"href":"http:\/\/klubmamgdynia.pl\/index.php\/wp-json\/wp\/v2\/product\/11055","targetHints":{"allow":["GET"]}}],"collection":[{"href":"http:\/\/klubmamgdynia.pl\/index.php\/wp-json\/wp\/v2\/product"}],"about":[{"href":"http:\/\/klubmamgdynia.pl\/index.php\/wp-json\/wp\/v2\/types\/product"}],"replies":[{"embeddable":true,"href":"http:\/\/klubmamgdynia.pl\/index.php\/wp-json\/wp\/v2\/comments?post=11055"}],"wp:featuredmedia":[{"embeddable":true,"href":"http:\/\/klubmamgdynia.pl\/index.php\/wp-json\/wp\/v2\/media\/11056"}],"wp:attachment":[{"href":"http:\/\/klubmamgdynia.pl\/index.php\/wp-json\/wp\/v2\/media?parent=11055"}],"wp:term":[{"taxonomy":"product_cat","embeddable":true,"href":"http:\/\/klubmamgdynia.pl\/index.php\/wp-json\/wp\/v2\/product_cat?post=11055"},{"taxonomy":"product_tag","embeddable":true,"href":"http:\/\/klubmamgdynia.pl\/index.php\/wp-json\/wp\/v2\/product_tag?post=11055"}],"curies":[{"name":"wp","href":"https:\/\/api.w.org\/{rel}","templated":true}]}}