{"id":11057,"date":"2018-09-19T09:44:29","date_gmt":"2018-09-19T07:44:29","guid":{"rendered":"http:\/\/klubmamgdynia.pl\/index.php\/produkt\/sambro-psi-patrol-zestaw-do-rysowania-i-malowania-paw\/"},"modified":"2026-04-05T18:49:16","modified_gmt":"2026-04-05T16:49:16","slug":"sambro-psi-patrol-zestaw-do-rysowania-i-malowania-paw","status":"publish","type":"product","link":"http:\/\/klubmamgdynia.pl\/index.php\/produkt\/sambro-psi-patrol-zestaw-do-rysowania-i-malowania-paw\/","title":{"rendered":"Sambro Psi Patrol Zestaw Do Rysowania I Malowania. Paw"},"content":{"rendered":"<p>Zestaw w walizce do malowania dla ma\u0142ego artysty inspirowany bajk\u0105 Psi Patrol. Doskona\u0142y dla ka\u017cdego dziecka, kt\u00f3re lubi malowa\u0107, rysowa\u0107.Zestaw w walizce do malowania dla ma\u0142ego artysty inspirowany bajk\u0105 Psi Patrol. Doskona\u0142y dla ka\u017cdego dziecka, kt\u00f3re lubi malowa\u0107, rysowa\u0107. Malowanie pobudza dzieci\u0119c\u0105 kreatywno\u015b\u0107. Dzieci lubi\u0105 r\u00f3wnie\u017c przenosi\u0107 swoje uczucia na kartk\u0119 papieru. Wizerunek bohaterskich psiak\u00f3w dodatkowo zach\u0119ci ma\u0142ych fan\u00f3w bajki do kreatywnej zabawy. Dzi\u0119ki zamocowanej r\u0105czce dziecko mo\u017ce zabra\u0107 sw\u00f3j zestaw w ka\u017cd\u0105 podr\u00f3\u017c.W zestawie:- 8 kredek \u015bwiecowych- 8 flamastr\u00f3w- naklejki- 5 kredek o\u0142\u00f3wkowych- 2 o\u0142\u00f3wki- p\u0119dzelek- gumka- temper\u00f3wka- linijka- 8 farb akwarelowychWiek: 2+<\/p>\n<h2>Sambro Psi Patrol Zestaw Do Rysowania I Malowania. Paw Sambro<\/h2>\n<p>wiosenna kolorowanka, pomysly na prima aprilis, pomys\u0142y na roczek, po\u0142\u0105cz kropki do wydruku pdf, koty kolorowanki, daniel imie, dzieci cytaty, szablony do wyklejania plastelin\u0105, cytaty o nauczycielach, pierniki na bo\u017ce narodzenie, filmy wigilijne dla dzieci, poczytaj mi wiersz, prezent dla jedenastolatki, glupie zagadki, malowanki do druku, wiosna zagadki s\u0142owne, z\u0142ote my\u015bli cytaty o szkole i nauce, lody kolorowanka, co oznacza jordan, mia i ja kolorowanka<\/p>\n<p>yyyyy<\/p>\n<p>&nbsp;<\/p>\n","protected":false},"excerpt":{"rendered":"<p>Zestaw w walizce do malowania dla ma\u0142ego artysty inspirowany bajk\u0105 Psi Patrol. Doskona\u0142y dla ka\u017cdego dziecka, kt\u00f3re lubi malowa\u0107, rysowa\u0107.Zestaw w walizce do malowania dla ma\u0142ego artysty inspirowany bajk\u0105 Psi Patrol. Doskona\u0142y dla ka\u017cdego dziecka, kt\u00f3re lubi malowa\u0107, rysowa\u0107. Malowanie pobudza dzieci\u0119c\u0105 kreatywno\u015b\u0107. Dzieci lubi\u0105 r\u00f3wnie\u017c przenosi\u0107 swoje uczucia na kartk\u0119 papieru. Wizerunek bohaterskich psiak\u00f3w [&hellip;]<\/p>\n","protected":false},"featured_media":11058,"comment_status":"closed","ping_status":"open","template":"","meta":[],"product_cat":[1867,297],"product_tag":[704,651,608],"class_list":["post-11057","product","type-product","status-publish","has-post-thumbnail","hentry","product_cat-sambro","product_cat-szkolne-artykuly-plastyczne","product_tag-prezent-dla-nastolatka","product_tag-quizy-online","product_tag-zagadki-i-odpowiedzi"],"_links":{"self":[{"href":"http:\/\/klubmamgdynia.pl\/index.php\/wp-json\/wp\/v2\/product\/11057","targetHints":{"allow":["GET"]}}],"collection":[{"href":"http:\/\/klubmamgdynia.pl\/index.php\/wp-json\/wp\/v2\/product"}],"about":[{"href":"http:\/\/klubmamgdynia.pl\/index.php\/wp-json\/wp\/v2\/types\/product"}],"replies":[{"embeddable":true,"href":"http:\/\/klubmamgdynia.pl\/index.php\/wp-json\/wp\/v2\/comments?post=11057"}],"wp:featuredmedia":[{"embeddable":true,"href":"http:\/\/klubmamgdynia.pl\/index.php\/wp-json\/wp\/v2\/media\/11058"}],"wp:attachment":[{"href":"http:\/\/klubmamgdynia.pl\/index.php\/wp-json\/wp\/v2\/media?parent=11057"}],"wp:term":[{"taxonomy":"product_cat","embeddable":true,"href":"http:\/\/klubmamgdynia.pl\/index.php\/wp-json\/wp\/v2\/product_cat?post=11057"},{"taxonomy":"product_tag","embeddable":true,"href":"http:\/\/klubmamgdynia.pl\/index.php\/wp-json\/wp\/v2\/product_tag?post=11057"}],"curies":[{"name":"wp","href":"https:\/\/api.w.org\/{rel}","templated":true}]}}